{"id":3953,"date":"2023-08-02T11:24:46","date_gmt":"2023-08-02T11:24:46","guid":{"rendered":"https:\/\/fuecapilar.com\/?page_id=3953"},"modified":"2025-05-20T09:36:30","modified_gmt":"2025-05-20T09:36:30","slug":"dr-gokhan-gur","status":"publish","type":"page","link":"https:\/\/fuecapilar.com\/de\/dr-gokhan-gur\/","title":{"rendered":"Dr. Gokhan Gur"},"content":{"rendered":"\t\t<div data-elementor-type=\"wp-page\" data-elementor-id=\"3953\" class=\"elementor elementor-3953 elementor-371\" data-elementor-post-type=\"page\">\n\t\t\t\t\t\t<section class=\"elementor-section elementor-top-section elementor-element elementor-element-8d60efc elementor-section-boxed elementor-section-height-default elementor-section-height-default\" data-id=\"8d60efc\" data-element_type=\"section\" data-e-type=\"section\">\n\t\t\t\t\t\t<div class=\"elementor-container elementor-column-gap-default\">\n\t\t\t\t\t<div class=\"elementor-column elementor-col-50 elementor-top-column elementor-element elementor-element-492f6e6\" data-id=\"492f6e6\" data-element_type=\"column\" data-e-type=\"column\">\n\t\t\t<div class=\"elementor-widget-wrap elementor-element-populated\">\n\t\t\t\t\t\t<div class=\"elementor-element elementor-element-ee36045 e-transform elementor-widget elementor-widget-image\" data-id=\"ee36045\" data-element_type=\"widget\" data-e-type=\"widget\" data-settings=\"{&quot;_transform_scale_effect&quot;:{&quot;unit&quot;:&quot;px&quot;,&quot;size&quot;:2,&quot;sizes&quot;:[]},&quot;_transform_scale_effect_mobile&quot;:{&quot;unit&quot;:&quot;px&quot;,&quot;size&quot;:1.3,&quot;sizes&quot;:[]},&quot;_transform_scale_effect_tablet&quot;:{&quot;unit&quot;:&quot;px&quot;,&quot;size&quot;:&quot;&quot;,&quot;sizes&quot;:[]}}\" data-widget_type=\"image.default\">\n\t\t\t\t<div class=\"elementor-widget-container\">\n\t\t\t\t\t\t\t\t\t\t\t\t\t\t\t<img fetchpriority=\"high\" decoding=\"async\" width=\"900\" height=\"929\" src=\"https:\/\/fuecapilar.com\/wp-content\/uploads\/2023\/08\/dr-gur-sq-1.png\" class=\"attachment-large size-large wp-image-1367\" alt=\"\" srcset=\"https:\/\/fuecapilar.com\/wp-content\/uploads\/2023\/08\/dr-gur-sq-1.png 900w, https:\/\/fuecapilar.com\/wp-content\/uploads\/2023\/08\/dr-gur-sq-1-291x300.png 291w, https:\/\/fuecapilar.com\/wp-content\/uploads\/2023\/08\/dr-gur-sq-1-768x793.png 768w\" sizes=\"(max-width: 900px) 100vw, 900px\" \/>\t\t\t\t\t\t\t\t\t\t\t\t\t\t\t<\/div>\n\t\t\t\t<\/div>\n\t\t\t\t\t<\/div>\n\t\t<\/div>\n\t\t\t\t<div class=\"elementor-column elementor-col-50 elementor-top-column elementor-element elementor-element-f51a38a\" data-id=\"f51a38a\" data-element_type=\"column\" data-e-type=\"column\" data-settings=\"{&quot;background_background&quot;:&quot;classic&quot;}\">\n\t\t\t<div class=\"elementor-widget-wrap elementor-element-populated\">\n\t\t\t\t\t\t<div class=\"elementor-element elementor-element-3942464 elementor-widget elementor-widget-heading\" data-id=\"3942464\" data-element_type=\"widget\" data-e-type=\"widget\" data-widget_type=\"heading.default\">\n\t\t\t\t<div class=\"elementor-widget-container\">\n\t\t\t\t\t<h2 class=\"elementor-heading-title elementor-size-default\">Chirurg G\u00f6khan G\u00fcr - Kanal\u00f6ffnung Spezialist\n<\/h2>\t\t\t\t<\/div>\n\t\t\t\t<\/div>\n\t\t\t\t<div class=\"elementor-element elementor-element-3b94efd elementor-widget elementor-widget-text-editor\" data-id=\"3b94efd\" data-element_type=\"widget\" data-e-type=\"widget\" data-widget_type=\"text-editor.default\">\n\t\t\t\t<div class=\"elementor-widget-container\">\n\t\t\t\t\t\t\t\t\t<p><span style=\"font-weight: 400;\">Chirurg G\u00f6khan G\u00fcr ist ein gelobter und erfahrener t\u00fcrkischer Arzt und ehemaliger Pionier in der t\u00fcrkischen Haarwiederherstellungs-Branche. In den letzten 20 Jahren hat er pers\u00f6nlich \u00fcber 3000 Haartransplantationen mit der <\/span><a href=\"https:\/\/www.fuecapilar.com\/en\/all-about-hair\/hair-implant-by-fue-technique\/\"><span style=\"font-weight: 400;\">FUE-Technik<\/span><\/a><span style=\"font-weight: 400;\"> durchgef\u00fchrt.<\/span><\/p><p><span style=\"font-weight: 400;\">Arzt G\u00fcr schloss sein Studium an der <\/span><a href=\"http:\/\/www.gantep.edu.tr\/en\/\"><span style=\"font-weight: 400;\">Gaziantep Universit\u00e4t<\/span><\/a><span style=\"font-weight: 400;\">, Fakult\u00e4t f\u00fcr Medizin im Jahr 1994 ab. Von 1995 bis 2003 arbeitete er im staatlichen Krankenhaus von Aksaray und in der Haymana-Notfallmedizin in Ankara, wo er \u00fcber 5000 Notf\u00e4lle und medizinische F\u00e4lle behandelte.<\/span><\/p><p><span style=\"font-weight: 400;\">Im Jahr 2003 begann er seine Haartransplantations-Karriere in Ankara. Zwischen 2003 und 2011 durchf\u00fchrte er \u00fcber 1200 Haartransplantationen, davon \u00fcber 40 K\u00f6rperhaartransplantationen. Dazu noch 200 medizinische Behandlungen gegen Haarausfall. Im Jahr 2011 brachte er seine Erfahrungen und Dienstleistungen nach Istanbul und f\u00fchrte in den folgenden drei Jahren mehr als 600 FUE-Haartransplantationen, mehr als 100 medizinische Behandlungen gegen Haarausfall und mehr als 30 K\u00f6rperhaartransplantationen durch. Seit 2014 ist er selbst\u00e4ndig in seiner eigenen Privatklinik und k\u00fcmmert sich von dort \u00fcber die Bed\u00fcrfnisse seiner Patienten.<\/span><\/p><p><span style=\"font-weight: 400;\">Chirurg G\u00fcr ist einer der ersten Vertreter der FUE-Technik in der T\u00fcrkei. Er ist Mitglied der Turkish Medical Doctors Association und der Turkish Medical Aesthetic Association und ein <\/span><b>empfohlener Arzt des Hair Restoration Network<\/b><span style=\"font-weight: 400;\">. Bis April 2020 war er auch Mitglied der International Society of Hair Restoration Surgery (ISHRS).<\/span><\/p>\t\t\t\t\t\t\t\t<\/div>\n\t\t\t\t<\/div>\n\t\t\t\t\t<\/div>\n\t\t<\/div>\n\t\t\t\t\t<\/div>\n\t\t<\/section>\n\t\t\t\t<\/div>\n\t\t","protected":false},"excerpt":{"rendered":"<p>Chirurg G\u00f6khan G\u00fcr &#8211; Kanal\u00f6ffnung Spezialist Chirurg G\u00f6khan G\u00fcr ist ein gelobter und erfahrener t\u00fcrkischer Arzt und ehemaliger Pionier in der t\u00fcrkischen Haarwiederherstellungs-Branche. In den letzten 20 Jahren hat er pers\u00f6nlich \u00fcber 3000 Haartransplantationen mit der FUE-Technik durchgef\u00fchrt. Arzt G\u00fcr schloss sein Studium an der Gaziantep Universit\u00e4t, Fakult\u00e4t f\u00fcr Medizin im Jahr 1994 ab. Von [&hellip;]<\/p>\n","protected":false},"author":1,"featured_media":0,"parent":0,"menu_order":0,"comment_status":"closed","ping_status":"closed","template":"","meta":{"site-sidebar-layout":"no-sidebar","site-content-layout":"page-builder","ast-site-content-layout":"","site-content-style":"default","site-sidebar-style":"default","ast-global-header-display":"","ast-banner-title-visibility":"","ast-main-header-display":"","ast-hfb-above-header-display":"","ast-hfb-below-header-display":"","ast-hfb-mobile-header-display":"","site-post-title":"disabled","ast-breadcrumbs-content":"","ast-featured-img":"disabled","footer-sml-layout":"","theme-transparent-header-meta":"","adv-header-id-meta":"","stick-header-meta":"","header-above-stick-meta":"","header-main-stick-meta":"","header-below-stick-meta":"","astra-migrate-meta-layouts":"set","ast-page-background-enabled":"default","ast-page-background-meta":{"desktop":{"background-color":"var(--ast-global-color-4)","background-image":"","background-repeat":"repeat","background-position":"center center","background-size":"auto","background-attachment":"scroll","background-type":"","background-media":"","overlay-type":"","overlay-color":"","overlay-opacity":"","overlay-gradient":""},"tablet":{"background-color":"","background-image":"","background-repeat":"repeat","background-position":"center center","background-size":"auto","background-attachment":"scroll","background-type":"","background-media":"","overlay-type":"","overlay-color":"","overlay-opacity":"","overlay-gradient":""},"mobile":{"background-color":"","background-image":"","background-repeat":"repeat","background-position":"center center","background-size":"auto","background-attachment":"scroll","background-type":"","background-media":"","overlay-type":"","overlay-color":"","overlay-opacity":"","overlay-gradient":""}},"ast-content-background-meta":{"desktop":{"background-color":"var(--ast-global-color-5)","background-image":"","background-repeat":"repeat","background-position":"center center","background-size":"auto","background-attachment":"scroll","background-type":"","background-media":"","overlay-type":"","overlay-color":"","overlay-opacity":"","overlay-gradient":""},"tablet":{"background-color":"var(--ast-global-color-5)","background-image":"","background-repeat":"repeat","background-position":"center center","background-size":"auto","background-attachment":"scroll","background-type":"","background-media":"","overlay-type":"","overlay-color":"","overlay-opacity":"","overlay-gradient":""},"mobile":{"background-color":"var(--ast-global-color-5)","background-image":"","background-repeat":"repeat","background-position":"center center","background-size":"auto","background-attachment":"scroll","background-type":"","background-media":"","overlay-type":"","overlay-color":"","overlay-opacity":"","overlay-gradient":""}},"footnotes":""},"class_list":["post-3953","page","type-page","status-publish","hentry"],"yoast_head":"<!-- This site is optimized with the Yoast SEO plugin v27.4 - https:\/\/yoast.com\/product\/yoast-seo-wordpress\/ -->\n<title>Dr. Gokhan Gur - FUECAPILAR<\/title>\n<meta name=\"robots\" content=\"index, follow, max-snippet:-1, max-image-preview:large, max-video-preview:-1\" \/>\n<link rel=\"canonical\" href=\"https:\/\/fuecapilar.com\/de\/dr-gokhan-gur\/\" \/>\n<meta property=\"og:locale\" content=\"de_DE\" \/>\n<meta property=\"og:type\" content=\"article\" \/>\n<meta property=\"og:title\" content=\"Dr. Gokhan Gur - FUECAPILAR\" \/>\n<meta property=\"og:description\" content=\"Chirurg G\u00f6khan G\u00fcr &#8211; Kanal\u00f6ffnung Spezialist Chirurg G\u00f6khan G\u00fcr ist ein gelobter und erfahrener t\u00fcrkischer Arzt und ehemaliger Pionier in der t\u00fcrkischen Haarwiederherstellungs-Branche. In den letzten 20 Jahren hat er pers\u00f6nlich \u00fcber 3000 Haartransplantationen mit der FUE-Technik durchgef\u00fchrt. Arzt G\u00fcr schloss sein Studium an der Gaziantep Universit\u00e4t, Fakult\u00e4t f\u00fcr Medizin im Jahr 1994 ab. Von [&hellip;]\" \/>\n<meta property=\"og:url\" content=\"https:\/\/fuecapilar.com\/de\/dr-gokhan-gur\/\" \/>\n<meta property=\"og:site_name\" content=\"FUECAPILAR\" \/>\n<meta property=\"article:modified_time\" content=\"2025-05-20T09:36:30+00:00\" \/>\n<meta property=\"og:image\" content=\"https:\/\/fuecapilar.com\/wp-content\/uploads\/2023\/08\/dr-gur-sq-1.png\" \/>\n\t<meta property=\"og:image:width\" content=\"900\" \/>\n\t<meta property=\"og:image:height\" content=\"929\" \/>\n\t<meta property=\"og:image:type\" content=\"image\/png\" \/>\n<meta name=\"twitter:card\" content=\"summary_large_image\" \/>\n<meta name=\"twitter:label1\" content=\"Gesch\u00e4tzte Lesezeit\" \/>\n\t<meta name=\"twitter:data1\" content=\"2\u00a0Minuten\" \/>\n<script type=\"application\/ld+json\" class=\"yoast-schema-graph\">{\"@context\":\"https:\\\/\\\/schema.org\",\"@graph\":[{\"@type\":\"WebPage\",\"@id\":\"https:\\\/\\\/fuecapilar.com\\\/de\\\/dr-gokhan-gur\\\/\",\"url\":\"https:\\\/\\\/fuecapilar.com\\\/de\\\/dr-gokhan-gur\\\/\",\"name\":\"Dr. Gokhan Gur - FUECAPILAR\",\"isPartOf\":{\"@id\":\"https:\\\/\\\/fuecapilar.com\\\/#website\"},\"primaryImageOfPage\":{\"@id\":\"https:\\\/\\\/fuecapilar.com\\\/de\\\/dr-gokhan-gur\\\/#primaryimage\"},\"image\":{\"@id\":\"https:\\\/\\\/fuecapilar.com\\\/de\\\/dr-gokhan-gur\\\/#primaryimage\"},\"thumbnailUrl\":\"https:\\\/\\\/fuecapilar.com\\\/wp-content\\\/uploads\\\/2023\\\/08\\\/dr-gur-sq-1.png\",\"datePublished\":\"2023-08-02T11:24:46+00:00\",\"dateModified\":\"2025-05-20T09:36:30+00:00\",\"breadcrumb\":{\"@id\":\"https:\\\/\\\/fuecapilar.com\\\/de\\\/dr-gokhan-gur\\\/#breadcrumb\"},\"inLanguage\":\"de\",\"potentialAction\":[{\"@type\":\"ReadAction\",\"target\":[\"https:\\\/\\\/fuecapilar.com\\\/de\\\/dr-gokhan-gur\\\/\"]}]},{\"@type\":\"ImageObject\",\"inLanguage\":\"de\",\"@id\":\"https:\\\/\\\/fuecapilar.com\\\/de\\\/dr-gokhan-gur\\\/#primaryimage\",\"url\":\"https:\\\/\\\/fuecapilar.com\\\/wp-content\\\/uploads\\\/2023\\\/08\\\/dr-gur-sq-1.png\",\"contentUrl\":\"https:\\\/\\\/fuecapilar.com\\\/wp-content\\\/uploads\\\/2023\\\/08\\\/dr-gur-sq-1.png\"},{\"@type\":\"BreadcrumbList\",\"@id\":\"https:\\\/\\\/fuecapilar.com\\\/de\\\/dr-gokhan-gur\\\/#breadcrumb\",\"itemListElement\":[{\"@type\":\"ListItem\",\"position\":1,\"name\":\"Home\",\"item\":\"https:\\\/\\\/fuecapilar.com\\\/de\\\/home\\\/\"},{\"@type\":\"ListItem\",\"position\":2,\"name\":\"Dr. Gokhan Gur\"}]},{\"@type\":\"WebSite\",\"@id\":\"https:\\\/\\\/fuecapilar.com\\\/#website\",\"url\":\"https:\\\/\\\/fuecapilar.com\\\/\",\"name\":\"FUECAPILAR\",\"description\":\"Surgery performed by a surgeon\",\"publisher\":{\"@id\":\"https:\\\/\\\/fuecapilar.com\\\/#organization\"},\"potentialAction\":[{\"@type\":\"SearchAction\",\"target\":{\"@type\":\"EntryPoint\",\"urlTemplate\":\"https:\\\/\\\/fuecapilar.com\\\/?s={search_term_string}\"},\"query-input\":{\"@type\":\"PropertyValueSpecification\",\"valueRequired\":true,\"valueName\":\"search_term_string\"}}],\"inLanguage\":\"de\"},{\"@type\":\"Organization\",\"@id\":\"https:\\\/\\\/fuecapilar.com\\\/#organization\",\"name\":\"FUECAPILAR\",\"url\":\"https:\\\/\\\/fuecapilar.com\\\/\",\"logo\":{\"@type\":\"ImageObject\",\"inLanguage\":\"de\",\"@id\":\"https:\\\/\\\/fuecapilar.com\\\/#\\\/schema\\\/logo\\\/image\\\/\",\"url\":\"https:\\\/\\\/fuecapilar.com\\\/wp-content\\\/uploads\\\/2023\\\/04\\\/fuecapilar-logo.png\",\"contentUrl\":\"https:\\\/\\\/fuecapilar.com\\\/wp-content\\\/uploads\\\/2023\\\/04\\\/fuecapilar-logo.png\",\"width\":400,\"height\":85,\"caption\":\"FUECAPILAR\"},\"image\":{\"@id\":\"https:\\\/\\\/fuecapilar.com\\\/#\\\/schema\\\/logo\\\/image\\\/\"}}]}<\/script>\n<!-- \/ Yoast SEO plugin. -->","yoast_head_json":{"title":"Dr. Gokhan Gur - FUECAPILAR","robots":{"index":"index","follow":"follow","max-snippet":"max-snippet:-1","max-image-preview":"max-image-preview:large","max-video-preview":"max-video-preview:-1"},"canonical":"https:\/\/fuecapilar.com\/de\/dr-gokhan-gur\/","og_locale":"de_DE","og_type":"article","og_title":"Dr. Gokhan Gur - FUECAPILAR","og_description":"Chirurg G\u00f6khan G\u00fcr &#8211; Kanal\u00f6ffnung Spezialist Chirurg G\u00f6khan G\u00fcr ist ein gelobter und erfahrener t\u00fcrkischer Arzt und ehemaliger Pionier in der t\u00fcrkischen Haarwiederherstellungs-Branche. In den letzten 20 Jahren hat er pers\u00f6nlich \u00fcber 3000 Haartransplantationen mit der FUE-Technik durchgef\u00fchrt. Arzt G\u00fcr schloss sein Studium an der Gaziantep Universit\u00e4t, Fakult\u00e4t f\u00fcr Medizin im Jahr 1994 ab. Von [&hellip;]","og_url":"https:\/\/fuecapilar.com\/de\/dr-gokhan-gur\/","og_site_name":"FUECAPILAR","article_modified_time":"2025-05-20T09:36:30+00:00","og_image":[{"width":900,"height":929,"url":"https:\/\/fuecapilar.com\/wp-content\/uploads\/2023\/08\/dr-gur-sq-1.png","type":"image\/png"}],"twitter_card":"summary_large_image","twitter_misc":{"Gesch\u00e4tzte Lesezeit":"2\u00a0Minuten"},"schema":{"@context":"https:\/\/schema.org","@graph":[{"@type":"WebPage","@id":"https:\/\/fuecapilar.com\/de\/dr-gokhan-gur\/","url":"https:\/\/fuecapilar.com\/de\/dr-gokhan-gur\/","name":"Dr. Gokhan Gur - FUECAPILAR","isPartOf":{"@id":"https:\/\/fuecapilar.com\/#website"},"primaryImageOfPage":{"@id":"https:\/\/fuecapilar.com\/de\/dr-gokhan-gur\/#primaryimage"},"image":{"@id":"https:\/\/fuecapilar.com\/de\/dr-gokhan-gur\/#primaryimage"},"thumbnailUrl":"https:\/\/fuecapilar.com\/wp-content\/uploads\/2023\/08\/dr-gur-sq-1.png","datePublished":"2023-08-02T11:24:46+00:00","dateModified":"2025-05-20T09:36:30+00:00","breadcrumb":{"@id":"https:\/\/fuecapilar.com\/de\/dr-gokhan-gur\/#breadcrumb"},"inLanguage":"de","potentialAction":[{"@type":"ReadAction","target":["https:\/\/fuecapilar.com\/de\/dr-gokhan-gur\/"]}]},{"@type":"ImageObject","inLanguage":"de","@id":"https:\/\/fuecapilar.com\/de\/dr-gokhan-gur\/#primaryimage","url":"https:\/\/fuecapilar.com\/wp-content\/uploads\/2023\/08\/dr-gur-sq-1.png","contentUrl":"https:\/\/fuecapilar.com\/wp-content\/uploads\/2023\/08\/dr-gur-sq-1.png"},{"@type":"BreadcrumbList","@id":"https:\/\/fuecapilar.com\/de\/dr-gokhan-gur\/#breadcrumb","itemListElement":[{"@type":"ListItem","position":1,"name":"Home","item":"https:\/\/fuecapilar.com\/de\/home\/"},{"@type":"ListItem","position":2,"name":"Dr. Gokhan Gur"}]},{"@type":"WebSite","@id":"https:\/\/fuecapilar.com\/#website","url":"https:\/\/fuecapilar.com\/","name":"FUECAPILAR","description":"Surgery performed by a surgeon","publisher":{"@id":"https:\/\/fuecapilar.com\/#organization"},"potentialAction":[{"@type":"SearchAction","target":{"@type":"EntryPoint","urlTemplate":"https:\/\/fuecapilar.com\/?s={search_term_string}"},"query-input":{"@type":"PropertyValueSpecification","valueRequired":true,"valueName":"search_term_string"}}],"inLanguage":"de"},{"@type":"Organization","@id":"https:\/\/fuecapilar.com\/#organization","name":"FUECAPILAR","url":"https:\/\/fuecapilar.com\/","logo":{"@type":"ImageObject","inLanguage":"de","@id":"https:\/\/fuecapilar.com\/#\/schema\/logo\/image\/","url":"https:\/\/fuecapilar.com\/wp-content\/uploads\/2023\/04\/fuecapilar-logo.png","contentUrl":"https:\/\/fuecapilar.com\/wp-content\/uploads\/2023\/04\/fuecapilar-logo.png","width":400,"height":85,"caption":"FUECAPILAR"},"image":{"@id":"https:\/\/fuecapilar.com\/#\/schema\/logo\/image\/"}}]}},"_links":{"self":[{"href":"https:\/\/fuecapilar.com\/de\/wp-json\/wp\/v2\/pages\/3953","targetHints":{"allow":["GET"]}}],"collection":[{"href":"https:\/\/fuecapilar.com\/de\/wp-json\/wp\/v2\/pages"}],"about":[{"href":"https:\/\/fuecapilar.com\/de\/wp-json\/wp\/v2\/types\/page"}],"author":[{"embeddable":true,"href":"https:\/\/fuecapilar.com\/de\/wp-json\/wp\/v2\/users\/1"}],"replies":[{"embeddable":true,"href":"https:\/\/fuecapilar.com\/de\/wp-json\/wp\/v2\/comments?post=3953"}],"version-history":[{"count":4,"href":"https:\/\/fuecapilar.com\/de\/wp-json\/wp\/v2\/pages\/3953\/revisions"}],"predecessor-version":[{"id":3957,"href":"https:\/\/fuecapilar.com\/de\/wp-json\/wp\/v2\/pages\/3953\/revisions\/3957"}],"wp:attachment":[{"href":"https:\/\/fuecapilar.com\/de\/wp-json\/wp\/v2\/media?parent=3953"}],"curies":[{"name":"wp","href":"https:\/\/api.w.org\/{rel}","templated":true}]}}