{"id":3958,"date":"2023-08-02T11:40:54","date_gmt":"2023-08-02T11:40:54","guid":{"rendered":"https:\/\/fuecapilar.com\/?page_id=3958"},"modified":"2025-05-20T09:41:04","modified_gmt":"2025-05-20T09:41:04","slug":"chirurg-dogan-turan","status":"publish","type":"page","link":"https:\/\/fuecapilar.com\/de\/chirurg-dogan-turan\/","title":{"rendered":"Chirurg Dogan Turan"},"content":{"rendered":"\t\t<div data-elementor-type=\"wp-page\" data-elementor-id=\"3958\" class=\"elementor elementor-3958 elementor-381\" data-elementor-post-type=\"page\">\n\t\t\t\t\t\t<section class=\"elementor-section elementor-top-section elementor-element elementor-element-1fe4d38f elementor-section-boxed elementor-section-height-default elementor-section-height-default\" data-id=\"1fe4d38f\" data-element_type=\"section\" data-e-type=\"section\">\n\t\t\t\t\t\t<div class=\"elementor-container elementor-column-gap-default\">\n\t\t\t\t\t<div class=\"elementor-column elementor-col-50 elementor-top-column elementor-element elementor-element-19a26498\" data-id=\"19a26498\" data-element_type=\"column\" data-e-type=\"column\">\n\t\t\t<div class=\"elementor-widget-wrap elementor-element-populated\">\n\t\t\t\t\t\t<div class=\"elementor-element elementor-element-7afe0a7c e-transform elementor-widget elementor-widget-image\" data-id=\"7afe0a7c\" data-element_type=\"widget\" data-e-type=\"widget\" data-settings=\"{&quot;_transform_scale_effect&quot;:{&quot;unit&quot;:&quot;px&quot;,&quot;size&quot;:2,&quot;sizes&quot;:[]},&quot;_transform_scale_effect_mobile&quot;:{&quot;unit&quot;:&quot;px&quot;,&quot;size&quot;:1.3,&quot;sizes&quot;:[]},&quot;_transform_scale_effect_tablet&quot;:{&quot;unit&quot;:&quot;px&quot;,&quot;size&quot;:&quot;&quot;,&quot;sizes&quot;:[]}}\" data-widget_type=\"image.default\">\n\t\t\t\t<div class=\"elementor-widget-container\">\n\t\t\t\t\t\t\t\t\t\t\t\t\t\t\t<img fetchpriority=\"high\" decoding=\"async\" width=\"900\" height=\"929\" src=\"https:\/\/fuecapilar.com\/wp-content\/uploads\/2023\/08\/dr-turan-sq-1.png\" class=\"attachment-large size-large wp-image-1375\" alt=\"\" srcset=\"https:\/\/fuecapilar.com\/wp-content\/uploads\/2023\/08\/dr-turan-sq-1.png 900w, https:\/\/fuecapilar.com\/wp-content\/uploads\/2023\/08\/dr-turan-sq-1-291x300.png 291w, https:\/\/fuecapilar.com\/wp-content\/uploads\/2023\/08\/dr-turan-sq-1-768x793.png 768w\" sizes=\"(max-width: 900px) 100vw, 900px\" \/>\t\t\t\t\t\t\t\t\t\t\t\t\t\t\t<\/div>\n\t\t\t\t<\/div>\n\t\t\t\t\t<\/div>\n\t\t<\/div>\n\t\t\t\t<div class=\"elementor-column elementor-col-50 elementor-top-column elementor-element elementor-element-44877b2e\" data-id=\"44877b2e\" data-element_type=\"column\" data-e-type=\"column\" data-settings=\"{&quot;background_background&quot;:&quot;classic&quot;}\">\n\t\t\t<div class=\"elementor-widget-wrap elementor-element-populated\">\n\t\t\t\t\t\t<div class=\"elementor-element elementor-element-9bfeacd elementor-widget elementor-widget-heading\" data-id=\"9bfeacd\" data-element_type=\"widget\" data-e-type=\"widget\" data-widget_type=\"heading.default\">\n\t\t\t\t<div class=\"elementor-widget-container\">\n\t\t\t\t\t<h2 class=\"elementor-heading-title elementor-size-default\">DHI Experte, Medizinischer Direktor und Miteigent\u00fcmer von FUECAPILAR\n<\/h2>\t\t\t\t<\/div>\n\t\t\t\t<\/div>\n\t\t\t\t<div class=\"elementor-element elementor-element-247572fd elementor-widget elementor-widget-text-editor\" data-id=\"247572fd\" data-element_type=\"widget\" data-e-type=\"widget\" data-widget_type=\"text-editor.default\">\n\t\t\t\t<div class=\"elementor-widget-container\">\n\t\t\t\t\t\t\t\t\t<p><span style=\"font-weight: 400;\">Chirurg Dogan Turan absolvierte sein Studium 1986 an der Istanbuler <\/span><span style=\"font-weight: 400;\">Medizinischen Fakult\u00e4t<\/span><span style=\"font-weight: 400;\">. Nach Vollendung seines Wehrdienstes begann er seine Karriere in seiner Heimatstadt Izmir. Dort gr\u00fcndete er 1999 \u201cDeniz Private Medical Center\u201d sowie \u201cDeniz Hair Transplant Center\u201d wo er als medizinischer \u00c4sthetiker bis 2006 arbeitete. Von 2001 bis 2005 arbeitete er als leitender Chirurg in der Generaldirektion der Gesundheitsdienste f\u00fcr die Grenz- und K\u00fcstengebiete der T\u00fcrkei des t\u00fcrkischen Gesundheitsministeriums. Im Jahr 2005 gr\u00fcndete er das \u201cKar\u015f\u0131yaka \u00c7esav Medical Center\u201d in Izmir.<\/span><\/p><p><span style=\"font-weight: 400;\">2012 fuhr Chirurg Turan nach Istanbul, um dort seine Karriere fortzusetzen. Mit sich brach er sein Fachwissen und seine Erfahrung im Gebiet der Haartransplantations-Branche als Haartransplantations-Chirurg, medizinischer \u00c4sthetiker und General Manager. <\/span><b>Seit 2018 ist er medizinischer Leiter sowie Miteigent\u00fcmer von FUECAPILAR.<\/b><\/p><p><b>Er ist Mitglied der International Alliance of Hair Restoration Surgeons, des American Board of Hair Loss, des World Fue Institute und empfohlener Arzt des Hair Restoration Network und Belli Capelli.<\/b><\/p><p><span style=\"font-weight: 400;\">Arzt Turan hat seit 1999 mehr als 3500 Haartransplantationen bei Patienten aus der ganzen Welt durchgef\u00fchrt. Er ist einer der ersten \u00c4rzte in der T\u00fcrkei, die die Implanter-Stift-Methode anwenden.<\/span><\/p><p><span style=\"font-weight: 400;\">Chirurg Turan tritt dank seiner umfassenden Erfahrung und seines Wissens \u00fcber die Haartransplantations-Branche in nationalen Fernsehsendern wie TRT, Haber Turk, Turk Sky, Show TV und ATV Europe auf.<\/span><\/p>\t\t\t\t\t\t\t\t<\/div>\n\t\t\t\t<\/div>\n\t\t\t\t\t<\/div>\n\t\t<\/div>\n\t\t\t\t\t<\/div>\n\t\t<\/section>\n\t\t\t\t<\/div>\n\t\t","protected":false},"excerpt":{"rendered":"<p>DHI Experte, Medizinischer Direktor und Miteigent\u00fcmer von FUECAPILAR Chirurg Dogan Turan absolvierte sein Studium 1986 an der Istanbuler Medizinischen Fakult\u00e4t. Nach Vollendung seines Wehrdienstes begann er seine Karriere in seiner Heimatstadt Izmir. Dort gr\u00fcndete er 1999 \u201cDeniz Private Medical Center\u201d sowie \u201cDeniz Hair Transplant Center\u201d wo er als medizinischer \u00c4sthetiker bis 2006 arbeitete. Von 2001 [&hellip;]<\/p>\n","protected":false},"author":1,"featured_media":0,"parent":0,"menu_order":0,"comment_status":"closed","ping_status":"closed","template":"","meta":{"site-sidebar-layout":"no-sidebar","site-content-layout":"page-builder","ast-site-content-layout":"","site-content-style":"default","site-sidebar-style":"default","ast-global-header-display":"","ast-banner-title-visibility":"","ast-main-header-display":"","ast-hfb-above-header-display":"","ast-hfb-below-header-display":"","ast-hfb-mobile-header-display":"","site-post-title":"disabled","ast-breadcrumbs-content":"","ast-featured-img":"disabled","footer-sml-layout":"","theme-transparent-header-meta":"default","adv-header-id-meta":"","stick-header-meta":"","header-above-stick-meta":"","header-main-stick-meta":"","header-below-stick-meta":"","astra-migrate-meta-layouts":"set","ast-page-background-enabled":"default","ast-page-background-meta":{"desktop":{"background-color":"var(--ast-global-color-4)","background-image":"","background-repeat":"repeat","background-position":"center center","background-size":"auto","background-attachment":"scroll","background-type":"","background-media":"","overlay-type":"","overlay-color":"","overlay-opacity":"","overlay-gradient":""},"tablet":{"background-color":"","background-image":"","background-repeat":"repeat","background-position":"center center","background-size":"auto","background-attachment":"scroll","background-type":"","background-media":"","overlay-type":"","overlay-color":"","overlay-opacity":"","overlay-gradient":""},"mobile":{"background-color":"","background-image":"","background-repeat":"repeat","background-position":"center center","background-size":"auto","background-attachment":"scroll","background-type":"","background-media":"","overlay-type":"","overlay-color":"","overlay-opacity":"","overlay-gradient":""}},"ast-content-background-meta":{"desktop":{"background-color":"var(--ast-global-color-5)","background-image":"","background-repeat":"repeat","background-position":"center center","background-size":"auto","background-attachment":"scroll","background-type":"","background-media":"","overlay-type":"","overlay-color":"","overlay-opacity":"","overlay-gradient":""},"tablet":{"background-color":"var(--ast-global-color-5)","background-image":"","background-repeat":"repeat","background-position":"center center","background-size":"auto","background-attachment":"scroll","background-type":"","background-media":"","overlay-type":"","overlay-color":"","overlay-opacity":"","overlay-gradient":""},"mobile":{"background-color":"var(--ast-global-color-5)","background-image":"","background-repeat":"repeat","background-position":"center center","background-size":"auto","background-attachment":"scroll","background-type":"","background-media":"","overlay-type":"","overlay-color":"","overlay-opacity":"","overlay-gradient":""}},"footnotes":""},"class_list":["post-3958","page","type-page","status-publish","hentry"],"yoast_head":"<!-- This site is optimized with the Yoast SEO plugin v27.4 - https:\/\/yoast.com\/product\/yoast-seo-wordpress\/ -->\n<title>Chirurg Dogan Turan - FUECAPILAR<\/title>\n<meta name=\"robots\" content=\"index, follow, max-snippet:-1, max-image-preview:large, max-video-preview:-1\" \/>\n<link rel=\"canonical\" href=\"https:\/\/fuecapilar.com\/de\/chirurg-dogan-turan\/\" \/>\n<meta property=\"og:locale\" content=\"de_DE\" \/>\n<meta property=\"og:type\" content=\"article\" \/>\n<meta property=\"og:title\" content=\"Chirurg Dogan Turan - FUECAPILAR\" \/>\n<meta property=\"og:description\" content=\"DHI Experte, Medizinischer Direktor und Miteigent\u00fcmer von FUECAPILAR Chirurg Dogan Turan absolvierte sein Studium 1986 an der Istanbuler Medizinischen Fakult\u00e4t. Nach Vollendung seines Wehrdienstes begann er seine Karriere in seiner Heimatstadt Izmir. Dort gr\u00fcndete er 1999 \u201cDeniz Private Medical Center\u201d sowie \u201cDeniz Hair Transplant Center\u201d wo er als medizinischer \u00c4sthetiker bis 2006 arbeitete. Von 2001 [&hellip;]\" \/>\n<meta property=\"og:url\" content=\"https:\/\/fuecapilar.com\/de\/chirurg-dogan-turan\/\" \/>\n<meta property=\"og:site_name\" content=\"FUECAPILAR\" \/>\n<meta property=\"article:modified_time\" content=\"2025-05-20T09:41:04+00:00\" \/>\n<meta property=\"og:image\" content=\"https:\/\/fuecapilar.com\/wp-content\/uploads\/2023\/08\/dr-turan-sq-1.png\" \/>\n\t<meta property=\"og:image:width\" content=\"900\" \/>\n\t<meta property=\"og:image:height\" content=\"929\" \/>\n\t<meta property=\"og:image:type\" content=\"image\/png\" \/>\n<meta name=\"twitter:card\" content=\"summary_large_image\" \/>\n<meta name=\"twitter:label1\" content=\"Gesch\u00e4tzte Lesezeit\" \/>\n\t<meta name=\"twitter:data1\" content=\"2\u00a0Minuten\" \/>\n<script type=\"application\/ld+json\" class=\"yoast-schema-graph\">{\"@context\":\"https:\\\/\\\/schema.org\",\"@graph\":[{\"@type\":\"WebPage\",\"@id\":\"https:\\\/\\\/fuecapilar.com\\\/de\\\/chirurg-dogan-turan\\\/\",\"url\":\"https:\\\/\\\/fuecapilar.com\\\/de\\\/chirurg-dogan-turan\\\/\",\"name\":\"Chirurg Dogan Turan - FUECAPILAR\",\"isPartOf\":{\"@id\":\"https:\\\/\\\/fuecapilar.com\\\/#website\"},\"primaryImageOfPage\":{\"@id\":\"https:\\\/\\\/fuecapilar.com\\\/de\\\/chirurg-dogan-turan\\\/#primaryimage\"},\"image\":{\"@id\":\"https:\\\/\\\/fuecapilar.com\\\/de\\\/chirurg-dogan-turan\\\/#primaryimage\"},\"thumbnailUrl\":\"https:\\\/\\\/fuecapilar.com\\\/wp-content\\\/uploads\\\/2023\\\/08\\\/dr-turan-sq-1.png\",\"datePublished\":\"2023-08-02T11:40:54+00:00\",\"dateModified\":\"2025-05-20T09:41:04+00:00\",\"breadcrumb\":{\"@id\":\"https:\\\/\\\/fuecapilar.com\\\/de\\\/chirurg-dogan-turan\\\/#breadcrumb\"},\"inLanguage\":\"de\",\"potentialAction\":[{\"@type\":\"ReadAction\",\"target\":[\"https:\\\/\\\/fuecapilar.com\\\/de\\\/chirurg-dogan-turan\\\/\"]}]},{\"@type\":\"ImageObject\",\"inLanguage\":\"de\",\"@id\":\"https:\\\/\\\/fuecapilar.com\\\/de\\\/chirurg-dogan-turan\\\/#primaryimage\",\"url\":\"https:\\\/\\\/fuecapilar.com\\\/wp-content\\\/uploads\\\/2023\\\/08\\\/dr-turan-sq-1.png\",\"contentUrl\":\"https:\\\/\\\/fuecapilar.com\\\/wp-content\\\/uploads\\\/2023\\\/08\\\/dr-turan-sq-1.png\"},{\"@type\":\"BreadcrumbList\",\"@id\":\"https:\\\/\\\/fuecapilar.com\\\/de\\\/chirurg-dogan-turan\\\/#breadcrumb\",\"itemListElement\":[{\"@type\":\"ListItem\",\"position\":1,\"name\":\"Home\",\"item\":\"https:\\\/\\\/fuecapilar.com\\\/de\\\/home\\\/\"},{\"@type\":\"ListItem\",\"position\":2,\"name\":\"Chirurg Dogan Turan\"}]},{\"@type\":\"WebSite\",\"@id\":\"https:\\\/\\\/fuecapilar.com\\\/#website\",\"url\":\"https:\\\/\\\/fuecapilar.com\\\/\",\"name\":\"FUECAPILAR\",\"description\":\"Surgery performed by a surgeon\",\"publisher\":{\"@id\":\"https:\\\/\\\/fuecapilar.com\\\/#organization\"},\"potentialAction\":[{\"@type\":\"SearchAction\",\"target\":{\"@type\":\"EntryPoint\",\"urlTemplate\":\"https:\\\/\\\/fuecapilar.com\\\/?s={search_term_string}\"},\"query-input\":{\"@type\":\"PropertyValueSpecification\",\"valueRequired\":true,\"valueName\":\"search_term_string\"}}],\"inLanguage\":\"de\"},{\"@type\":\"Organization\",\"@id\":\"https:\\\/\\\/fuecapilar.com\\\/#organization\",\"name\":\"FUECAPILAR\",\"url\":\"https:\\\/\\\/fuecapilar.com\\\/\",\"logo\":{\"@type\":\"ImageObject\",\"inLanguage\":\"de\",\"@id\":\"https:\\\/\\\/fuecapilar.com\\\/#\\\/schema\\\/logo\\\/image\\\/\",\"url\":\"https:\\\/\\\/fuecapilar.com\\\/wp-content\\\/uploads\\\/2023\\\/04\\\/fuecapilar-logo.png\",\"contentUrl\":\"https:\\\/\\\/fuecapilar.com\\\/wp-content\\\/uploads\\\/2023\\\/04\\\/fuecapilar-logo.png\",\"width\":400,\"height\":85,\"caption\":\"FUECAPILAR\"},\"image\":{\"@id\":\"https:\\\/\\\/fuecapilar.com\\\/#\\\/schema\\\/logo\\\/image\\\/\"}}]}<\/script>\n<!-- \/ Yoast SEO plugin. -->","yoast_head_json":{"title":"Chirurg Dogan Turan - FUECAPILAR","robots":{"index":"index","follow":"follow","max-snippet":"max-snippet:-1","max-image-preview":"max-image-preview:large","max-video-preview":"max-video-preview:-1"},"canonical":"https:\/\/fuecapilar.com\/de\/chirurg-dogan-turan\/","og_locale":"de_DE","og_type":"article","og_title":"Chirurg Dogan Turan - FUECAPILAR","og_description":"DHI Experte, Medizinischer Direktor und Miteigent\u00fcmer von FUECAPILAR Chirurg Dogan Turan absolvierte sein Studium 1986 an der Istanbuler Medizinischen Fakult\u00e4t. Nach Vollendung seines Wehrdienstes begann er seine Karriere in seiner Heimatstadt Izmir. Dort gr\u00fcndete er 1999 \u201cDeniz Private Medical Center\u201d sowie \u201cDeniz Hair Transplant Center\u201d wo er als medizinischer \u00c4sthetiker bis 2006 arbeitete. Von 2001 [&hellip;]","og_url":"https:\/\/fuecapilar.com\/de\/chirurg-dogan-turan\/","og_site_name":"FUECAPILAR","article_modified_time":"2025-05-20T09:41:04+00:00","og_image":[{"width":900,"height":929,"url":"https:\/\/fuecapilar.com\/wp-content\/uploads\/2023\/08\/dr-turan-sq-1.png","type":"image\/png"}],"twitter_card":"summary_large_image","twitter_misc":{"Gesch\u00e4tzte Lesezeit":"2\u00a0Minuten"},"schema":{"@context":"https:\/\/schema.org","@graph":[{"@type":"WebPage","@id":"https:\/\/fuecapilar.com\/de\/chirurg-dogan-turan\/","url":"https:\/\/fuecapilar.com\/de\/chirurg-dogan-turan\/","name":"Chirurg Dogan Turan - FUECAPILAR","isPartOf":{"@id":"https:\/\/fuecapilar.com\/#website"},"primaryImageOfPage":{"@id":"https:\/\/fuecapilar.com\/de\/chirurg-dogan-turan\/#primaryimage"},"image":{"@id":"https:\/\/fuecapilar.com\/de\/chirurg-dogan-turan\/#primaryimage"},"thumbnailUrl":"https:\/\/fuecapilar.com\/wp-content\/uploads\/2023\/08\/dr-turan-sq-1.png","datePublished":"2023-08-02T11:40:54+00:00","dateModified":"2025-05-20T09:41:04+00:00","breadcrumb":{"@id":"https:\/\/fuecapilar.com\/de\/chirurg-dogan-turan\/#breadcrumb"},"inLanguage":"de","potentialAction":[{"@type":"ReadAction","target":["https:\/\/fuecapilar.com\/de\/chirurg-dogan-turan\/"]}]},{"@type":"ImageObject","inLanguage":"de","@id":"https:\/\/fuecapilar.com\/de\/chirurg-dogan-turan\/#primaryimage","url":"https:\/\/fuecapilar.com\/wp-content\/uploads\/2023\/08\/dr-turan-sq-1.png","contentUrl":"https:\/\/fuecapilar.com\/wp-content\/uploads\/2023\/08\/dr-turan-sq-1.png"},{"@type":"BreadcrumbList","@id":"https:\/\/fuecapilar.com\/de\/chirurg-dogan-turan\/#breadcrumb","itemListElement":[{"@type":"ListItem","position":1,"name":"Home","item":"https:\/\/fuecapilar.com\/de\/home\/"},{"@type":"ListItem","position":2,"name":"Chirurg Dogan Turan"}]},{"@type":"WebSite","@id":"https:\/\/fuecapilar.com\/#website","url":"https:\/\/fuecapilar.com\/","name":"FUECAPILAR","description":"Surgery performed by a surgeon","publisher":{"@id":"https:\/\/fuecapilar.com\/#organization"},"potentialAction":[{"@type":"SearchAction","target":{"@type":"EntryPoint","urlTemplate":"https:\/\/fuecapilar.com\/?s={search_term_string}"},"query-input":{"@type":"PropertyValueSpecification","valueRequired":true,"valueName":"search_term_string"}}],"inLanguage":"de"},{"@type":"Organization","@id":"https:\/\/fuecapilar.com\/#organization","name":"FUECAPILAR","url":"https:\/\/fuecapilar.com\/","logo":{"@type":"ImageObject","inLanguage":"de","@id":"https:\/\/fuecapilar.com\/#\/schema\/logo\/image\/","url":"https:\/\/fuecapilar.com\/wp-content\/uploads\/2023\/04\/fuecapilar-logo.png","contentUrl":"https:\/\/fuecapilar.com\/wp-content\/uploads\/2023\/04\/fuecapilar-logo.png","width":400,"height":85,"caption":"FUECAPILAR"},"image":{"@id":"https:\/\/fuecapilar.com\/#\/schema\/logo\/image\/"}}]}},"_links":{"self":[{"href":"https:\/\/fuecapilar.com\/de\/wp-json\/wp\/v2\/pages\/3958","targetHints":{"allow":["GET"]}}],"collection":[{"href":"https:\/\/fuecapilar.com\/de\/wp-json\/wp\/v2\/pages"}],"about":[{"href":"https:\/\/fuecapilar.com\/de\/wp-json\/wp\/v2\/types\/page"}],"author":[{"embeddable":true,"href":"https:\/\/fuecapilar.com\/de\/wp-json\/wp\/v2\/users\/1"}],"replies":[{"embeddable":true,"href":"https:\/\/fuecapilar.com\/de\/wp-json\/wp\/v2\/comments?post=3958"}],"version-history":[{"count":5,"href":"https:\/\/fuecapilar.com\/de\/wp-json\/wp\/v2\/pages\/3958\/revisions"}],"predecessor-version":[{"id":3963,"href":"https:\/\/fuecapilar.com\/de\/wp-json\/wp\/v2\/pages\/3958\/revisions\/3963"}],"wp:attachment":[{"href":"https:\/\/fuecapilar.com\/de\/wp-json\/wp\/v2\/media?parent=3958"}],"curies":[{"name":"wp","href":"https:\/\/api.w.org\/{rel}","templated":true}]}}