{"id":3987,"date":"2023-08-02T11:46:36","date_gmt":"2023-08-02T11:46:36","guid":{"rendered":"https:\/\/fuecapilar.com\/?page_id=3987"},"modified":"2025-05-20T10:14:06","modified_gmt":"2025-05-20T10:14:06","slug":"fue-apertura-de-canales","status":"publish","type":"page","link":"https:\/\/fuecapilar.com\/de\/fue-apertura-de-canales\/","title":{"rendered":"FUE + Implanter-Stift"},"content":{"rendered":"\t\t<div data-elementor-type=\"wp-page\" data-elementor-id=\"3987\" class=\"elementor elementor-3987 elementor-390\" data-elementor-post-type=\"page\">\n\t\t\t\t\t\t<section class=\"elementor-section elementor-top-section elementor-element elementor-element-a6a6970 elementor-section-boxed elementor-section-height-default elementor-section-height-default\" data-id=\"a6a6970\" data-element_type=\"section\" data-e-type=\"section\">\n\t\t\t\t\t\t<div class=\"elementor-container elementor-column-gap-default\">\n\t\t\t\t\t<div class=\"elementor-column elementor-col-100 elementor-top-column elementor-element elementor-element-3378ee0b\" data-id=\"3378ee0b\" data-element_type=\"column\" data-e-type=\"column\">\n\t\t\t<div class=\"elementor-widget-wrap elementor-element-populated\">\n\t\t\t\t\t\t<div class=\"elementor-element elementor-element-2367b9fb elementor-widget elementor-widget-heading\" data-id=\"2367b9fb\" data-element_type=\"widget\" data-e-type=\"widget\" data-widget_type=\"heading.default\">\n\t\t\t\t<div class=\"elementor-widget-container\">\n\t\t\t\t\t<h2 class=\"elementor-heading-title elementor-size-default\">Extraktion von Follikeleinheiten (FUE) durch Chirurg Gur\n<\/h2>\t\t\t\t<\/div>\n\t\t\t\t<\/div>\n\t\t\t\t<div class=\"elementor-element elementor-element-68c9c86e elementor-widget elementor-widget-text-editor\" data-id=\"68c9c86e\" data-element_type=\"widget\" data-e-type=\"widget\" data-widget_type=\"text-editor.default\">\n\t\t\t\t<div class=\"elementor-widget-container\">\n\t\t\t\t\t\t\t\t\t<p><span style=\"font-weight: 400;\">Diese moderne Technik der Haartransplantation wird seit 2003 angewandt. Diese Behandlung ist fortschrittlicher als die fr\u00fcheren Extraktionsmethoden, wie die Strip Harvesting-Transplantation und die FUT.<\/span><\/p><p><span style=\"font-weight: 400;\">Die FUE-Technik ist eine Methode zur Entnahme oder &#8222;Ernte&#8220; von follikul\u00e4ren Einheiten, die 1 bis 5 Haare enthalten, aus dem Spenderbereich. Bei der FUE-Haartransplantation wird mit einem speziellen Entnahmeinstrument ein kleiner kreisf\u00f6rmiger Einschnitt in die Haut rund um eine Follikeleinheit vorgenommen, um sie vom umliegenden Gewebe zu trennen. Die Einheit wird direkt aus der Kopfhaut entnommen, wobei ein kleines offenes Loch zur\u00fcckbleibt.<\/span><\/p><p><span style=\"font-weight: 400;\">Chirurg G\u00f6khan G\u00fcr praktiziert die Golden Hand Standards.\u00a0 Ein Qualit\u00e4tsstandard, um jegliche <\/span><span style=\"font-weight: 400;\">Besch\u00e4digung des Transplantats zu minimieren<\/span><span style=\"font-weight: 400;\"> w\u00e4hrend der OP.<\/span><\/p><p><span style=\"font-weight: 400;\">Diese Standards stellen auch sicher, dass <\/span><span style=\"font-weight: 400;\">der Spenderbereich keinen sichtbaren Mangel an Dichte aufweist,<\/span><span style=\"font-weight: 400;\"> gesund bleibt und robust ist f\u00fcr m\u00f6gliche zuk\u00fcnftige Haartransplantation, falls der Patient sie ben\u00f6tigt.<\/span><\/p><p><span style=\"font-weight: 400;\">Au\u00dferdem erm\u00f6glicht der Standard <\/span><span style=\"font-weight: 400;\">eine homogene Extraktion<\/span><span style=\"font-weight: 400;\"> aus dem Spenderbereich, was zu einem nat\u00fcrlichen Aussehen im Spenderbereich f\u00fchrt.<\/span><\/p><p><span style=\"font-weight: 400;\">Eine Haartransplantation ist ein ambulanter Eingriff, der unter lokaler An\u00e4sthesie durchgef\u00fchrt wird. Sie sind dabei vollkommen wach und k\u00f6nnen w\u00e4hrend des Eingriffs mit dem Chirurgen sprechen.<\/span><\/p><p><span style=\"font-weight: 400;\">Das Bet\u00e4ubungsmittel wird in die Kopfhaut des Spender- und des Empf\u00e4ngergebiets injiziert.<\/span><\/p><p><span style=\"font-weight: 400;\">Vor Beginn der Operation f\u00fchrt Chirurg G\u00fcr eine sorgf\u00e4ltige Untersuchung des Spenderbereichs durch, bei der die Gesamtkapazit\u00e4t des Spenderbereichs ermittelt wird, um die maximale Anzahl der Transplantate zu bestimmen, die sicher entnommen werden k\u00f6nnen, ohne den Spenderbereich zu besch\u00e4digen.<\/span><\/p><p><span style=\"font-weight: 400;\">Die Haardicke wird ebenfalls gemessen, um die richtige Stanzgr\u00f6\u00dfe zu w\u00e4hlen, die zwischen 0,8 mm und 1,1 mm variieren kann; in den meisten F\u00e4llen werden jedoch die 0,8 und 0,9 mm Stanzen verwendet.<\/span><\/p><p><span style=\"font-weight: 400;\">Arzt G\u00fcr verwendet bei allen seinen Extraktionen eine mikromotorische Stanze. In seiner mehr als 20-j\u00e4hrigen Erfahrung hat er einen so gro\u00dfen Erfahrungsschatz gesammelt was dazu bringt dass:<\/span><\/p><ul><li style=\"font-weight: 400;\" aria-level=\"1\"><i><span style=\"font-weight: 400;\">Unsere Durchtrennungsrate [fehlerquote] betr\u00e4gt 5-10 Transplantate pro 3000 Transplantate (0,17 % &#8211; 0,33 %), insgesamt vernachl\u00e4ssigbarer Prozentsatz.<\/span><\/i><\/li><\/ul>\t\t\t\t\t\t\t\t<\/div>\n\t\t\t\t<\/div>\n\t\t\t\t\t<\/div>\n\t\t<\/div>\n\t\t\t\t\t<\/div>\n\t\t<\/section>\n\t\t\t\t<section class=\"elementor-section elementor-top-section elementor-element elementor-element-55a704 elementor-section-stretched elementor-section-boxed elementor-section-height-default elementor-section-height-default\" data-id=\"55a704\" data-element_type=\"section\" data-e-type=\"section\" data-settings=\"{&quot;stretch_section&quot;:&quot;section-stretched&quot;,&quot;background_background&quot;:&quot;classic&quot;}\">\n\t\t\t\t\t\t<div class=\"elementor-container elementor-column-gap-default\">\n\t\t\t\t\t<div class=\"elementor-column elementor-col-100 elementor-top-column elementor-element elementor-element-161699e2\" data-id=\"161699e2\" data-element_type=\"column\" data-e-type=\"column\">\n\t\t\t<div class=\"elementor-widget-wrap elementor-element-populated\">\n\t\t\t\t\t\t<div class=\"elementor-element elementor-element-4380a121 elementor-widget elementor-widget-heading\" data-id=\"4380a121\" data-element_type=\"widget\" data-e-type=\"widget\" data-widget_type=\"heading.default\">\n\t\t\t\t<div class=\"elementor-widget-container\">\n\t\t\t\t\t<h2 class=\"elementor-heading-title elementor-size-default\">Kanal\u00f6ffnung durch Chirurg G\u00fcr\n<\/h2>\t\t\t\t<\/div>\n\t\t\t\t<\/div>\n\t\t\t\t<div class=\"elementor-element elementor-element-79cff8d2 elementor-widget elementor-widget-text-editor\" data-id=\"79cff8d2\" data-element_type=\"widget\" data-e-type=\"widget\" data-widget_type=\"text-editor.default\">\n\t\t\t\t<div class=\"elementor-widget-container\">\n\t\t\t\t\t\t\t\t\t<p><span style=\"font-weight: 400;\">Intakte (unbesch\u00e4digte) Transplantate, die nach dem Golden Hand Standard geerntet wurden, M\u00dcSSEN in Kan\u00e4le der richtigen Gr\u00f6\u00dfe eingesetzt werden, die genau zum Durchmesser der entnommenen Grafts passen. <\/span><b>Dies ist die wichtigste Regel, um bei einer Haartransplantation nat\u00fcrliche Ergebnisse zu erzielen.<\/b><\/p><p><span style=\"font-weight: 400;\">Die \u00d6ffnung der Kan\u00e4le mit dem richtigen Winkel und der richtigen Tiefe ist ein entscheidender Vorgang, da die Kan\u00e4le als Inkubator f\u00fcr die Grafts gelten und ihr \u00dcberleben von ihnen abh\u00e4ngt.<\/span><\/p>\t\t\t\t\t\t\t\t<\/div>\n\t\t\t\t<\/div>\n\t\t\t\t<div class=\"elementor-element elementor-element-9493bdd elementor-icon-list--layout-traditional elementor-list-item-link-full_width elementor-widget elementor-widget-icon-list\" data-id=\"9493bdd\" data-element_type=\"widget\" data-e-type=\"widget\" data-widget_type=\"icon-list.default\">\n\t\t\t\t<div class=\"elementor-widget-container\">\n\t\t\t\t\t\t\t<ul class=\"elementor-icon-list-items\">\n\t\t\t\t\t\t\t<li class=\"elementor-icon-list-item\">\n\t\t\t\t\t\t\t\t\t\t\t<span class=\"elementor-icon-list-icon\">\n\t\t\t\t\t\t\t<i aria-hidden=\"true\" class=\"fas fa-arrow-circle-right\"><\/i>\t\t\t\t\t\t<\/span>\n\t\t\t\t\t\t\t\t\t\t<span class=\"elementor-icon-list-text\">Wenn Transplantate in Kan\u00e4le mit gr\u00f6\u00dferem Durchmesser eingesetzt werden, k\u00f6nnen sie sich nicht an die neue Umgebung anpassen, was zu Vertiefungen und weiteren L\u00f6chern in der Kopfhaut f\u00fchrt.<\/span>\n\t\t\t\t\t\t\t\t\t<\/li>\n\t\t\t\t\t\t\t\t<li class=\"elementor-icon-list-item\">\n\t\t\t\t\t\t\t\t\t\t\t<span class=\"elementor-icon-list-icon\">\n\t\t\t\t\t\t\t<i aria-hidden=\"true\" class=\"fas fa-arrow-circle-right\"><\/i>\t\t\t\t\t\t<\/span>\n\t\t\t\t\t\t\t\t\t\t<span class=\"elementor-icon-list-text\">Wenn follikul\u00e4re Einheiten in kleinere Kan\u00e4le transplantiert werden, werden die Transplantate besch\u00e4digt, was zu einer geringeren Wachstumsrate und allgemein zu einer geringeren Dichte im Empf\u00e4ngerbereich f\u00fchrt.<\/span>\n\t\t\t\t\t\t\t\t\t<\/li>\n\t\t\t\t\t\t<\/ul>\n\t\t\t\t\t\t<\/div>\n\t\t\t\t<\/div>\n\t\t\t\t<div class=\"elementor-element elementor-element-1f707e0 elementor-widget elementor-widget-text-editor\" data-id=\"1f707e0\" data-element_type=\"widget\" data-e-type=\"widget\" data-widget_type=\"text-editor.default\">\n\t\t\t\t<div class=\"elementor-widget-container\">\n\t\t\t\t\t\t\t\t\t<p><span style=\"font-weight: 400;\">Daher ist der Transport der Grafts, die mit einer 0,8 und 0,9 mm gro\u00dfen Stanze entnommen werden, in die Inzisionen, die einen Durchmesser von weniger als 1 mm haben, der wichtigste Aspekt, um bei FUE-Haartransplantationen eine vollst\u00e4ndige \u00e4sthetische Qualit\u00e4t zu erreichen.<\/span><\/p><p><span style=\"font-weight: 400;\">F\u00fcr den Haaransatz und die Frontalzone verwendet Arzt G\u00fcr derzeit Saphirklingen von 0,8 mm bis 1 mm, je nach Haarstruktur (Dicke), Graftgr\u00f6\u00dfe und Klassifizierung der Grafts (Mehrfachgrafts) kann diese Klingengr\u00f6\u00dfe auf 1,25 mm ansteigen.<\/span><\/p><p><span style=\"font-weight: 400;\">Das Hauptziel der Golden Hand Standards ist es, nat\u00fcrlich aussehende, hochwertige Ergebnisse zu erzielen.<\/span><\/p>\t\t\t\t\t\t\t\t<\/div>\n\t\t\t\t<\/div>\n\t\t\t\t\t<\/div>\n\t\t<\/div>\n\t\t\t\t\t<\/div>\n\t\t<\/section>\n\t\t\t\t<\/div>\n\t\t","protected":false},"excerpt":{"rendered":"<p>Extraktion von Follikeleinheiten (FUE) durch Chirurg Gur Diese moderne Technik der Haartransplantation wird seit 2003 angewandt. Diese Behandlung ist fortschrittlicher als die fr\u00fcheren Extraktionsmethoden, wie die Strip Harvesting-Transplantation und die FUT. Die FUE-Technik ist eine Methode zur Entnahme oder &#8222;Ernte&#8220; von follikul\u00e4ren Einheiten, die 1 bis 5 Haare enthalten, aus dem Spenderbereich. Bei der FUE-Haartransplantation [&hellip;]<\/p>\n","protected":false},"author":1,"featured_media":0,"parent":0,"menu_order":0,"comment_status":"closed","ping_status":"closed","template":"","meta":{"site-sidebar-layout":"no-sidebar","site-content-layout":"page-builder","ast-site-content-layout":"","site-content-style":"default","site-sidebar-style":"default","ast-global-header-display":"","ast-banner-title-visibility":"","ast-main-header-display":"","ast-hfb-above-header-display":"","ast-hfb-below-header-display":"","ast-hfb-mobile-header-display":"","site-post-title":"disabled","ast-breadcrumbs-content":"","ast-featured-img":"disabled","footer-sml-layout":"","theme-transparent-header-meta":"default","adv-header-id-meta":"","stick-header-meta":"","header-above-stick-meta":"","header-main-stick-meta":"","header-below-stick-meta":"","astra-migrate-meta-layouts":"set","ast-page-background-enabled":"default","ast-page-background-meta":{"desktop":{"background-color":"var(--ast-global-color-4)","background-image":"","background-repeat":"repeat","background-position":"center center","background-size":"auto","background-attachment":"scroll","background-type":"","background-media":"","overlay-type":"","overlay-color":"","overlay-opacity":"","overlay-gradient":""},"tablet":{"background-color":"","background-image":"","background-repeat":"repeat","background-position":"center center","background-size":"auto","background-attachment":"scroll","background-type":"","background-media":"","overlay-type":"","overlay-color":"","overlay-opacity":"","overlay-gradient":""},"mobile":{"background-color":"","background-image":"","background-repeat":"repeat","background-position":"center center","background-size":"auto","background-attachment":"scroll","background-type":"","background-media":"","overlay-type":"","overlay-color":"","overlay-opacity":"","overlay-gradient":""}},"ast-content-background-meta":{"desktop":{"background-color":"var(--ast-global-color-5)","background-image":"","background-repeat":"repeat","background-position":"center center","background-size":"auto","background-attachment":"scroll","background-type":"","background-media":"","overlay-type":"","overlay-color":"","overlay-opacity":"","overlay-gradient":""},"tablet":{"background-color":"var(--ast-global-color-5)","background-image":"","background-repeat":"repeat","background-position":"center center","background-size":"auto","background-attachment":"scroll","background-type":"","background-media":"","overlay-type":"","overlay-color":"","overlay-opacity":"","overlay-gradient":""},"mobile":{"background-color":"var(--ast-global-color-5)","background-image":"","background-repeat":"repeat","background-position":"center center","background-size":"auto","background-attachment":"scroll","background-type":"","background-media":"","overlay-type":"","overlay-color":"","overlay-opacity":"","overlay-gradient":""}},"footnotes":""},"class_list":["post-3987","page","type-page","status-publish","hentry"],"yoast_head":"<!-- This site is optimized with the Yoast SEO plugin v27.4 - https:\/\/yoast.com\/product\/yoast-seo-wordpress\/ -->\n<title>FUE + Implanter-Stift - FUECAPILAR<\/title>\n<meta name=\"robots\" content=\"index, follow, max-snippet:-1, max-image-preview:large, max-video-preview:-1\" \/>\n<link rel=\"canonical\" href=\"https:\/\/fuecapilar.com\/de\/fue-apertura-de-canales\/\" \/>\n<meta property=\"og:locale\" content=\"de_DE\" \/>\n<meta property=\"og:type\" content=\"article\" \/>\n<meta property=\"og:title\" content=\"FUE + Implanter-Stift - FUECAPILAR\" \/>\n<meta property=\"og:description\" content=\"Extraktion von Follikeleinheiten (FUE) durch Chirurg Gur Diese moderne Technik der Haartransplantation wird seit 2003 angewandt. Diese Behandlung ist fortschrittlicher als die fr\u00fcheren Extraktionsmethoden, wie die Strip Harvesting-Transplantation und die FUT. Die FUE-Technik ist eine Methode zur Entnahme oder &#8222;Ernte&#8220; von follikul\u00e4ren Einheiten, die 1 bis 5 Haare enthalten, aus dem Spenderbereich. Bei der FUE-Haartransplantation [&hellip;]\" \/>\n<meta property=\"og:url\" content=\"https:\/\/fuecapilar.com\/de\/fue-apertura-de-canales\/\" \/>\n<meta property=\"og:site_name\" content=\"FUECAPILAR\" \/>\n<meta property=\"article:modified_time\" content=\"2025-05-20T10:14:06+00:00\" \/>\n<meta name=\"twitter:card\" content=\"summary_large_image\" \/>\n<meta name=\"twitter:label1\" content=\"Gesch\u00e4tzte Lesezeit\" \/>\n\t<meta name=\"twitter:data1\" content=\"3\u00a0Minuten\" \/>\n<script type=\"application\/ld+json\" class=\"yoast-schema-graph\">{\"@context\":\"https:\\\/\\\/schema.org\",\"@graph\":[{\"@type\":\"WebPage\",\"@id\":\"https:\\\/\\\/fuecapilar.com\\\/de\\\/fue-apertura-de-canales\\\/\",\"url\":\"https:\\\/\\\/fuecapilar.com\\\/de\\\/fue-apertura-de-canales\\\/\",\"name\":\"FUE + Implanter-Stift - FUECAPILAR\",\"isPartOf\":{\"@id\":\"https:\\\/\\\/fuecapilar.com\\\/#website\"},\"datePublished\":\"2023-08-02T11:46:36+00:00\",\"dateModified\":\"2025-05-20T10:14:06+00:00\",\"breadcrumb\":{\"@id\":\"https:\\\/\\\/fuecapilar.com\\\/de\\\/fue-apertura-de-canales\\\/#breadcrumb\"},\"inLanguage\":\"de\",\"potentialAction\":[{\"@type\":\"ReadAction\",\"target\":[\"https:\\\/\\\/fuecapilar.com\\\/de\\\/fue-apertura-de-canales\\\/\"]}]},{\"@type\":\"BreadcrumbList\",\"@id\":\"https:\\\/\\\/fuecapilar.com\\\/de\\\/fue-apertura-de-canales\\\/#breadcrumb\",\"itemListElement\":[{\"@type\":\"ListItem\",\"position\":1,\"name\":\"Home\",\"item\":\"https:\\\/\\\/fuecapilar.com\\\/de\\\/home\\\/\"},{\"@type\":\"ListItem\",\"position\":2,\"name\":\"FUE + Implanter-Stift\"}]},{\"@type\":\"WebSite\",\"@id\":\"https:\\\/\\\/fuecapilar.com\\\/#website\",\"url\":\"https:\\\/\\\/fuecapilar.com\\\/\",\"name\":\"FUECAPILAR\",\"description\":\"Surgery performed by a surgeon\",\"publisher\":{\"@id\":\"https:\\\/\\\/fuecapilar.com\\\/#organization\"},\"potentialAction\":[{\"@type\":\"SearchAction\",\"target\":{\"@type\":\"EntryPoint\",\"urlTemplate\":\"https:\\\/\\\/fuecapilar.com\\\/?s={search_term_string}\"},\"query-input\":{\"@type\":\"PropertyValueSpecification\",\"valueRequired\":true,\"valueName\":\"search_term_string\"}}],\"inLanguage\":\"de\"},{\"@type\":\"Organization\",\"@id\":\"https:\\\/\\\/fuecapilar.com\\\/#organization\",\"name\":\"FUECAPILAR\",\"url\":\"https:\\\/\\\/fuecapilar.com\\\/\",\"logo\":{\"@type\":\"ImageObject\",\"inLanguage\":\"de\",\"@id\":\"https:\\\/\\\/fuecapilar.com\\\/#\\\/schema\\\/logo\\\/image\\\/\",\"url\":\"https:\\\/\\\/fuecapilar.com\\\/wp-content\\\/uploads\\\/2023\\\/04\\\/fuecapilar-logo.png\",\"contentUrl\":\"https:\\\/\\\/fuecapilar.com\\\/wp-content\\\/uploads\\\/2023\\\/04\\\/fuecapilar-logo.png\",\"width\":400,\"height\":85,\"caption\":\"FUECAPILAR\"},\"image\":{\"@id\":\"https:\\\/\\\/fuecapilar.com\\\/#\\\/schema\\\/logo\\\/image\\\/\"}}]}<\/script>\n<!-- \/ Yoast SEO plugin. -->","yoast_head_json":{"title":"FUE + Implanter-Stift - FUECAPILAR","robots":{"index":"index","follow":"follow","max-snippet":"max-snippet:-1","max-image-preview":"max-image-preview:large","max-video-preview":"max-video-preview:-1"},"canonical":"https:\/\/fuecapilar.com\/de\/fue-apertura-de-canales\/","og_locale":"de_DE","og_type":"article","og_title":"FUE + Implanter-Stift - FUECAPILAR","og_description":"Extraktion von Follikeleinheiten (FUE) durch Chirurg Gur Diese moderne Technik der Haartransplantation wird seit 2003 angewandt. Diese Behandlung ist fortschrittlicher als die fr\u00fcheren Extraktionsmethoden, wie die Strip Harvesting-Transplantation und die FUT. Die FUE-Technik ist eine Methode zur Entnahme oder &#8222;Ernte&#8220; von follikul\u00e4ren Einheiten, die 1 bis 5 Haare enthalten, aus dem Spenderbereich. Bei der FUE-Haartransplantation [&hellip;]","og_url":"https:\/\/fuecapilar.com\/de\/fue-apertura-de-canales\/","og_site_name":"FUECAPILAR","article_modified_time":"2025-05-20T10:14:06+00:00","twitter_card":"summary_large_image","twitter_misc":{"Gesch\u00e4tzte Lesezeit":"3\u00a0Minuten"},"schema":{"@context":"https:\/\/schema.org","@graph":[{"@type":"WebPage","@id":"https:\/\/fuecapilar.com\/de\/fue-apertura-de-canales\/","url":"https:\/\/fuecapilar.com\/de\/fue-apertura-de-canales\/","name":"FUE + Implanter-Stift - FUECAPILAR","isPartOf":{"@id":"https:\/\/fuecapilar.com\/#website"},"datePublished":"2023-08-02T11:46:36+00:00","dateModified":"2025-05-20T10:14:06+00:00","breadcrumb":{"@id":"https:\/\/fuecapilar.com\/de\/fue-apertura-de-canales\/#breadcrumb"},"inLanguage":"de","potentialAction":[{"@type":"ReadAction","target":["https:\/\/fuecapilar.com\/de\/fue-apertura-de-canales\/"]}]},{"@type":"BreadcrumbList","@id":"https:\/\/fuecapilar.com\/de\/fue-apertura-de-canales\/#breadcrumb","itemListElement":[{"@type":"ListItem","position":1,"name":"Home","item":"https:\/\/fuecapilar.com\/de\/home\/"},{"@type":"ListItem","position":2,"name":"FUE + Implanter-Stift"}]},{"@type":"WebSite","@id":"https:\/\/fuecapilar.com\/#website","url":"https:\/\/fuecapilar.com\/","name":"FUECAPILAR","description":"Surgery performed by a surgeon","publisher":{"@id":"https:\/\/fuecapilar.com\/#organization"},"potentialAction":[{"@type":"SearchAction","target":{"@type":"EntryPoint","urlTemplate":"https:\/\/fuecapilar.com\/?s={search_term_string}"},"query-input":{"@type":"PropertyValueSpecification","valueRequired":true,"valueName":"search_term_string"}}],"inLanguage":"de"},{"@type":"Organization","@id":"https:\/\/fuecapilar.com\/#organization","name":"FUECAPILAR","url":"https:\/\/fuecapilar.com\/","logo":{"@type":"ImageObject","inLanguage":"de","@id":"https:\/\/fuecapilar.com\/#\/schema\/logo\/image\/","url":"https:\/\/fuecapilar.com\/wp-content\/uploads\/2023\/04\/fuecapilar-logo.png","contentUrl":"https:\/\/fuecapilar.com\/wp-content\/uploads\/2023\/04\/fuecapilar-logo.png","width":400,"height":85,"caption":"FUECAPILAR"},"image":{"@id":"https:\/\/fuecapilar.com\/#\/schema\/logo\/image\/"}}]}},"_links":{"self":[{"href":"https:\/\/fuecapilar.com\/de\/wp-json\/wp\/v2\/pages\/3987","targetHints":{"allow":["GET"]}}],"collection":[{"href":"https:\/\/fuecapilar.com\/de\/wp-json\/wp\/v2\/pages"}],"about":[{"href":"https:\/\/fuecapilar.com\/de\/wp-json\/wp\/v2\/types\/page"}],"author":[{"embeddable":true,"href":"https:\/\/fuecapilar.com\/de\/wp-json\/wp\/v2\/users\/1"}],"replies":[{"embeddable":true,"href":"https:\/\/fuecapilar.com\/de\/wp-json\/wp\/v2\/comments?post=3987"}],"version-history":[{"count":4,"href":"https:\/\/fuecapilar.com\/de\/wp-json\/wp\/v2\/pages\/3987\/revisions"}],"predecessor-version":[{"id":3991,"href":"https:\/\/fuecapilar.com\/de\/wp-json\/wp\/v2\/pages\/3987\/revisions\/3991"}],"wp:attachment":[{"href":"https:\/\/fuecapilar.com\/de\/wp-json\/wp\/v2\/media?parent=3987"}],"curies":[{"name":"wp","href":"https:\/\/api.w.org\/{rel}","templated":true}]}}