{"id":2287,"date":"2023-08-02T11:24:46","date_gmt":"2023-08-02T11:24:46","guid":{"rendered":"https:\/\/fuecapilar.com\/dr-gokhan-gur\/"},"modified":"2023-08-21T11:43:46","modified_gmt":"2023-08-21T11:43:46","slug":"dr-gokhan-gur","status":"publish","type":"page","link":"https:\/\/fuecapilar.com\/es\/dr-gokhan-gur\/","title":{"rendered":"Dr. Gokhan Gur"},"content":{"rendered":"\t\t<div data-elementor-type=\"wp-page\" data-elementor-id=\"2287\" class=\"elementor elementor-2287 elementor-371\" data-elementor-post-type=\"page\">\n\t\t\t\t\t\t<section class=\"elementor-section elementor-top-section elementor-element elementor-element-8d60efc elementor-section-boxed elementor-section-height-default elementor-section-height-default\" data-id=\"8d60efc\" data-element_type=\"section\" data-e-type=\"section\">\n\t\t\t\t\t\t<div class=\"elementor-container elementor-column-gap-default\">\n\t\t\t\t\t<div class=\"elementor-column elementor-col-50 elementor-top-column elementor-element elementor-element-492f6e6\" data-id=\"492f6e6\" data-element_type=\"column\" data-e-type=\"column\">\n\t\t\t<div class=\"elementor-widget-wrap elementor-element-populated\">\n\t\t\t\t\t\t<div class=\"elementor-element elementor-element-ee36045 e-transform elementor-widget elementor-widget-image\" data-id=\"ee36045\" data-element_type=\"widget\" data-e-type=\"widget\" data-settings=\"{&quot;_transform_scale_effect&quot;:{&quot;unit&quot;:&quot;px&quot;,&quot;size&quot;:2,&quot;sizes&quot;:[]},&quot;_transform_scale_effect_mobile&quot;:{&quot;unit&quot;:&quot;px&quot;,&quot;size&quot;:1.3,&quot;sizes&quot;:[]},&quot;_transform_scale_effect_tablet&quot;:{&quot;unit&quot;:&quot;px&quot;,&quot;size&quot;:&quot;&quot;,&quot;sizes&quot;:[]}}\" data-widget_type=\"image.default\">\n\t\t\t\t<div class=\"elementor-widget-container\">\n\t\t\t\t\t\t\t\t\t\t\t\t\t\t\t<img fetchpriority=\"high\" decoding=\"async\" width=\"900\" height=\"929\" src=\"https:\/\/fuecapilar.com\/wp-content\/uploads\/2023\/08\/dr-gur-sq-1.png\" class=\"attachment-large size-large wp-image-1370\" alt=\"\" srcset=\"https:\/\/fuecapilar.com\/wp-content\/uploads\/2023\/08\/dr-gur-sq-1.png 900w, https:\/\/fuecapilar.com\/wp-content\/uploads\/2023\/08\/dr-gur-sq-1-291x300.png 291w, https:\/\/fuecapilar.com\/wp-content\/uploads\/2023\/08\/dr-gur-sq-1-768x793.png 768w\" sizes=\"(max-width: 900px) 100vw, 900px\" \/>\t\t\t\t\t\t\t\t\t\t\t\t\t\t\t<\/div>\n\t\t\t\t<\/div>\n\t\t\t\t\t<\/div>\n\t\t<\/div>\n\t\t\t\t<div class=\"elementor-column elementor-col-50 elementor-top-column elementor-element elementor-element-f51a38a\" data-id=\"f51a38a\" data-element_type=\"column\" data-e-type=\"column\" data-settings=\"{&quot;background_background&quot;:&quot;classic&quot;}\">\n\t\t\t<div class=\"elementor-widget-wrap elementor-element-populated\">\n\t\t\t\t\t\t<div class=\"elementor-element elementor-element-3942464 elementor-widget elementor-widget-heading\" data-id=\"3942464\" data-element_type=\"widget\" data-e-type=\"widget\" data-widget_type=\"heading.default\">\n\t\t\t\t<div class=\"elementor-widget-container\">\n\t\t\t\t\t<h2 class=\"elementor-heading-title elementor-size-default\">Director M\u00e9dico <br>y cirujano de transplante de pelo.<\/h2>\t\t\t\t<\/div>\n\t\t\t\t<\/div>\n\t\t\t\t<div class=\"elementor-element elementor-element-3b94efd elementor-widget elementor-widget-text-editor\" data-id=\"3b94efd\" data-element_type=\"widget\" data-e-type=\"widget\" data-widget_type=\"text-editor.default\">\n\t\t\t\t<div class=\"elementor-widget-container\">\n\t\t\t\t\t\t\t\t\t<p>El Dr. Gokhan Gur, uno de los pioneros en la industria turca de restauraci\u00f3n capilar, es un m\u00e9dico turco con gran experiencia que ha realizado personalmente m\u00e1s de 3000 operaciones de trasplante capilar en los \u00faltimos 20 a\u00f1os utilizando la <a href=\"https:\/\/www.fuecapilar.com\/en\/all-about-hair\/hair-implant-by-fue-technique\/\"><span style=\"font-weight: 400;\">t\u00e9cnica FUE.<\/span><\/a><\/p>\n<p>El Dr. Gur se gradu\u00f3 de la Facultad de Medicina de la Universidad de Gaziantep en 1994. De 1995 a 2003 trabaj\u00f3 en el Hospital Estatal de Aksaray y Haymana Emergency Medicine en Ankara, donde atendi\u00f3 m\u00e1s de 5000 casos m\u00e9dicos y de urgencias.<\/p>\n<p>En 2003, el Dr. Gur comenz\u00f3 su carrera de trasplante capilar en Ankara. Entre 2003 y 2011, realiz\u00f3 m\u00e1s de 1200 operaciones de trasplante de cabello, m\u00e1s de 40 operaciones de trasplante de cabello corporal y m\u00e1s de 200 casos de tratamientos m\u00e9dicos para la ca\u00edda del cabello. En 2011, trajo su experiencia y servicios a Estambul y en los siguientes 3 a\u00f1os realiz\u00f3 m\u00e1s de 600 operaciones de trasplante de cabello FUE, m\u00e1s de 100 tratamientos m\u00e9dicos para la p\u00e9rdida de cabello y m\u00e1s de 30 operaciones de trasplante de cabello corporal. Desde 2014 atiende las necesidades de sus pacientes en su propia cl\u00ednica privada.<\/p>\n<p>El Dr. Gur es uno de los primeros cirujanos en implementar la t\u00e9cnica FUE en Turqu\u00eda. Es miembro de la Asociaci\u00f3n de M\u00e9dicos de Turqu\u00eda y de la Asociaci\u00f3n de Medicina Est\u00e9tica de Turqu\u00eda y <strong>m\u00e9dico recomendado de la Hair Restoration Network (HRN)<\/strong>. Hasta abril de 2020, tambi\u00e9n fue miembro de la Sociedad Internacional de Cirug\u00eda de Restauraci\u00f3n del Cabello (ISHRS).<\/p>\n\t\t\t\t\t\t\t\t<\/div>\n\t\t\t\t<\/div>\n\t\t\t\t\t<\/div>\n\t\t<\/div>\n\t\t\t\t\t<\/div>\n\t\t<\/section>\n\t\t\t\t<\/div>\n\t\t","protected":false},"excerpt":{"rendered":"<p>Director M\u00e9dico y cirujano de transplante de pelo. El Dr. Gokhan Gur, uno de los pioneros en la industria turca de restauraci\u00f3n capilar, es un m\u00e9dico turco con gran experiencia que ha realizado personalmente m\u00e1s de 3000 operaciones de trasplante capilar en los \u00faltimos 20 a\u00f1os utilizando la t\u00e9cnica FUE. El Dr. Gur se gradu\u00f3 [&hellip;]<\/p>\n","protected":false},"author":1,"featured_media":0,"parent":0,"menu_order":0,"comment_status":"closed","ping_status":"closed","template":"","meta":{"site-sidebar-layout":"no-sidebar","site-content-layout":"page-builder","ast-site-content-layout":"","site-content-style":"default","site-sidebar-style":"default","ast-global-header-display":"","ast-banner-title-visibility":"","ast-main-header-display":"","ast-hfb-above-header-display":"","ast-hfb-below-header-display":"","ast-hfb-mobile-header-display":"","site-post-title":"disabled","ast-breadcrumbs-content":"","ast-featured-img":"disabled","footer-sml-layout":"","theme-transparent-header-meta":"","adv-header-id-meta":"","stick-header-meta":"","header-above-stick-meta":"","header-main-stick-meta":"","header-below-stick-meta":"","astra-migrate-meta-layouts":"default","ast-page-background-enabled":"default","ast-page-background-meta":{"desktop":{"background-color":"var(--ast-global-color-4)","background-image":"","background-repeat":"repeat","background-position":"center center","background-size":"auto","background-attachment":"scroll","background-type":"","background-media":"","overlay-type":"","overlay-color":"","overlay-opacity":"","overlay-gradient":""},"tablet":{"background-color":"","background-image":"","background-repeat":"repeat","background-position":"center center","background-size":"auto","background-attachment":"scroll","background-type":"","background-media":"","overlay-type":"","overlay-color":"","overlay-opacity":"","overlay-gradient":""},"mobile":{"background-color":"","background-image":"","background-repeat":"repeat","background-position":"center center","background-size":"auto","background-attachment":"scroll","background-type":"","background-media":"","overlay-type":"","overlay-color":"","overlay-opacity":"","overlay-gradient":""}},"ast-content-background-meta":{"desktop":{"background-color":"var(--ast-global-color-5)","background-image":"","background-repeat":"repeat","background-position":"center center","background-size":"auto","background-attachment":"scroll","background-type":"","background-media":"","overlay-type":"","overlay-color":"","overlay-opacity":"","overlay-gradient":""},"tablet":{"background-color":"var(--ast-global-color-5)","background-image":"","background-repeat":"repeat","background-position":"center center","background-size":"auto","background-attachment":"scroll","background-type":"","background-media":"","overlay-type":"","overlay-color":"","overlay-opacity":"","overlay-gradient":""},"mobile":{"background-color":"var(--ast-global-color-5)","background-image":"","background-repeat":"repeat","background-position":"center center","background-size":"auto","background-attachment":"scroll","background-type":"","background-media":"","overlay-type":"","overlay-color":"","overlay-opacity":"","overlay-gradient":""}},"footnotes":""},"class_list":["post-2287","page","type-page","status-publish","hentry"],"yoast_head":"<!-- This site is optimized with the Yoast SEO plugin v27.4 - https:\/\/yoast.com\/product\/yoast-seo-wordpress\/ -->\n<title>Dr. Gokhan Gur - FUECAPILAR<\/title>\n<meta name=\"robots\" content=\"index, follow, max-snippet:-1, max-image-preview:large, max-video-preview:-1\" \/>\n<link rel=\"canonical\" href=\"https:\/\/fuecapilar.com\/es\/dr-gokhan-gur\/\" \/>\n<meta property=\"og:locale\" content=\"es_ES\" \/>\n<meta property=\"og:type\" content=\"article\" \/>\n<meta property=\"og:title\" content=\"Dr. Gokhan Gur - FUECAPILAR\" \/>\n<meta property=\"og:description\" content=\"Director M\u00e9dico y cirujano de transplante de pelo. El Dr. Gokhan Gur, uno de los pioneros en la industria turca de restauraci\u00f3n capilar, es un m\u00e9dico turco con gran experiencia que ha realizado personalmente m\u00e1s de 3000 operaciones de trasplante capilar en los \u00faltimos 20 a\u00f1os utilizando la t\u00e9cnica FUE. El Dr. Gur se gradu\u00f3 [&hellip;]\" \/>\n<meta property=\"og:url\" content=\"https:\/\/fuecapilar.com\/es\/dr-gokhan-gur\/\" \/>\n<meta property=\"og:site_name\" content=\"FUECAPILAR\" \/>\n<meta property=\"article:modified_time\" content=\"2023-08-21T11:43:46+00:00\" \/>\n<meta property=\"og:image\" content=\"https:\/\/fuecapilar.com\/wp-content\/uploads\/2023\/08\/dr-gur-sq-1.png\" \/>\n<meta name=\"twitter:card\" content=\"summary_large_image\" \/>\n<meta name=\"twitter:label1\" content=\"Tiempo de lectura\" \/>\n\t<meta name=\"twitter:data1\" content=\"1 minuto\" \/>\n<script type=\"application\/ld+json\" class=\"yoast-schema-graph\">{\"@context\":\"https:\\\/\\\/schema.org\",\"@graph\":[{\"@type\":\"WebPage\",\"@id\":\"https:\\\/\\\/fuecapilar.com\\\/es\\\/dr-gokhan-gur\\\/\",\"url\":\"https:\\\/\\\/fuecapilar.com\\\/es\\\/dr-gokhan-gur\\\/\",\"name\":\"Dr. Gokhan Gur - FUECAPILAR\",\"isPartOf\":{\"@id\":\"https:\\\/\\\/fuecapilar.com\\\/#website\"},\"primaryImageOfPage\":{\"@id\":\"https:\\\/\\\/fuecapilar.com\\\/es\\\/dr-gokhan-gur\\\/#primaryimage\"},\"image\":{\"@id\":\"https:\\\/\\\/fuecapilar.com\\\/es\\\/dr-gokhan-gur\\\/#primaryimage\"},\"thumbnailUrl\":\"https:\\\/\\\/fuecapilar.com\\\/wp-content\\\/uploads\\\/2023\\\/08\\\/dr-gur-sq-1.png\",\"datePublished\":\"2023-08-02T11:24:46+00:00\",\"dateModified\":\"2023-08-21T11:43:46+00:00\",\"breadcrumb\":{\"@id\":\"https:\\\/\\\/fuecapilar.com\\\/es\\\/dr-gokhan-gur\\\/#breadcrumb\"},\"inLanguage\":\"es\",\"potentialAction\":[{\"@type\":\"ReadAction\",\"target\":[\"https:\\\/\\\/fuecapilar.com\\\/es\\\/dr-gokhan-gur\\\/\"]}]},{\"@type\":\"ImageObject\",\"inLanguage\":\"es\",\"@id\":\"https:\\\/\\\/fuecapilar.com\\\/es\\\/dr-gokhan-gur\\\/#primaryimage\",\"url\":\"https:\\\/\\\/fuecapilar.com\\\/wp-content\\\/uploads\\\/2023\\\/08\\\/dr-gur-sq-1.png\",\"contentUrl\":\"https:\\\/\\\/fuecapilar.com\\\/wp-content\\\/uploads\\\/2023\\\/08\\\/dr-gur-sq-1.png\"},{\"@type\":\"BreadcrumbList\",\"@id\":\"https:\\\/\\\/fuecapilar.com\\\/es\\\/dr-gokhan-gur\\\/#breadcrumb\",\"itemListElement\":[{\"@type\":\"ListItem\",\"position\":1,\"name\":\"Home\",\"item\":\"https:\\\/\\\/fuecapilar.com\\\/es\\\/\"},{\"@type\":\"ListItem\",\"position\":2,\"name\":\"Dr. Gokhan Gur\"}]},{\"@type\":\"WebSite\",\"@id\":\"https:\\\/\\\/fuecapilar.com\\\/#website\",\"url\":\"https:\\\/\\\/fuecapilar.com\\\/\",\"name\":\"FUECAPILAR\",\"description\":\"Surgery performed by a surgeon\",\"publisher\":{\"@id\":\"https:\\\/\\\/fuecapilar.com\\\/#organization\"},\"potentialAction\":[{\"@type\":\"SearchAction\",\"target\":{\"@type\":\"EntryPoint\",\"urlTemplate\":\"https:\\\/\\\/fuecapilar.com\\\/?s={search_term_string}\"},\"query-input\":{\"@type\":\"PropertyValueSpecification\",\"valueRequired\":true,\"valueName\":\"search_term_string\"}}],\"inLanguage\":\"es\"},{\"@type\":\"Organization\",\"@id\":\"https:\\\/\\\/fuecapilar.com\\\/#organization\",\"name\":\"FUECAPILAR\",\"url\":\"https:\\\/\\\/fuecapilar.com\\\/\",\"logo\":{\"@type\":\"ImageObject\",\"inLanguage\":\"es\",\"@id\":\"https:\\\/\\\/fuecapilar.com\\\/#\\\/schema\\\/logo\\\/image\\\/\",\"url\":\"https:\\\/\\\/fuecapilar.com\\\/wp-content\\\/uploads\\\/2023\\\/04\\\/fuecapilar-logo.png\",\"contentUrl\":\"https:\\\/\\\/fuecapilar.com\\\/wp-content\\\/uploads\\\/2023\\\/04\\\/fuecapilar-logo.png\",\"width\":400,\"height\":85,\"caption\":\"FUECAPILAR\"},\"image\":{\"@id\":\"https:\\\/\\\/fuecapilar.com\\\/#\\\/schema\\\/logo\\\/image\\\/\"}}]}<\/script>\n<!-- \/ Yoast SEO plugin. -->","yoast_head_json":{"title":"Dr. Gokhan Gur - FUECAPILAR","robots":{"index":"index","follow":"follow","max-snippet":"max-snippet:-1","max-image-preview":"max-image-preview:large","max-video-preview":"max-video-preview:-1"},"canonical":"https:\/\/fuecapilar.com\/es\/dr-gokhan-gur\/","og_locale":"es_ES","og_type":"article","og_title":"Dr. Gokhan Gur - FUECAPILAR","og_description":"Director M\u00e9dico y cirujano de transplante de pelo. El Dr. Gokhan Gur, uno de los pioneros en la industria turca de restauraci\u00f3n capilar, es un m\u00e9dico turco con gran experiencia que ha realizado personalmente m\u00e1s de 3000 operaciones de trasplante capilar en los \u00faltimos 20 a\u00f1os utilizando la t\u00e9cnica FUE. El Dr. Gur se gradu\u00f3 [&hellip;]","og_url":"https:\/\/fuecapilar.com\/es\/dr-gokhan-gur\/","og_site_name":"FUECAPILAR","article_modified_time":"2023-08-21T11:43:46+00:00","og_image":[{"url":"https:\/\/fuecapilar.com\/wp-content\/uploads\/2023\/08\/dr-gur-sq-1.png","type":"","width":"","height":""}],"twitter_card":"summary_large_image","twitter_misc":{"Tiempo de lectura":"1 minuto"},"schema":{"@context":"https:\/\/schema.org","@graph":[{"@type":"WebPage","@id":"https:\/\/fuecapilar.com\/es\/dr-gokhan-gur\/","url":"https:\/\/fuecapilar.com\/es\/dr-gokhan-gur\/","name":"Dr. Gokhan Gur - FUECAPILAR","isPartOf":{"@id":"https:\/\/fuecapilar.com\/#website"},"primaryImageOfPage":{"@id":"https:\/\/fuecapilar.com\/es\/dr-gokhan-gur\/#primaryimage"},"image":{"@id":"https:\/\/fuecapilar.com\/es\/dr-gokhan-gur\/#primaryimage"},"thumbnailUrl":"https:\/\/fuecapilar.com\/wp-content\/uploads\/2023\/08\/dr-gur-sq-1.png","datePublished":"2023-08-02T11:24:46+00:00","dateModified":"2023-08-21T11:43:46+00:00","breadcrumb":{"@id":"https:\/\/fuecapilar.com\/es\/dr-gokhan-gur\/#breadcrumb"},"inLanguage":"es","potentialAction":[{"@type":"ReadAction","target":["https:\/\/fuecapilar.com\/es\/dr-gokhan-gur\/"]}]},{"@type":"ImageObject","inLanguage":"es","@id":"https:\/\/fuecapilar.com\/es\/dr-gokhan-gur\/#primaryimage","url":"https:\/\/fuecapilar.com\/wp-content\/uploads\/2023\/08\/dr-gur-sq-1.png","contentUrl":"https:\/\/fuecapilar.com\/wp-content\/uploads\/2023\/08\/dr-gur-sq-1.png"},{"@type":"BreadcrumbList","@id":"https:\/\/fuecapilar.com\/es\/dr-gokhan-gur\/#breadcrumb","itemListElement":[{"@type":"ListItem","position":1,"name":"Home","item":"https:\/\/fuecapilar.com\/es\/"},{"@type":"ListItem","position":2,"name":"Dr. Gokhan Gur"}]},{"@type":"WebSite","@id":"https:\/\/fuecapilar.com\/#website","url":"https:\/\/fuecapilar.com\/","name":"FUECAPILAR","description":"Surgery performed by a surgeon","publisher":{"@id":"https:\/\/fuecapilar.com\/#organization"},"potentialAction":[{"@type":"SearchAction","target":{"@type":"EntryPoint","urlTemplate":"https:\/\/fuecapilar.com\/?s={search_term_string}"},"query-input":{"@type":"PropertyValueSpecification","valueRequired":true,"valueName":"search_term_string"}}],"inLanguage":"es"},{"@type":"Organization","@id":"https:\/\/fuecapilar.com\/#organization","name":"FUECAPILAR","url":"https:\/\/fuecapilar.com\/","logo":{"@type":"ImageObject","inLanguage":"es","@id":"https:\/\/fuecapilar.com\/#\/schema\/logo\/image\/","url":"https:\/\/fuecapilar.com\/wp-content\/uploads\/2023\/04\/fuecapilar-logo.png","contentUrl":"https:\/\/fuecapilar.com\/wp-content\/uploads\/2023\/04\/fuecapilar-logo.png","width":400,"height":85,"caption":"FUECAPILAR"},"image":{"@id":"https:\/\/fuecapilar.com\/#\/schema\/logo\/image\/"}}]}},"_links":{"self":[{"href":"https:\/\/fuecapilar.com\/es\/wp-json\/wp\/v2\/pages\/2287","targetHints":{"allow":["GET"]}}],"collection":[{"href":"https:\/\/fuecapilar.com\/es\/wp-json\/wp\/v2\/pages"}],"about":[{"href":"https:\/\/fuecapilar.com\/es\/wp-json\/wp\/v2\/types\/page"}],"author":[{"embeddable":true,"href":"https:\/\/fuecapilar.com\/es\/wp-json\/wp\/v2\/users\/1"}],"replies":[{"embeddable":true,"href":"https:\/\/fuecapilar.com\/es\/wp-json\/wp\/v2\/comments?post=2287"}],"version-history":[{"count":1,"href":"https:\/\/fuecapilar.com\/es\/wp-json\/wp\/v2\/pages\/2287\/revisions"}],"predecessor-version":[{"id":2288,"href":"https:\/\/fuecapilar.com\/es\/wp-json\/wp\/v2\/pages\/2287\/revisions\/2288"}],"wp:attachment":[{"href":"https:\/\/fuecapilar.com\/es\/wp-json\/wp\/v2\/media?parent=2287"}],"curies":[{"name":"wp","href":"https:\/\/api.w.org\/{rel}","templated":true}]}}