{"id":2291,"date":"2023-08-02T07:54:12","date_gmt":"2023-08-02T07:54:12","guid":{"rendered":"https:\/\/fuecapilar.com\/caida-de-cabello-en-mujeres\/"},"modified":"2023-08-21T12:10:42","modified_gmt":"2023-08-21T12:10:42","slug":"caida-de-cabello-en-mujeres","status":"publish","type":"page","link":"https:\/\/fuecapilar.com\/es\/caida-de-cabello-en-mujeres\/","title":{"rendered":"Ca\u00edda de Cabello en Mujeres"},"content":{"rendered":"\t\t<div data-elementor-type=\"wp-page\" data-elementor-id=\"2291\" class=\"elementor elementor-2291 elementor-301\" data-elementor-post-type=\"page\">\n\t\t\t\t\t\t<section class=\"elementor-section elementor-top-section elementor-element elementor-element-4e17048e elementor-section-boxed elementor-section-height-default elementor-section-height-default\" data-id=\"4e17048e\" data-element_type=\"section\" data-e-type=\"section\">\n\t\t\t\t\t\t<div class=\"elementor-container elementor-column-gap-default\">\n\t\t\t\t\t<div class=\"elementor-column elementor-col-100 elementor-top-column elementor-element elementor-element-56be2900\" data-id=\"56be2900\" data-element_type=\"column\" data-e-type=\"column\">\n\t\t\t<div class=\"elementor-widget-wrap elementor-element-populated\">\n\t\t\t\t\t\t<section class=\"elementor-section elementor-inner-section elementor-element elementor-element-51332fa7 elementor-reverse-mobile elementor-section-boxed elementor-section-height-default elementor-section-height-default\" data-id=\"51332fa7\" data-element_type=\"section\" data-e-type=\"section\">\n\t\t\t\t\t\t<div class=\"elementor-container elementor-column-gap-default\">\n\t\t\t\t\t<div class=\"elementor-column elementor-col-50 elementor-inner-column elementor-element elementor-element-2700d33e\" data-id=\"2700d33e\" data-element_type=\"column\" data-e-type=\"column\">\n\t\t\t<div class=\"elementor-widget-wrap elementor-element-populated\">\n\t\t\t\t\t\t<div class=\"elementor-element elementor-element-68548e8 elementor-widget elementor-widget-heading\" data-id=\"68548e8\" data-element_type=\"widget\" data-e-type=\"widget\" data-widget_type=\"heading.default\">\n\t\t\t\t<div class=\"elementor-widget-container\">\n\t\t\t\t\t<h2 class=\"elementor-heading-title elementor-size-default\">La calvicie de patr\u00f3n femenino es el tipo m\u00e1s com\u00fan de p\u00e9rdida de cabello en las mujeres.<\/h2>\t\t\t\t<\/div>\n\t\t\t\t<\/div>\n\t\t\t\t<div class=\"elementor-element elementor-element-fb5d58a elementor-widget-divider--view-line elementor-widget elementor-widget-divider\" data-id=\"fb5d58a\" data-element_type=\"widget\" data-e-type=\"widget\" data-widget_type=\"divider.default\">\n\t\t\t\t<div class=\"elementor-widget-container\">\n\t\t\t\t\t\t\t<div class=\"elementor-divider\">\n\t\t\t<span class=\"elementor-divider-separator\">\n\t\t\t\t\t\t<\/span>\n\t\t<\/div>\n\t\t\t\t\t\t<\/div>\n\t\t\t\t<\/div>\n\t\t\t\t<div class=\"elementor-element elementor-element-5b9dbf30 elementor-widget elementor-widget-text-editor\" data-id=\"5b9dbf30\" data-element_type=\"widget\" data-e-type=\"widget\" data-widget_type=\"text-editor.default\">\n\t\t\t\t<div class=\"elementor-widget-container\">\n\t\t\t\t\t\t\t\t\t<p>La p\u00e9rdida de cabello de patr\u00f3n femenino (FPHL, por sus siglas en ingl\u00e9s) es una forma distintiva de p\u00e9rdida de cabello que ocurre en mujeres con alopecia androgen\u00e9tica. Muchas mujeres se ven afectadas por FPHL. De hecho, alrededor del 40% de las mujeres a la edad de 50 a\u00f1os muestran signos de p\u00e9rdida de cabello y menos del 45% de las mujeres llegan a la edad de 80 a\u00f1os con el cabello completo.<\/p>\n\t\t\t\t\t\t\t\t<\/div>\n\t\t\t\t<\/div>\n\t\t\t\t\t<\/div>\n\t\t<\/div>\n\t\t\t\t<div class=\"elementor-column elementor-col-50 elementor-inner-column elementor-element elementor-element-78121bc7\" data-id=\"78121bc7\" data-element_type=\"column\" data-e-type=\"column\">\n\t\t\t<div class=\"elementor-widget-wrap elementor-element-populated\">\n\t\t\t\t\t\t<div class=\"elementor-element elementor-element-2d993b06 e-transform elementor-widget elementor-widget-image\" data-id=\"2d993b06\" data-element_type=\"widget\" data-e-type=\"widget\" data-settings=\"{&quot;_transform_scale_effect&quot;:{&quot;unit&quot;:&quot;px&quot;,&quot;size&quot;:1.4,&quot;sizes&quot;:[]},&quot;_transform_scale_effect_tablet&quot;:{&quot;unit&quot;:&quot;px&quot;,&quot;size&quot;:&quot;&quot;,&quot;sizes&quot;:[]},&quot;_transform_scale_effect_mobile&quot;:{&quot;unit&quot;:&quot;px&quot;,&quot;size&quot;:&quot;&quot;,&quot;sizes&quot;:[]}}\" data-widget_type=\"image.default\">\n\t\t\t\t<div class=\"elementor-widget-container\">\n\t\t\t\t\t\t\t\t\t\t\t\t\t\t\t<img fetchpriority=\"high\" decoding=\"async\" width=\"1024\" height=\"684\" src=\"https:\/\/fuecapilar.com\/wp-content\/uploads\/2023\/08\/female-hair-loss-1024x684.png\" class=\"attachment-large size-large wp-image-903\" alt=\"\" srcset=\"https:\/\/fuecapilar.com\/wp-content\/uploads\/2023\/08\/female-hair-loss-1024x684.png 1024w, https:\/\/fuecapilar.com\/wp-content\/uploads\/2023\/08\/female-hair-loss-300x200.png 300w, https:\/\/fuecapilar.com\/wp-content\/uploads\/2023\/08\/female-hair-loss-768x513.png 768w, https:\/\/fuecapilar.com\/wp-content\/uploads\/2023\/08\/female-hair-loss-1536x1025.png 1536w, https:\/\/fuecapilar.com\/wp-content\/uploads\/2023\/08\/female-hair-loss.png 2000w\" sizes=\"(max-width: 1024px) 100vw, 1024px\" \/>\t\t\t\t\t\t\t\t\t\t\t\t\t\t\t<\/div>\n\t\t\t\t<\/div>\n\t\t\t\t\t<\/div>\n\t\t<\/div>\n\t\t\t\t\t<\/div>\n\t\t<\/section>\n\t\t\t\t\t<\/div>\n\t\t<\/div>\n\t\t\t\t\t<\/div>\n\t\t<\/section>\n\t\t\t\t<section class=\"elementor-section elementor-top-section elementor-element elementor-element-16ae7d27 elementor-section-stretched elementor-section-boxed elementor-section-height-default elementor-section-height-default\" data-id=\"16ae7d27\" data-element_type=\"section\" data-e-type=\"section\" data-settings=\"{&quot;stretch_section&quot;:&quot;section-stretched&quot;,&quot;background_background&quot;:&quot;classic&quot;}\">\n\t\t\t\t\t\t<div class=\"elementor-container elementor-column-gap-default\">\n\t\t\t\t\t<div class=\"elementor-column elementor-col-100 elementor-top-column elementor-element elementor-element-456e09e4\" data-id=\"456e09e4\" data-element_type=\"column\" data-e-type=\"column\">\n\t\t\t<div class=\"elementor-widget-wrap elementor-element-populated\">\n\t\t\t\t\t\t<div class=\"elementor-element elementor-element-6e9675cf elementor-widget elementor-widget-text-editor\" data-id=\"6e9675cf\" data-element_type=\"widget\" data-e-type=\"widget\" data-widget_type=\"text-editor.default\">\n\t\t\t\t<div class=\"elementor-widget-container\">\n\t\t\t\t\t\t\t\t\t<p>FPHL tiene una fuerte predisposici\u00f3n gen\u00e9tica. El modo de herencia es polig\u00e9nico, lo que indica que hay muchos genes que contribuyen a la FPHL, y estos genes podr\u00edan heredarse de cualquiera de los padres o de ambos. Actualmente no se recomiendan las pruebas gen\u00e9ticas para evaluar el riesgo de calvicie, ya que sus resultados no son confiables.<\/p>\n\t\t\t\t\t\t\t\t<\/div>\n\t\t\t\t<\/div>\n\t\t\t\t<div class=\"elementor-element elementor-element-1e84cf2 elementor-widget elementor-widget-heading\" data-id=\"1e84cf2\" data-element_type=\"widget\" data-e-type=\"widget\" data-widget_type=\"heading.default\">\n\t\t\t\t<div class=\"elementor-widget-container\">\n\t\t\t\t\t<h2 class=\"elementor-heading-title elementor-size-default\">Escala de Ludwig<\/h2>\t\t\t\t<\/div>\n\t\t\t\t<\/div>\n\t\t\t\t<div class=\"elementor-element elementor-element-4ad0373 elementor-widget-divider--view-line elementor-widget elementor-widget-divider\" data-id=\"4ad0373\" data-element_type=\"widget\" data-e-type=\"widget\" data-widget_type=\"divider.default\">\n\t\t\t\t<div class=\"elementor-widget-container\">\n\t\t\t\t\t\t\t<div class=\"elementor-divider\">\n\t\t\t<span class=\"elementor-divider-separator\">\n\t\t\t\t\t\t<\/span>\n\t\t<\/div>\n\t\t\t\t\t\t<\/div>\n\t\t\t\t<\/div>\n\t\t\t\t<div class=\"elementor-element elementor-element-5de6806a elementor-widget elementor-widget-text-editor\" data-id=\"5de6806a\" data-element_type=\"widget\" data-e-type=\"widget\" data-widget_type=\"text-editor.default\">\n\t\t\t\t<div class=\"elementor-widget-container\">\n\t\t\t\t\t\t\t\t\t<p><span style=\"font-weight: 400;\">La escala de Ludwig es un m\u00e9todo para clasificar la p\u00e9rdida de cabello de patr\u00f3n femenino (alopecia androg\u00e9nica), similar a lo que representa la escala de Norwood-Hamilton para la calvicie de patr\u00f3n masculino.<\/span><\/p>\n\t\t\t\t\t\t\t\t<\/div>\n\t\t\t\t<\/div>\n\t\t\t\t<section class=\"elementor-section elementor-inner-section elementor-element elementor-element-ec2de3e elementor-section-boxed elementor-section-height-default elementor-section-height-default\" data-id=\"ec2de3e\" data-element_type=\"section\" data-e-type=\"section\">\n\t\t\t\t\t\t<div class=\"elementor-container elementor-column-gap-default\">\n\t\t\t\t\t<div class=\"elementor-column elementor-col-33 elementor-inner-column elementor-element elementor-element-bc7f54b\" data-id=\"bc7f54b\" data-element_type=\"column\" data-e-type=\"column\">\n\t\t\t<div class=\"elementor-widget-wrap elementor-element-populated\">\n\t\t\t\t\t\t<div class=\"elementor-element elementor-element-1727c22 elementor-widget elementor-widget-image\" data-id=\"1727c22\" data-element_type=\"widget\" data-e-type=\"widget\" data-widget_type=\"image.default\">\n\t\t\t\t<div class=\"elementor-widget-container\">\n\t\t\t\t\t\t\t\t\t\t\t\t\t\t\t<img decoding=\"async\" width=\"470\" height=\"190\" src=\"https:\/\/fuecapilar.com\/wp-content\/uploads\/2023\/08\/123.jpg\" class=\"attachment-large size-large wp-image-909\" alt=\"\" srcset=\"https:\/\/fuecapilar.com\/wp-content\/uploads\/2023\/08\/123.jpg 470w, https:\/\/fuecapilar.com\/wp-content\/uploads\/2023\/08\/123-300x121.jpg 300w\" sizes=\"(max-width: 470px) 100vw, 470px\" \/>\t\t\t\t\t\t\t\t\t\t\t\t\t\t\t<\/div>\n\t\t\t\t<\/div>\n\t\t\t\t\t<\/div>\n\t\t<\/div>\n\t\t\t\t<div class=\"elementor-column elementor-col-33 elementor-inner-column elementor-element elementor-element-a0980b2\" data-id=\"a0980b2\" data-element_type=\"column\" data-e-type=\"column\">\n\t\t\t<div class=\"elementor-widget-wrap elementor-element-populated\">\n\t\t\t\t\t\t<div class=\"elementor-element elementor-element-811d292 elementor-widget elementor-widget-image\" data-id=\"811d292\" data-element_type=\"widget\" data-e-type=\"widget\" data-widget_type=\"image.default\">\n\t\t\t\t<div class=\"elementor-widget-container\">\n\t\t\t\t\t\t\t\t\t\t\t\t\t\t\t<img decoding=\"async\" width=\"470\" height=\"190\" src=\"https:\/\/fuecapilar.com\/wp-content\/uploads\/2023\/08\/456.jpg\" class=\"attachment-large size-large wp-image-912\" alt=\"\" srcset=\"https:\/\/fuecapilar.com\/wp-content\/uploads\/2023\/08\/456.jpg 470w, https:\/\/fuecapilar.com\/wp-content\/uploads\/2023\/08\/456-300x121.jpg 300w\" sizes=\"(max-width: 470px) 100vw, 470px\" \/>\t\t\t\t\t\t\t\t\t\t\t\t\t\t\t<\/div>\n\t\t\t\t<\/div>\n\t\t\t\t\t<\/div>\n\t\t<\/div>\n\t\t\t\t<div class=\"elementor-column elementor-col-33 elementor-inner-column elementor-element elementor-element-eee79a1\" data-id=\"eee79a1\" data-element_type=\"column\" data-e-type=\"column\">\n\t\t\t<div class=\"elementor-widget-wrap elementor-element-populated\">\n\t\t\t\t\t\t<div class=\"elementor-element elementor-element-12e2b98 elementor-widget elementor-widget-image\" data-id=\"12e2b98\" data-element_type=\"widget\" data-e-type=\"widget\" data-widget_type=\"image.default\">\n\t\t\t\t<div class=\"elementor-widget-container\">\n\t\t\t\t\t\t\t\t\t\t\t\t\t\t\t<img loading=\"lazy\" decoding=\"async\" width=\"470\" height=\"190\" src=\"https:\/\/fuecapilar.com\/wp-content\/uploads\/2023\/08\/789.jpg\" class=\"attachment-large size-large wp-image-915\" alt=\"\" srcset=\"https:\/\/fuecapilar.com\/wp-content\/uploads\/2023\/08\/789.jpg 470w, https:\/\/fuecapilar.com\/wp-content\/uploads\/2023\/08\/789-300x121.jpg 300w\" sizes=\"(max-width: 470px) 100vw, 470px\" \/>\t\t\t\t\t\t\t\t\t\t\t\t\t\t\t<\/div>\n\t\t\t\t<\/div>\n\t\t\t\t\t<\/div>\n\t\t<\/div>\n\t\t\t\t\t<\/div>\n\t\t<\/section>\n\t\t\t\t<div class=\"elementor-element elementor-element-49ecd7c elementor-widget elementor-widget-heading\" data-id=\"49ecd7c\" data-element_type=\"widget\" data-e-type=\"widget\" data-widget_type=\"heading.default\">\n\t\t\t\t<div class=\"elementor-widget-container\">\n\t\t\t\t\t<h2 class=\"elementor-heading-title elementor-size-default\">Trasplante de cabello para mujeres\n<\/h2>\t\t\t\t<\/div>\n\t\t\t\t<\/div>\n\t\t\t\t<div class=\"elementor-element elementor-element-e1282ab elementor-widget-divider--view-line elementor-widget elementor-widget-divider\" data-id=\"e1282ab\" data-element_type=\"widget\" data-e-type=\"widget\" data-widget_type=\"divider.default\">\n\t\t\t\t<div class=\"elementor-widget-container\">\n\t\t\t\t\t\t\t<div class=\"elementor-divider\">\n\t\t\t<span class=\"elementor-divider-separator\">\n\t\t\t\t\t\t<\/span>\n\t\t<\/div>\n\t\t\t\t\t\t<\/div>\n\t\t\t\t<\/div>\n\t\t\t\t<div class=\"elementor-element elementor-element-4cb2a313 elementor-widget elementor-widget-text-editor\" data-id=\"4cb2a313\" data-element_type=\"widget\" data-e-type=\"widget\" data-widget_type=\"text-editor.default\">\n\t\t\t\t<div class=\"elementor-widget-container\">\n\t\t\t\t\t\t\t\t\tLa p\u00e9rdida de cabello de patr\u00f3n femenino puede ser una experiencia traum\u00e1tica para cualquier mujer. En los \u00faltimos a\u00f1os, han aparecido algunos tratamientos para ayudar a frenar o estabilizar la ca\u00edda del cabello, siendo el minoxidil oral uno de los m\u00e1s efectivos. Adem\u00e1s, el trasplante de cabello se ha convertido en una soluci\u00f3n muy exitosa para este tipo de p\u00e9rdida de cabello.\n\t\t\t\t\t\t\t\t<\/div>\n\t\t\t\t<\/div>\n\t\t\t\t\t<\/div>\n\t\t<\/div>\n\t\t\t\t\t<\/div>\n\t\t<\/section>\n\t\t\t\t<\/div>\n\t\t","protected":false},"excerpt":{"rendered":"<p>La calvicie de patr\u00f3n femenino es el tipo m\u00e1s com\u00fan de p\u00e9rdida de cabello en las mujeres. La p\u00e9rdida de cabello de patr\u00f3n femenino (FPHL, por sus siglas en ingl\u00e9s) es una forma distintiva de p\u00e9rdida de cabello que ocurre en mujeres con alopecia androgen\u00e9tica. Muchas mujeres se ven afectadas por FPHL. De hecho, alrededor [&hellip;]<\/p>\n","protected":false},"author":1,"featured_media":0,"parent":0,"menu_order":0,"comment_status":"closed","ping_status":"closed","template":"","meta":{"site-sidebar-layout":"no-sidebar","site-content-layout":"page-builder","ast-site-content-layout":"","site-content-style":"default","site-sidebar-style":"default","ast-global-header-display":"","ast-banner-title-visibility":"","ast-main-header-display":"","ast-hfb-above-header-display":"","ast-hfb-below-header-display":"","ast-hfb-mobile-header-display":"","site-post-title":"disabled","ast-breadcrumbs-content":"","ast-featured-img":"disabled","footer-sml-layout":"","theme-transparent-header-meta":"default","adv-header-id-meta":"","stick-header-meta":"","header-above-stick-meta":"","header-main-stick-meta":"","header-below-stick-meta":"","astra-migrate-meta-layouts":"default","ast-page-background-enabled":"default","ast-page-background-meta":{"desktop":{"background-color":"var(--ast-global-color-4)","background-image":"","background-repeat":"repeat","background-position":"center center","background-size":"auto","background-attachment":"scroll","background-type":"","background-media":"","overlay-type":"","overlay-color":"","overlay-opacity":"","overlay-gradient":""},"tablet":{"background-color":"","background-image":"","background-repeat":"repeat","background-position":"center center","background-size":"auto","background-attachment":"scroll","background-type":"","background-media":"","overlay-type":"","overlay-color":"","overlay-opacity":"","overlay-gradient":""},"mobile":{"background-color":"","background-image":"","background-repeat":"repeat","background-position":"center center","background-size":"auto","background-attachment":"scroll","background-type":"","background-media":"","overlay-type":"","overlay-color":"","overlay-opacity":"","overlay-gradient":""}},"ast-content-background-meta":{"desktop":{"background-color":"var(--ast-global-color-5)","background-image":"","background-repeat":"repeat","background-position":"center center","background-size":"auto","background-attachment":"scroll","background-type":"","background-media":"","overlay-type":"","overlay-color":"","overlay-opacity":"","overlay-gradient":""},"tablet":{"background-color":"var(--ast-global-color-5)","background-image":"","background-repeat":"repeat","background-position":"center center","background-size":"auto","background-attachment":"scroll","background-type":"","background-media":"","overlay-type":"","overlay-color":"","overlay-opacity":"","overlay-gradient":""},"mobile":{"background-color":"var(--ast-global-color-5)","background-image":"","background-repeat":"repeat","background-position":"center center","background-size":"auto","background-attachment":"scroll","background-type":"","background-media":"","overlay-type":"","overlay-color":"","overlay-opacity":"","overlay-gradient":""}},"footnotes":""},"class_list":["post-2291","page","type-page","status-publish","hentry"],"yoast_head":"<!-- This site is optimized with the Yoast SEO plugin v27.4 - https:\/\/yoast.com\/product\/yoast-seo-wordpress\/ -->\n<title>Ca\u00edda de Cabello en Mujeres - FUECAPILAR<\/title>\n<meta name=\"robots\" content=\"index, follow, max-snippet:-1, max-image-preview:large, max-video-preview:-1\" \/>\n<link rel=\"canonical\" href=\"https:\/\/fuecapilar.com\/es\/caida-de-cabello-en-mujeres\/\" \/>\n<meta property=\"og:locale\" content=\"es_ES\" \/>\n<meta property=\"og:type\" content=\"article\" \/>\n<meta property=\"og:title\" content=\"Ca\u00edda de Cabello en Mujeres - FUECAPILAR\" \/>\n<meta property=\"og:description\" content=\"La calvicie de patr\u00f3n femenino es el tipo m\u00e1s com\u00fan de p\u00e9rdida de cabello en las mujeres. La p\u00e9rdida de cabello de patr\u00f3n femenino (FPHL, por sus siglas en ingl\u00e9s) es una forma distintiva de p\u00e9rdida de cabello que ocurre en mujeres con alopecia androgen\u00e9tica. Muchas mujeres se ven afectadas por FPHL. De hecho, alrededor [&hellip;]\" \/>\n<meta property=\"og:url\" content=\"https:\/\/fuecapilar.com\/es\/caida-de-cabello-en-mujeres\/\" \/>\n<meta property=\"og:site_name\" content=\"FUECAPILAR\" \/>\n<meta property=\"article:modified_time\" content=\"2023-08-21T12:10:42+00:00\" \/>\n<meta property=\"og:image\" content=\"https:\/\/fuecapilar.com\/wp-content\/uploads\/2023\/08\/female-hair-loss-1024x684.png\" \/>\n<meta name=\"twitter:card\" content=\"summary_large_image\" \/>\n<meta name=\"twitter:label1\" content=\"Tiempo de lectura\" \/>\n\t<meta name=\"twitter:data1\" content=\"1 minuto\" \/>\n<script type=\"application\/ld+json\" class=\"yoast-schema-graph\">{\"@context\":\"https:\\\/\\\/schema.org\",\"@graph\":[{\"@type\":\"WebPage\",\"@id\":\"https:\\\/\\\/fuecapilar.com\\\/es\\\/caida-de-cabello-en-mujeres\\\/\",\"url\":\"https:\\\/\\\/fuecapilar.com\\\/es\\\/caida-de-cabello-en-mujeres\\\/\",\"name\":\"Ca\u00edda de Cabello en Mujeres - FUECAPILAR\",\"isPartOf\":{\"@id\":\"https:\\\/\\\/fuecapilar.com\\\/#website\"},\"primaryImageOfPage\":{\"@id\":\"https:\\\/\\\/fuecapilar.com\\\/es\\\/caida-de-cabello-en-mujeres\\\/#primaryimage\"},\"image\":{\"@id\":\"https:\\\/\\\/fuecapilar.com\\\/es\\\/caida-de-cabello-en-mujeres\\\/#primaryimage\"},\"thumbnailUrl\":\"https:\\\/\\\/fuecapilar.com\\\/wp-content\\\/uploads\\\/2023\\\/08\\\/female-hair-loss-1024x684.png\",\"datePublished\":\"2023-08-02T07:54:12+00:00\",\"dateModified\":\"2023-08-21T12:10:42+00:00\",\"breadcrumb\":{\"@id\":\"https:\\\/\\\/fuecapilar.com\\\/es\\\/caida-de-cabello-en-mujeres\\\/#breadcrumb\"},\"inLanguage\":\"es\",\"potentialAction\":[{\"@type\":\"ReadAction\",\"target\":[\"https:\\\/\\\/fuecapilar.com\\\/es\\\/caida-de-cabello-en-mujeres\\\/\"]}]},{\"@type\":\"ImageObject\",\"inLanguage\":\"es\",\"@id\":\"https:\\\/\\\/fuecapilar.com\\\/es\\\/caida-de-cabello-en-mujeres\\\/#primaryimage\",\"url\":\"https:\\\/\\\/fuecapilar.com\\\/wp-content\\\/uploads\\\/2023\\\/08\\\/female-hair-loss-1024x684.png\",\"contentUrl\":\"https:\\\/\\\/fuecapilar.com\\\/wp-content\\\/uploads\\\/2023\\\/08\\\/female-hair-loss-1024x684.png\"},{\"@type\":\"BreadcrumbList\",\"@id\":\"https:\\\/\\\/fuecapilar.com\\\/es\\\/caida-de-cabello-en-mujeres\\\/#breadcrumb\",\"itemListElement\":[{\"@type\":\"ListItem\",\"position\":1,\"name\":\"Home\",\"item\":\"https:\\\/\\\/fuecapilar.com\\\/es\\\/\"},{\"@type\":\"ListItem\",\"position\":2,\"name\":\"Ca\u00edda de Cabello en Mujeres\"}]},{\"@type\":\"WebSite\",\"@id\":\"https:\\\/\\\/fuecapilar.com\\\/#website\",\"url\":\"https:\\\/\\\/fuecapilar.com\\\/\",\"name\":\"FUECAPILAR\",\"description\":\"Surgery performed by a surgeon\",\"publisher\":{\"@id\":\"https:\\\/\\\/fuecapilar.com\\\/#organization\"},\"potentialAction\":[{\"@type\":\"SearchAction\",\"target\":{\"@type\":\"EntryPoint\",\"urlTemplate\":\"https:\\\/\\\/fuecapilar.com\\\/?s={search_term_string}\"},\"query-input\":{\"@type\":\"PropertyValueSpecification\",\"valueRequired\":true,\"valueName\":\"search_term_string\"}}],\"inLanguage\":\"es\"},{\"@type\":\"Organization\",\"@id\":\"https:\\\/\\\/fuecapilar.com\\\/#organization\",\"name\":\"FUECAPILAR\",\"url\":\"https:\\\/\\\/fuecapilar.com\\\/\",\"logo\":{\"@type\":\"ImageObject\",\"inLanguage\":\"es\",\"@id\":\"https:\\\/\\\/fuecapilar.com\\\/#\\\/schema\\\/logo\\\/image\\\/\",\"url\":\"https:\\\/\\\/fuecapilar.com\\\/wp-content\\\/uploads\\\/2023\\\/04\\\/fuecapilar-logo.png\",\"contentUrl\":\"https:\\\/\\\/fuecapilar.com\\\/wp-content\\\/uploads\\\/2023\\\/04\\\/fuecapilar-logo.png\",\"width\":400,\"height\":85,\"caption\":\"FUECAPILAR\"},\"image\":{\"@id\":\"https:\\\/\\\/fuecapilar.com\\\/#\\\/schema\\\/logo\\\/image\\\/\"}}]}<\/script>\n<!-- \/ Yoast SEO plugin. -->","yoast_head_json":{"title":"Ca\u00edda de Cabello en Mujeres - FUECAPILAR","robots":{"index":"index","follow":"follow","max-snippet":"max-snippet:-1","max-image-preview":"max-image-preview:large","max-video-preview":"max-video-preview:-1"},"canonical":"https:\/\/fuecapilar.com\/es\/caida-de-cabello-en-mujeres\/","og_locale":"es_ES","og_type":"article","og_title":"Ca\u00edda de Cabello en Mujeres - FUECAPILAR","og_description":"La calvicie de patr\u00f3n femenino es el tipo m\u00e1s com\u00fan de p\u00e9rdida de cabello en las mujeres. La p\u00e9rdida de cabello de patr\u00f3n femenino (FPHL, por sus siglas en ingl\u00e9s) es una forma distintiva de p\u00e9rdida de cabello que ocurre en mujeres con alopecia androgen\u00e9tica. Muchas mujeres se ven afectadas por FPHL. De hecho, alrededor [&hellip;]","og_url":"https:\/\/fuecapilar.com\/es\/caida-de-cabello-en-mujeres\/","og_site_name":"FUECAPILAR","article_modified_time":"2023-08-21T12:10:42+00:00","og_image":[{"url":"https:\/\/fuecapilar.com\/wp-content\/uploads\/2023\/08\/female-hair-loss-1024x684.png","type":"","width":"","height":""}],"twitter_card":"summary_large_image","twitter_misc":{"Tiempo de lectura":"1 minuto"},"schema":{"@context":"https:\/\/schema.org","@graph":[{"@type":"WebPage","@id":"https:\/\/fuecapilar.com\/es\/caida-de-cabello-en-mujeres\/","url":"https:\/\/fuecapilar.com\/es\/caida-de-cabello-en-mujeres\/","name":"Ca\u00edda de Cabello en Mujeres - FUECAPILAR","isPartOf":{"@id":"https:\/\/fuecapilar.com\/#website"},"primaryImageOfPage":{"@id":"https:\/\/fuecapilar.com\/es\/caida-de-cabello-en-mujeres\/#primaryimage"},"image":{"@id":"https:\/\/fuecapilar.com\/es\/caida-de-cabello-en-mujeres\/#primaryimage"},"thumbnailUrl":"https:\/\/fuecapilar.com\/wp-content\/uploads\/2023\/08\/female-hair-loss-1024x684.png","datePublished":"2023-08-02T07:54:12+00:00","dateModified":"2023-08-21T12:10:42+00:00","breadcrumb":{"@id":"https:\/\/fuecapilar.com\/es\/caida-de-cabello-en-mujeres\/#breadcrumb"},"inLanguage":"es","potentialAction":[{"@type":"ReadAction","target":["https:\/\/fuecapilar.com\/es\/caida-de-cabello-en-mujeres\/"]}]},{"@type":"ImageObject","inLanguage":"es","@id":"https:\/\/fuecapilar.com\/es\/caida-de-cabello-en-mujeres\/#primaryimage","url":"https:\/\/fuecapilar.com\/wp-content\/uploads\/2023\/08\/female-hair-loss-1024x684.png","contentUrl":"https:\/\/fuecapilar.com\/wp-content\/uploads\/2023\/08\/female-hair-loss-1024x684.png"},{"@type":"BreadcrumbList","@id":"https:\/\/fuecapilar.com\/es\/caida-de-cabello-en-mujeres\/#breadcrumb","itemListElement":[{"@type":"ListItem","position":1,"name":"Home","item":"https:\/\/fuecapilar.com\/es\/"},{"@type":"ListItem","position":2,"name":"Ca\u00edda de Cabello en Mujeres"}]},{"@type":"WebSite","@id":"https:\/\/fuecapilar.com\/#website","url":"https:\/\/fuecapilar.com\/","name":"FUECAPILAR","description":"Surgery performed by a surgeon","publisher":{"@id":"https:\/\/fuecapilar.com\/#organization"},"potentialAction":[{"@type":"SearchAction","target":{"@type":"EntryPoint","urlTemplate":"https:\/\/fuecapilar.com\/?s={search_term_string}"},"query-input":{"@type":"PropertyValueSpecification","valueRequired":true,"valueName":"search_term_string"}}],"inLanguage":"es"},{"@type":"Organization","@id":"https:\/\/fuecapilar.com\/#organization","name":"FUECAPILAR","url":"https:\/\/fuecapilar.com\/","logo":{"@type":"ImageObject","inLanguage":"es","@id":"https:\/\/fuecapilar.com\/#\/schema\/logo\/image\/","url":"https:\/\/fuecapilar.com\/wp-content\/uploads\/2023\/04\/fuecapilar-logo.png","contentUrl":"https:\/\/fuecapilar.com\/wp-content\/uploads\/2023\/04\/fuecapilar-logo.png","width":400,"height":85,"caption":"FUECAPILAR"},"image":{"@id":"https:\/\/fuecapilar.com\/#\/schema\/logo\/image\/"}}]}},"_links":{"self":[{"href":"https:\/\/fuecapilar.com\/es\/wp-json\/wp\/v2\/pages\/2291","targetHints":{"allow":["GET"]}}],"collection":[{"href":"https:\/\/fuecapilar.com\/es\/wp-json\/wp\/v2\/pages"}],"about":[{"href":"https:\/\/fuecapilar.com\/es\/wp-json\/wp\/v2\/types\/page"}],"author":[{"embeddable":true,"href":"https:\/\/fuecapilar.com\/es\/wp-json\/wp\/v2\/users\/1"}],"replies":[{"embeddable":true,"href":"https:\/\/fuecapilar.com\/es\/wp-json\/wp\/v2\/comments?post=2291"}],"version-history":[{"count":1,"href":"https:\/\/fuecapilar.com\/es\/wp-json\/wp\/v2\/pages\/2291\/revisions"}],"predecessor-version":[{"id":2292,"href":"https:\/\/fuecapilar.com\/es\/wp-json\/wp\/v2\/pages\/2291\/revisions\/2292"}],"wp:attachment":[{"href":"https:\/\/fuecapilar.com\/es\/wp-json\/wp\/v2\/media?parent=2291"}],"curies":[{"name":"wp","href":"https:\/\/api.w.org\/{rel}","templated":true}]}}