{"id":2295,"date":"2023-08-02T11:46:36","date_gmt":"2023-08-02T11:46:36","guid":{"rendered":"https:\/\/fuecapilar.com\/fue-apertura-de-canales\/"},"modified":"2023-08-21T12:22:45","modified_gmt":"2023-08-21T12:22:45","slug":"fue-apertura-de-canales","status":"publish","type":"page","link":"https:\/\/fuecapilar.com\/es\/fue-apertura-de-canales\/","title":{"rendered":"FUE + Apertura de Canales"},"content":{"rendered":"\t\t<div data-elementor-type=\"wp-page\" data-elementor-id=\"2295\" class=\"elementor elementor-2295 elementor-390\" data-elementor-post-type=\"page\">\n\t\t\t\t\t\t<section class=\"elementor-section elementor-top-section elementor-element elementor-element-a6a6970 elementor-section-boxed elementor-section-height-default elementor-section-height-default\" data-id=\"a6a6970\" data-element_type=\"section\" data-e-type=\"section\">\n\t\t\t\t\t\t<div class=\"elementor-container elementor-column-gap-default\">\n\t\t\t\t\t<div class=\"elementor-column elementor-col-100 elementor-top-column elementor-element elementor-element-3378ee0b\" data-id=\"3378ee0b\" data-element_type=\"column\" data-e-type=\"column\">\n\t\t\t<div class=\"elementor-widget-wrap elementor-element-populated\">\n\t\t\t\t\t\t<div class=\"elementor-element elementor-element-2367b9fb elementor-widget elementor-widget-heading\" data-id=\"2367b9fb\" data-element_type=\"widget\" data-e-type=\"widget\" data-widget_type=\"heading.default\">\n\t\t\t\t<div class=\"elementor-widget-container\">\n\t\t\t\t\t<h2 class=\"elementor-heading-title elementor-size-default\">FUE por el Dr. Gur<\/h2>\t\t\t\t<\/div>\n\t\t\t\t<\/div>\n\t\t\t\t<div class=\"elementor-element elementor-element-68c9c86e elementor-widget elementor-widget-text-editor\" data-id=\"68c9c86e\" data-element_type=\"widget\" data-e-type=\"widget\" data-widget_type=\"text-editor.default\">\n\t\t\t\t<div class=\"elementor-widget-container\">\n\t\t\t\t\t\t\t\t\t<p><span style=\"font-weight: 400;\">Esta t\u00e9cnica moderna de trasplante de cabello se ha utilizado desde 2003. Este tratamiento es m\u00e1s avanzado que los m\u00e9todos de trasplante anteriores, como el trasplante en tira o FUT.<\/span><\/p>\n<p><span style=\"font-weight: 400;\">La t\u00e9cnica FUE es un m\u00e9todo de extracci\u00f3n de unidades foliculares, que contienen de 1 a 5 cabellos, del \u00e1rea donante. En los trasplantes de cabello FUE, se usa un instrumento de extracci\u00f3n especializado para hacer una peque\u00f1a incisi\u00f3n circular en la piel alrededor de una unidad folicular, separ\u00e1ndola del tejido circundante. La unidad se extrae directamente del cuero cabelludo, dejando un peque\u00f1o orificio abierto.<\/span><span style=\"font-weight: 400;\">Los Est\u00e1ndares Golden Hand son un est\u00e1ndar de calidad practicado por el Dr. Gokhan Gur para <\/span><span style=\"font-weight: 400;\">minimizar la posibilidad de da\u00f1o al injerto<\/span><span style=\"font-weight: 400;\"> durante los procedimientos de restauraci\u00f3n capilar. . <\/span> <\/p>\n<p><span style=\"font-weight: 400;\">Estos est\u00e1ndares tambi\u00e9n aseguran que el <\/span><span style=\"font-weight: 400;\">\u00e1rea donante no tenga una falta visible de densidad,<\/span><span style=\"font-weight: 400;\"> se mantenga saludable y sea s\u00f3lida para posibles procedimientos futuros de trasplante de cabello si los pacientes lo necesitan. <\/span> <\/p>\n<p><span style=\"font-weight: 400;\">Adem\u00e1s, los est\u00e1ndares <\/span><span style=\"font-weight: 400;\">permiten una extracci\u00f3n homog\u00e9nea <\/span><span style=\"font-weight: 400;\"> del \u00e1rea donante que da como resultado un aspecto natural en la misma. <\/span> <\/p>\n<p><span style=\"font-weight: 400;\">Una cirug\u00eda de trasplante capilar es un procedimiento ambulatorio que se realiza bajo anestesia local. Estar\u00e1s perfectamente despierto y podr\u00e1s hablar con el cirujano durante el procedimiento.<\/span><\/p>\n<p><span style=\"font-weight: 400;\">El anest\u00e9sico local se inyecta en el cuero cabelludo del \u00e1rea donante y del \u00e1rea receptora.<\/span><span style=\"font-weight: 400;\"><br \/><\/span><span style=\"font-weight: 400;\"><br \/><\/span><span style=\"font-weight: 400;\">Antes de que comience la cirug\u00eda, el Dr. Gur realiza una evaluaci\u00f3n meticulosa del \u00e1rea donante donde se establece la capacidad general del \u00e1rea donante para determinar la cantidad m\u00e1xima de injertos que se pueden extraer de manera segura sin provocar ning\u00fan da\u00f1o en el \u00e1rea donante.<\/span><\/p>\n<p><span style=\"font-weight: 400;\">Tambi\u00e9n se mide el grosor del cabello para elegir el tama\u00f1o de perforaci\u00f3n adecuado, que puede variar de 0,8 mm a 1,1 mm; sin embargo, en la mayor\u00eda de los casos los punzones utilizados son de 0,8 y 0,9 mm.<\/span><\/p>\n<p><span style=\"font-weight: 400;\">El Dr. Gur utiliza un punz\u00f3n micromotor en todas sus extracciones. En sus m\u00e1s de 20 a\u00f1os de trayectoria ha acumulado una gran experiencia que se puede resumir en los siguientes datos:<\/span><\/p>\n<ul>\n<li style=\"font-weight: 400;\" aria-level=\"1\"><i><span style=\"font-weight: 400;\">Nuestra tasa total de transecci\u00f3n es tan peque\u00f1a como de&lt; 5-10 injertos por cada 3000 injertos (0,17 % &#8211; 0,33 %) o, en otros t\u00e9rminos, esta tasa es ignorable.<\/span><\/i><\/li>\n<\/ul>\n\t\t\t\t\t\t\t\t<\/div>\n\t\t\t\t<\/div>\n\t\t\t\t\t<\/div>\n\t\t<\/div>\n\t\t\t\t\t<\/div>\n\t\t<\/section>\n\t\t\t\t<section class=\"elementor-section elementor-top-section elementor-element elementor-element-55a704 elementor-section-stretched elementor-section-boxed elementor-section-height-default elementor-section-height-default\" data-id=\"55a704\" data-element_type=\"section\" data-e-type=\"section\" data-settings=\"{&quot;stretch_section&quot;:&quot;section-stretched&quot;,&quot;background_background&quot;:&quot;classic&quot;}\">\n\t\t\t\t\t\t<div class=\"elementor-container elementor-column-gap-default\">\n\t\t\t\t\t<div class=\"elementor-column elementor-col-100 elementor-top-column elementor-element elementor-element-161699e2\" data-id=\"161699e2\" data-element_type=\"column\" data-e-type=\"column\">\n\t\t\t<div class=\"elementor-widget-wrap elementor-element-populated\">\n\t\t\t\t\t\t<div class=\"elementor-element elementor-element-4380a121 elementor-widget elementor-widget-heading\" data-id=\"4380a121\" data-element_type=\"widget\" data-e-type=\"widget\" data-widget_type=\"heading.default\">\n\t\t\t\t<div class=\"elementor-widget-container\">\n\t\t\t\t\t<h2 class=\"elementor-heading-title elementor-size-default\">Apertura de Canales por el Dr Gur<\/h2>\t\t\t\t<\/div>\n\t\t\t\t<\/div>\n\t\t\t\t<div class=\"elementor-element elementor-element-79cff8d2 elementor-widget elementor-widget-text-editor\" data-id=\"79cff8d2\" data-element_type=\"widget\" data-e-type=\"widget\" data-widget_type=\"text-editor.default\">\n\t\t\t\t<div class=\"elementor-widget-container\">\n\t\t\t\t\t\t\t\t\t<p><span style=\"font-weight: 400;\">Los injertos intactos (sin da\u00f1os) recolectados siguiendo los est\u00e1ndares Golden Hand DEBEN colocarse dentro de los canales del tama\u00f1o correcto que se ajustan exactamente a los di\u00e1metros de los injertos. Esta es la regla <\/span><b>la regla n\u00famero uno para lograr resultados<\/b><span style=\"font-weight: 400;\">de apariencia natural en una operaci\u00f3n de implante capilar.<\/span><\/p>\n<p><span style=\"font-weight: 400;\">La apertura del canal en el \u00e1ngulo y profundidad correctas es un procedimiento crucial ya que los canales se consideran el \u00e1rea de incubaci\u00f3n de los injertos y de ellos depende la supervivencia de las unidades foliculares.<\/span><\/p>\n\t\t\t\t\t\t\t\t<\/div>\n\t\t\t\t<\/div>\n\t\t\t\t<div class=\"elementor-element elementor-element-9493bdd elementor-icon-list--layout-traditional elementor-list-item-link-full_width elementor-widget elementor-widget-icon-list\" data-id=\"9493bdd\" data-element_type=\"widget\" data-e-type=\"widget\" data-widget_type=\"icon-list.default\">\n\t\t\t\t<div class=\"elementor-widget-container\">\n\t\t\t\t\t\t\t<ul class=\"elementor-icon-list-items\">\n\t\t\t\t\t\t\t<li class=\"elementor-icon-list-item\">\n\t\t\t\t\t\t\t\t\t\t\t<span class=\"elementor-icon-list-icon\">\n\t\t\t\t\t\t\t<i aria-hidden=\"true\" class=\"fas fa-arrow-circle-right\"><\/i>\t\t\t\t\t\t<\/span>\n\t\t\t\t\t\t\t\t\t\t<span class=\"elementor-icon-list-text\">Si los injertos se insertan en canales con di\u00e1metros m\u00e1s grandes, no pueden adaptarse a su nuevo entorno, provocando abolladuras y da\u00f1o en el cuero cabelludo y las ra\u00edces del cabello. <\/span>\n\t\t\t\t\t\t\t\t\t<\/li>\n\t\t\t\t\t\t\t\t<li class=\"elementor-icon-list-item\">\n\t\t\t\t\t\t\t\t\t\t\t<span class=\"elementor-icon-list-icon\">\n\t\t\t\t\t\t\t<i aria-hidden=\"true\" class=\"fas fa-arrow-circle-right\"><\/i>\t\t\t\t\t\t<\/span>\n\t\t\t\t\t\t\t\t\t\t<span class=\"elementor-icon-list-text\">Del mismo modo, si los injertos se ven obligados a transportarse en canales de menor tama\u00f1o, los injertos se da\u00f1ar\u00edan, lo que provocar\u00eda una tasa de crecimiento reducida y una menor densidad en el \u00e1rea receptora. <\/span>\n\t\t\t\t\t\t\t\t\t<\/li>\n\t\t\t\t\t\t<\/ul>\n\t\t\t\t\t\t<\/div>\n\t\t\t\t<\/div>\n\t\t\t\t<div class=\"elementor-element elementor-element-1f707e0 elementor-widget elementor-widget-text-editor\" data-id=\"1f707e0\" data-element_type=\"widget\" data-e-type=\"widget\" data-widget_type=\"text-editor.default\">\n\t\t\t\t<div class=\"elementor-widget-container\">\n\t\t\t\t\t\t\t\t\t<p><span style=\"font-weight: 400;\">Por lo tanto, el transporte de los injertos, que se extraen con un punz\u00f3n de<\/span><span style=\"font-weight: 400;\">.<\/span><span style=\"font-weight: 400;\">0,8 y 0,9 mm<\/span><span style=\"font-weight: 400;\">.<\/span><span style=\"font-weight: 400;\"> a las incisiones de menos de 1 mm de di\u00e1metro es el aspecto m\u00e1s importante para lograr una calidad est\u00e9tica total en las operaciones de trasplante capilar FUE. <\/span> <\/p>\n<p><span style=\"font-weight: 400;\">Para la l\u00ednea frontal del cabello y la zona frontal, el Dr. Gur actualmente usa hojas de zafiro a partir de 0,8 mm a 1 mm, seg\u00fan la textura del cabello (grosor), el tama\u00f1o del injerto y la clasificaci\u00f3n de los injertos (injertos m\u00faltiples), este tama\u00f1o de hoja puede aumentar a 1,25 mm. <\/span><\/p>\n<p><span style=\"font-weight: 400;\">El objetivo principal de los Est\u00e1ndares Golden Hand es lograr resultados de alta calidad de apariencia natural.<\/span><\/p>\n\t\t\t\t\t\t\t\t<\/div>\n\t\t\t\t<\/div>\n\t\t\t\t\t<\/div>\n\t\t<\/div>\n\t\t\t\t\t<\/div>\n\t\t<\/section>\n\t\t\t\t<\/div>\n\t\t","protected":false},"excerpt":{"rendered":"<p>FUE por el Dr. Gur Esta t\u00e9cnica moderna de trasplante de cabello se ha utilizado desde 2003. Este tratamiento es m\u00e1s avanzado que los m\u00e9todos de trasplante anteriores, como el trasplante en tira o FUT. La t\u00e9cnica FUE es un m\u00e9todo de extracci\u00f3n de unidades foliculares, que contienen de 1 a 5 cabellos, del \u00e1rea [&hellip;]<\/p>\n","protected":false},"author":1,"featured_media":0,"parent":0,"menu_order":0,"comment_status":"closed","ping_status":"closed","template":"","meta":{"site-sidebar-layout":"no-sidebar","site-content-layout":"page-builder","ast-site-content-layout":"","site-content-style":"default","site-sidebar-style":"default","ast-global-header-display":"","ast-banner-title-visibility":"","ast-main-header-display":"","ast-hfb-above-header-display":"","ast-hfb-below-header-display":"","ast-hfb-mobile-header-display":"","site-post-title":"disabled","ast-breadcrumbs-content":"","ast-featured-img":"disabled","footer-sml-layout":"","theme-transparent-header-meta":"default","adv-header-id-meta":"","stick-header-meta":"","header-above-stick-meta":"","header-main-stick-meta":"","header-below-stick-meta":"","astra-migrate-meta-layouts":"default","ast-page-background-enabled":"default","ast-page-background-meta":{"desktop":{"background-color":"var(--ast-global-color-4)","background-image":"","background-repeat":"repeat","background-position":"center center","background-size":"auto","background-attachment":"scroll","background-type":"","background-media":"","overlay-type":"","overlay-color":"","overlay-opacity":"","overlay-gradient":""},"tablet":{"background-color":"","background-image":"","background-repeat":"repeat","background-position":"center center","background-size":"auto","background-attachment":"scroll","background-type":"","background-media":"","overlay-type":"","overlay-color":"","overlay-opacity":"","overlay-gradient":""},"mobile":{"background-color":"","background-image":"","background-repeat":"repeat","background-position":"center center","background-size":"auto","background-attachment":"scroll","background-type":"","background-media":"","overlay-type":"","overlay-color":"","overlay-opacity":"","overlay-gradient":""}},"ast-content-background-meta":{"desktop":{"background-color":"var(--ast-global-color-5)","background-image":"","background-repeat":"repeat","background-position":"center center","background-size":"auto","background-attachment":"scroll","background-type":"","background-media":"","overlay-type":"","overlay-color":"","overlay-opacity":"","overlay-gradient":""},"tablet":{"background-color":"var(--ast-global-color-5)","background-image":"","background-repeat":"repeat","background-position":"center center","background-size":"auto","background-attachment":"scroll","background-type":"","background-media":"","overlay-type":"","overlay-color":"","overlay-opacity":"","overlay-gradient":""},"mobile":{"background-color":"var(--ast-global-color-5)","background-image":"","background-repeat":"repeat","background-position":"center center","background-size":"auto","background-attachment":"scroll","background-type":"","background-media":"","overlay-type":"","overlay-color":"","overlay-opacity":"","overlay-gradient":""}},"footnotes":""},"class_list":["post-2295","page","type-page","status-publish","hentry"],"yoast_head":"<!-- This site is optimized with the Yoast SEO plugin v27.4 - https:\/\/yoast.com\/product\/yoast-seo-wordpress\/ -->\n<title>FUE + Apertura de Canales - FUECAPILAR<\/title>\n<meta name=\"robots\" content=\"index, follow, max-snippet:-1, max-image-preview:large, max-video-preview:-1\" \/>\n<link rel=\"canonical\" href=\"https:\/\/fuecapilar.com\/es\/fue-apertura-de-canales\/\" \/>\n<meta property=\"og:locale\" content=\"es_ES\" \/>\n<meta property=\"og:type\" content=\"article\" \/>\n<meta property=\"og:title\" content=\"FUE + Apertura de Canales - FUECAPILAR\" \/>\n<meta property=\"og:description\" content=\"FUE por el Dr. Gur Esta t\u00e9cnica moderna de trasplante de cabello se ha utilizado desde 2003. Este tratamiento es m\u00e1s avanzado que los m\u00e9todos de trasplante anteriores, como el trasplante en tira o FUT. La t\u00e9cnica FUE es un m\u00e9todo de extracci\u00f3n de unidades foliculares, que contienen de 1 a 5 cabellos, del \u00e1rea [&hellip;]\" \/>\n<meta property=\"og:url\" content=\"https:\/\/fuecapilar.com\/es\/fue-apertura-de-canales\/\" \/>\n<meta property=\"og:site_name\" content=\"FUECAPILAR\" \/>\n<meta property=\"article:modified_time\" content=\"2023-08-21T12:22:45+00:00\" \/>\n<meta name=\"twitter:card\" content=\"summary_large_image\" \/>\n<meta name=\"twitter:label1\" content=\"Tiempo de lectura\" \/>\n\t<meta name=\"twitter:data1\" content=\"4 minutos\" \/>\n<script type=\"application\/ld+json\" class=\"yoast-schema-graph\">{\"@context\":\"https:\\\/\\\/schema.org\",\"@graph\":[{\"@type\":\"WebPage\",\"@id\":\"https:\\\/\\\/fuecapilar.com\\\/es\\\/fue-apertura-de-canales\\\/\",\"url\":\"https:\\\/\\\/fuecapilar.com\\\/es\\\/fue-apertura-de-canales\\\/\",\"name\":\"FUE + Apertura de Canales - FUECAPILAR\",\"isPartOf\":{\"@id\":\"https:\\\/\\\/fuecapilar.com\\\/#website\"},\"datePublished\":\"2023-08-02T11:46:36+00:00\",\"dateModified\":\"2023-08-21T12:22:45+00:00\",\"breadcrumb\":{\"@id\":\"https:\\\/\\\/fuecapilar.com\\\/es\\\/fue-apertura-de-canales\\\/#breadcrumb\"},\"inLanguage\":\"es\",\"potentialAction\":[{\"@type\":\"ReadAction\",\"target\":[\"https:\\\/\\\/fuecapilar.com\\\/es\\\/fue-apertura-de-canales\\\/\"]}]},{\"@type\":\"BreadcrumbList\",\"@id\":\"https:\\\/\\\/fuecapilar.com\\\/es\\\/fue-apertura-de-canales\\\/#breadcrumb\",\"itemListElement\":[{\"@type\":\"ListItem\",\"position\":1,\"name\":\"Home\",\"item\":\"https:\\\/\\\/fuecapilar.com\\\/es\\\/\"},{\"@type\":\"ListItem\",\"position\":2,\"name\":\"FUE + Apertura de Canales\"}]},{\"@type\":\"WebSite\",\"@id\":\"https:\\\/\\\/fuecapilar.com\\\/#website\",\"url\":\"https:\\\/\\\/fuecapilar.com\\\/\",\"name\":\"FUECAPILAR\",\"description\":\"Surgery performed by a surgeon\",\"publisher\":{\"@id\":\"https:\\\/\\\/fuecapilar.com\\\/#organization\"},\"potentialAction\":[{\"@type\":\"SearchAction\",\"target\":{\"@type\":\"EntryPoint\",\"urlTemplate\":\"https:\\\/\\\/fuecapilar.com\\\/?s={search_term_string}\"},\"query-input\":{\"@type\":\"PropertyValueSpecification\",\"valueRequired\":true,\"valueName\":\"search_term_string\"}}],\"inLanguage\":\"es\"},{\"@type\":\"Organization\",\"@id\":\"https:\\\/\\\/fuecapilar.com\\\/#organization\",\"name\":\"FUECAPILAR\",\"url\":\"https:\\\/\\\/fuecapilar.com\\\/\",\"logo\":{\"@type\":\"ImageObject\",\"inLanguage\":\"es\",\"@id\":\"https:\\\/\\\/fuecapilar.com\\\/#\\\/schema\\\/logo\\\/image\\\/\",\"url\":\"https:\\\/\\\/fuecapilar.com\\\/wp-content\\\/uploads\\\/2023\\\/04\\\/fuecapilar-logo.png\",\"contentUrl\":\"https:\\\/\\\/fuecapilar.com\\\/wp-content\\\/uploads\\\/2023\\\/04\\\/fuecapilar-logo.png\",\"width\":400,\"height\":85,\"caption\":\"FUECAPILAR\"},\"image\":{\"@id\":\"https:\\\/\\\/fuecapilar.com\\\/#\\\/schema\\\/logo\\\/image\\\/\"}}]}<\/script>\n<!-- \/ Yoast SEO plugin. -->","yoast_head_json":{"title":"FUE + Apertura de Canales - FUECAPILAR","robots":{"index":"index","follow":"follow","max-snippet":"max-snippet:-1","max-image-preview":"max-image-preview:large","max-video-preview":"max-video-preview:-1"},"canonical":"https:\/\/fuecapilar.com\/es\/fue-apertura-de-canales\/","og_locale":"es_ES","og_type":"article","og_title":"FUE + Apertura de Canales - FUECAPILAR","og_description":"FUE por el Dr. Gur Esta t\u00e9cnica moderna de trasplante de cabello se ha utilizado desde 2003. Este tratamiento es m\u00e1s avanzado que los m\u00e9todos de trasplante anteriores, como el trasplante en tira o FUT. La t\u00e9cnica FUE es un m\u00e9todo de extracci\u00f3n de unidades foliculares, que contienen de 1 a 5 cabellos, del \u00e1rea [&hellip;]","og_url":"https:\/\/fuecapilar.com\/es\/fue-apertura-de-canales\/","og_site_name":"FUECAPILAR","article_modified_time":"2023-08-21T12:22:45+00:00","twitter_card":"summary_large_image","twitter_misc":{"Tiempo de lectura":"4 minutos"},"schema":{"@context":"https:\/\/schema.org","@graph":[{"@type":"WebPage","@id":"https:\/\/fuecapilar.com\/es\/fue-apertura-de-canales\/","url":"https:\/\/fuecapilar.com\/es\/fue-apertura-de-canales\/","name":"FUE + Apertura de Canales - FUECAPILAR","isPartOf":{"@id":"https:\/\/fuecapilar.com\/#website"},"datePublished":"2023-08-02T11:46:36+00:00","dateModified":"2023-08-21T12:22:45+00:00","breadcrumb":{"@id":"https:\/\/fuecapilar.com\/es\/fue-apertura-de-canales\/#breadcrumb"},"inLanguage":"es","potentialAction":[{"@type":"ReadAction","target":["https:\/\/fuecapilar.com\/es\/fue-apertura-de-canales\/"]}]},{"@type":"BreadcrumbList","@id":"https:\/\/fuecapilar.com\/es\/fue-apertura-de-canales\/#breadcrumb","itemListElement":[{"@type":"ListItem","position":1,"name":"Home","item":"https:\/\/fuecapilar.com\/es\/"},{"@type":"ListItem","position":2,"name":"FUE + Apertura de Canales"}]},{"@type":"WebSite","@id":"https:\/\/fuecapilar.com\/#website","url":"https:\/\/fuecapilar.com\/","name":"FUECAPILAR","description":"Surgery performed by a surgeon","publisher":{"@id":"https:\/\/fuecapilar.com\/#organization"},"potentialAction":[{"@type":"SearchAction","target":{"@type":"EntryPoint","urlTemplate":"https:\/\/fuecapilar.com\/?s={search_term_string}"},"query-input":{"@type":"PropertyValueSpecification","valueRequired":true,"valueName":"search_term_string"}}],"inLanguage":"es"},{"@type":"Organization","@id":"https:\/\/fuecapilar.com\/#organization","name":"FUECAPILAR","url":"https:\/\/fuecapilar.com\/","logo":{"@type":"ImageObject","inLanguage":"es","@id":"https:\/\/fuecapilar.com\/#\/schema\/logo\/image\/","url":"https:\/\/fuecapilar.com\/wp-content\/uploads\/2023\/04\/fuecapilar-logo.png","contentUrl":"https:\/\/fuecapilar.com\/wp-content\/uploads\/2023\/04\/fuecapilar-logo.png","width":400,"height":85,"caption":"FUECAPILAR"},"image":{"@id":"https:\/\/fuecapilar.com\/#\/schema\/logo\/image\/"}}]}},"_links":{"self":[{"href":"https:\/\/fuecapilar.com\/es\/wp-json\/wp\/v2\/pages\/2295","targetHints":{"allow":["GET"]}}],"collection":[{"href":"https:\/\/fuecapilar.com\/es\/wp-json\/wp\/v2\/pages"}],"about":[{"href":"https:\/\/fuecapilar.com\/es\/wp-json\/wp\/v2\/types\/page"}],"author":[{"embeddable":true,"href":"https:\/\/fuecapilar.com\/es\/wp-json\/wp\/v2\/users\/1"}],"replies":[{"embeddable":true,"href":"https:\/\/fuecapilar.com\/es\/wp-json\/wp\/v2\/comments?post=2295"}],"version-history":[{"count":1,"href":"https:\/\/fuecapilar.com\/es\/wp-json\/wp\/v2\/pages\/2295\/revisions"}],"predecessor-version":[{"id":2296,"href":"https:\/\/fuecapilar.com\/es\/wp-json\/wp\/v2\/pages\/2295\/revisions\/2296"}],"wp:attachment":[{"href":"https:\/\/fuecapilar.com\/es\/wp-json\/wp\/v2\/media?parent=2295"}],"curies":[{"name":"wp","href":"https:\/\/api.w.org\/{rel}","templated":true}]}}