{"id":2297,"date":"2023-08-02T11:57:19","date_gmt":"2023-08-02T11:57:19","guid":{"rendered":"https:\/\/fuecapilar.com\/fue-implantadores\/"},"modified":"2023-08-21T12:27:24","modified_gmt":"2023-08-21T12:27:24","slug":"fue-implantadores","status":"publish","type":"page","link":"https:\/\/fuecapilar.com\/es\/fue-implantadores\/","title":{"rendered":"FUE + Implantadores"},"content":{"rendered":"\t\t<div data-elementor-type=\"wp-page\" data-elementor-id=\"2297\" class=\"elementor elementor-2297 elementor-396\" data-elementor-post-type=\"page\">\n\t\t\t\t\t\t<section class=\"elementor-section elementor-top-section elementor-element elementor-element-04cc337 elementor-section-boxed elementor-section-height-default elementor-section-height-default\" data-id=\"04cc337\" data-element_type=\"section\" data-e-type=\"section\">\n\t\t\t\t\t\t<div class=\"elementor-container elementor-column-gap-default\">\n\t\t\t\t\t<div class=\"elementor-column elementor-col-100 elementor-top-column elementor-element elementor-element-340fd66\" data-id=\"340fd66\" data-element_type=\"column\" data-e-type=\"column\">\n\t\t\t<div class=\"elementor-widget-wrap elementor-element-populated\">\n\t\t\t\t\t\t<div class=\"elementor-element elementor-element-fde8979 elementor-widget elementor-widget-heading\" data-id=\"fde8979\" data-element_type=\"widget\" data-e-type=\"widget\" data-widget_type=\"heading.default\">\n\t\t\t\t<div class=\"elementor-widget-container\">\n\t\t\t\t\t<h2 class=\"elementor-heading-title elementor-size-default\">Extracci\u00f3n FUE por el equipo del Dr Turan.<\/h2>\t\t\t\t<\/div>\n\t\t\t\t<\/div>\n\t\t\t\t<div class=\"elementor-element elementor-element-be52c8e elementor-widget elementor-widget-text-editor\" data-id=\"be52c8e\" data-element_type=\"widget\" data-e-type=\"widget\" data-widget_type=\"text-editor.default\">\n\t\t\t\t<div class=\"elementor-widget-container\">\n\t\t\t\t\t\t\t\t\t<p><span style=\"font-weight: 400;\">Para aumentar la proporci\u00f3n de supervivencia del injerto, el Dr. Dogan Turan y su equipo siguen ciertas pr\u00e1cticas que no son com\u00fanmente seguidas por otros doctores: <\/span><span style=\"font-weight: 400;\">.<\/span><\/p>\n\t\t\t\t\t\t\t\t<\/div>\n\t\t\t\t<\/div>\n\t\t\t\t\t<\/div>\n\t\t<\/div>\n\t\t\t\t\t<\/div>\n\t\t<\/section>\n\t\t\t\t<section class=\"elementor-section elementor-top-section elementor-element elementor-element-e38b414 elementor-section-boxed elementor-section-height-default elementor-section-height-default\" data-id=\"e38b414\" data-element_type=\"section\" data-e-type=\"section\">\n\t\t\t\t\t\t<div class=\"elementor-container elementor-column-gap-default\">\n\t\t\t\t\t<div class=\"elementor-column elementor-col-100 elementor-top-column elementor-element elementor-element-9f9dc38\" data-id=\"9f9dc38\" data-element_type=\"column\" data-e-type=\"column\">\n\t\t\t<div class=\"elementor-widget-wrap elementor-element-populated\">\n\t\t\t\t\t\t<div class=\"elementor-element elementor-element-48bf7a7 elementor-widget elementor-widget-heading\" data-id=\"48bf7a7\" data-element_type=\"widget\" data-e-type=\"widget\" data-widget_type=\"heading.default\">\n\t\t\t\t<div class=\"elementor-widget-container\">\n\t\t\t\t\t<h2 class=\"elementor-heading-title elementor-size-default\">M\u00e9todo h\u00edbrido de extracci\u00f3n FUE mediante punch manual y motorizado:<\/h2>\t\t\t\t<\/div>\n\t\t\t\t<\/div>\n\t\t\t\t<div class=\"elementor-element elementor-element-a7b3487 elementor-widget elementor-widget-text-editor\" data-id=\"a7b3487\" data-element_type=\"widget\" data-e-type=\"widget\" data-widget_type=\"text-editor.default\">\n\t\t\t\t<div class=\"elementor-widget-container\">\n\t\t\t\t\t\t\t\t\t<p><span style=\"font-weight: 400;\">El equipo del Dr. Turan utiliza un m\u00e9todo de extracci\u00f3n h\u00edbrido en el que se utiliza tanto punz\u00f3n manual como micromotor. <\/span><\/p>\n<p><b>El punch manual permite una mejor comprensi\u00f3n de la resistencia del tejido y la ubicaci\u00f3n \/ \u00e1ngulo del fol\u00edculo.<\/b><span style=\"font-weight: 400;\">. Tambi\u00e9n ayuda a disminuir el da\u00f1o folicular asociado con el calor, la torsi\u00f3n y la fricci\u00f3n creados por los dispositivos motorizados. <\/span><\/p>\n<p><b>La FUE motorizada ayuda a extraer mayores cantidades de unidades foliculares <\/b><span style=\"font-weight: 400;\"> por hora, lo que reduce el tiempo y la fatiga.<\/span><\/p>\n\t\t\t\t\t\t\t\t<\/div>\n\t\t\t\t<\/div>\n\t\t\t\t\t<\/div>\n\t\t<\/div>\n\t\t\t\t\t<\/div>\n\t\t<\/section>\n\t\t\t\t<section class=\"elementor-section elementor-top-section elementor-element elementor-element-c9e812a elementor-section-boxed elementor-section-height-default elementor-section-height-default\" data-id=\"c9e812a\" data-element_type=\"section\" data-e-type=\"section\">\n\t\t\t\t\t\t<div class=\"elementor-container elementor-column-gap-default\">\n\t\t\t\t\t<div class=\"elementor-column elementor-col-100 elementor-top-column elementor-element elementor-element-957b485\" data-id=\"957b485\" data-element_type=\"column\" data-e-type=\"column\">\n\t\t\t<div class=\"elementor-widget-wrap elementor-element-populated\">\n\t\t\t\t\t\t<div class=\"elementor-element elementor-element-eb06e96 elementor-widget elementor-widget-heading\" data-id=\"eb06e96\" data-element_type=\"widget\" data-e-type=\"widget\" data-widget_type=\"heading.default\">\n\t\t\t\t<div class=\"elementor-widget-container\">\n\t\t\t\t\t<h2 class=\"elementor-heading-title elementor-size-default\">Tama\u00f1o de punz\u00f3n adecuado:<\/h2>\t\t\t\t<\/div>\n\t\t\t\t<\/div>\n\t\t\t\t<div class=\"elementor-element elementor-element-f3810b1 elementor-widget elementor-widget-text-editor\" data-id=\"f3810b1\" data-element_type=\"widget\" data-e-type=\"widget\" data-widget_type=\"text-editor.default\">\n\t\t\t\t<div class=\"elementor-widget-container\">\n\t\t\t\t\t\t\t\t\t<p><span style=\"font-weight: 400;\">Durante la consulta, <\/span><b>se toman muestras de cabello<\/b><span style=\"font-weight: 400;\"> de la zona donante<\/span><b>y se calcula el grosor del cabello<\/b> <b>para que de acuerdo con el calibre de cabello del paciente se pueda determinar el tama\u00f1o del punz\u00f3n relevante <\/b><span style=\"font-weight: 400;\"> (entre 0,7 mm y 0,9 mm) <\/span> <\/p>\n<p><span style=\"font-weight: 400;\">Al usar el tama\u00f1o de punz\u00f3n correcto, nuestro objetivo es prevenir cualquier da\u00f1o permanente en el \u00e1rea donante; no solo al injerto extra\u00eddo, sino tambi\u00e9n a los injertos circundantes que no se extraen (tambi\u00e9n conocido como transecci\u00f3n). <\/span><\/p>\n\t\t\t\t\t\t\t\t<\/div>\n\t\t\t\t<\/div>\n\t\t\t\t\t<\/div>\n\t\t<\/div>\n\t\t\t\t\t<\/div>\n\t\t<\/section>\n\t\t\t\t<section class=\"elementor-section elementor-top-section elementor-element elementor-element-4259421 elementor-section-boxed elementor-section-height-default elementor-section-height-default\" data-id=\"4259421\" data-element_type=\"section\" data-e-type=\"section\">\n\t\t\t\t\t\t<div class=\"elementor-container elementor-column-gap-default\">\n\t\t\t\t\t<div class=\"elementor-column elementor-col-100 elementor-top-column elementor-element elementor-element-5018c95\" data-id=\"5018c95\" data-element_type=\"column\" data-e-type=\"column\">\n\t\t\t<div class=\"elementor-widget-wrap elementor-element-populated\">\n\t\t\t\t\t\t<div class=\"elementor-element elementor-element-8a979d3 elementor-widget elementor-widget-heading\" data-id=\"8a979d3\" data-element_type=\"widget\" data-e-type=\"widget\" data-widget_type=\"heading.default\">\n\t\t\t\t<div class=\"elementor-widget-container\">\n\t\t\t\t\t<h2 class=\"elementor-heading-title elementor-size-default\">Extracci\u00f3n y la implantaci\u00f3n en etapas<\/h2>\t\t\t\t<\/div>\n\t\t\t\t<\/div>\n\t\t\t\t<div class=\"elementor-element elementor-element-b77e26d elementor-widget elementor-widget-text-editor\" data-id=\"b77e26d\" data-element_type=\"widget\" data-e-type=\"widget\" data-widget_type=\"text-editor.default\">\n\t\t\t\t<div class=\"elementor-widget-container\">\n\t\t\t\t\t\t\t\t\t<p><span style=\"font-weight: 400;\">Adem\u00e1s, el Dr. Turan y su equipo realizan<\/span><b>la extracci\u00f3n y la implantaci\u00f3n en etapas<\/b><span style=\"font-weight: 400;\"> para asegurarse de que los injertos no permanezcan fuera del cuero cabelludo por un tiempo prolongado (lo que est\u00e1 directamente relacionado con la tasa de supervivencia del injerto). <\/span> <\/p>\n<p><span style=\"font-weight: 400;\">En uno de los estudios m\u00e1s tempranos y m\u00e1s cualificados sobre unidades foliculares (1992), se registraron las siguientes tasas de supervivencia en diferentes momentos:<\/span><\/p>\n<ol>\n<li style=\"font-weight: 400;\" aria-level=\"3\"><span style=\"font-weight: 400;\">2 horas: 95% de supervivencia del injerto.<\/span><\/li>\n<li style=\"font-weight: 400;\" aria-level=\"3\"><span style=\"font-weight: 400;\">4 horas: 90% de supervivencia del injerto.<\/span><\/li>\n<li style=\"font-weight: 400;\" aria-level=\"3\"><span style=\"font-weight: 400;\">6 horas: 86% de supervivencia del injerto<\/span><\/li>\n<\/ol>\n\t\t\t\t\t\t\t\t<\/div>\n\t\t\t\t<\/div>\n\t\t\t\t\t<\/div>\n\t\t<\/div>\n\t\t\t\t\t<\/div>\n\t\t<\/section>\n\t\t\t\t<section class=\"elementor-section elementor-top-section elementor-element elementor-element-cd5fd12 elementor-section-boxed elementor-section-height-default elementor-section-height-default\" data-id=\"cd5fd12\" data-element_type=\"section\" data-e-type=\"section\">\n\t\t\t\t\t\t<div class=\"elementor-container elementor-column-gap-default\">\n\t\t\t\t\t<div class=\"elementor-column elementor-col-100 elementor-top-column elementor-element elementor-element-c471c7c\" data-id=\"c471c7c\" data-element_type=\"column\" data-e-type=\"column\">\n\t\t\t<div class=\"elementor-widget-wrap elementor-element-populated\">\n\t\t\t\t\t\t<div class=\"elementor-element elementor-element-550666b elementor-widget elementor-widget-heading\" data-id=\"550666b\" data-element_type=\"widget\" data-e-type=\"widget\" data-widget_type=\"heading.default\">\n\t\t\t\t<div class=\"elementor-widget-container\">\n\t\t\t\t\t<h2 class=\"elementor-heading-title elementor-size-default\">Uso de microscopios para la selecci\u00f3n de foliculos de un solo cabello\n<\/h2>\t\t\t\t<\/div>\n\t\t\t\t<\/div>\n\t\t\t\t<div class=\"elementor-element elementor-element-130c0d0 elementor-widget elementor-widget-text-editor\" data-id=\"130c0d0\" data-element_type=\"widget\" data-e-type=\"widget\" data-widget_type=\"text-editor.default\">\n\t\t\t\t<div class=\"elementor-widget-container\">\n\t\t\t\t\t\t\t\t\t<p><span style=\"font-weight: 400;\">Adem\u00e1s de esto, para garantizar la creaci\u00f3n de una l\u00ednea natural, durante la fase de implantaci\u00f3n, utilizamos un microscopio digital para seleccionar los fol\u00edculos de 1 cabello que se utilizar\u00e1n en la l\u00ednea.<\/span><\/p><\/p>\n\t\t\t\t\t\t\t\t<\/div>\n\t\t\t\t<\/div>\n\t\t\t\t\t<\/div>\n\t\t<\/div>\n\t\t\t\t\t<\/div>\n\t\t<\/section>\n\t\t\t\t<section class=\"elementor-section elementor-top-section elementor-element elementor-element-39ae3cb elementor-section-boxed elementor-section-height-default elementor-section-height-default\" data-id=\"39ae3cb\" data-element_type=\"section\" data-e-type=\"section\">\n\t\t\t\t\t\t<div class=\"elementor-container elementor-column-gap-default\">\n\t\t\t\t\t<div class=\"elementor-column elementor-col-100 elementor-top-column elementor-element elementor-element-fc39d76\" data-id=\"fc39d76\" data-element_type=\"column\" data-e-type=\"column\">\n\t\t\t<div class=\"elementor-widget-wrap elementor-element-populated\">\n\t\t\t\t\t\t<div class=\"elementor-element elementor-element-7f1e167 elementor-widget elementor-widget-heading\" data-id=\"7f1e167\" data-element_type=\"widget\" data-e-type=\"widget\" data-widget_type=\"heading.default\">\n\t\t\t\t<div class=\"elementor-widget-container\">\n\t\t\t\t\t<h2 class=\"elementor-heading-title elementor-size-default\">Implantaci\u00f3n por el Dr Turan<\/h2>\t\t\t\t<\/div>\n\t\t\t\t<\/div>\n\t\t\t\t<div class=\"elementor-element elementor-element-f12ca1d elementor-widget elementor-widget-text-editor\" data-id=\"f12ca1d\" data-element_type=\"widget\" data-e-type=\"widget\" data-widget_type=\"text-editor.default\">\n\t\t\t\t<div class=\"elementor-widget-container\">\n\t\t\t\t\t\t\t\t\t<p><span style=\"font-weight: 400;\">Implantaci\u00f3n por el Dr Turan El Dr Turan realiza la implantaci\u00f3n de todas las unidades foliculares utilizando mplantadores (esta t\u00e9cnica tambi\u00e9n conocida como t\u00e9cnica del Choi pen o DHI). <\/span><\/p>\n<p><span style=\"font-weight: 400;\">El implantador es un instrumento similar a un bol\u00edgrafo con una aguja hueca en uno de sus extremos. Las unidades foliculares se implantan una por una directamente en el \u00e1rea de trasplante en una direcci\u00f3n, \u00e1ngulo y profundidad espec\u00edficos.<\/span><span style=\"font-weight: 400;\">.<\/span><\/p>\n<p><span style=\"font-weight: 400;\">El uso del implantador hace posible que la creaci\u00f3n del canal y la etapa de dep\u00f3sito del fol\u00edculo se lleven a cabo al mismo tiempo, lo que da como resultado una reducci\u00f3n del traumatismo y la p\u00e9rdida de sangre durante el trasplante. La reducci\u00f3n del trauma puede significar una curaci\u00f3n m\u00e1s r\u00e1pida y una tasa de supervivencia del injerto mayor.<\/span><\/p>\n<p><span style=\"font-weight: 400;\">Mediante el uso de los implantadores, las unidades foliculares se implantan una a una directamente en el \u00e1rea de trasplante en una direcci\u00f3n, \u00e1ngulo y profundidad espec\u00edficos. Las ventajas de esta t\u00e9cnica son:<\/span><\/p>\n<ul>\n<li style=\"font-weight: 400;\" aria-level=\"1\"><span style=\"font-weight: 400;\">No se requieren agujeros de incisi\u00f3n, por lo que:<\/span>\n<ul>\n<li style=\"font-weight: 400;\" aria-level=\"2\"><span style=\"font-weight: 400;\">El \u00e1rea de trasplante sangra menos y cicatriza m\u00e1s r\u00e1pido.<\/span><\/li>\n<li style=\"font-weight: 400;\" aria-level=\"2\"><span style=\"font-weight: 400;\">Hay menor trauma en el cuero cabelludo<\/span><span style=\"font-weight: 400;\">\n<p><\/span><\/li>\n<\/ul>\n<\/li>\n<li style=\"font-weight: 400;\" aria-level=\"1\"><span style=\"font-weight: 400;\">Dado que la punta del implantador es muy delgada (0.7-1mm) :<\/span>\n<ul>\n<li style=\"font-weight: 400;\" aria-level=\"2\"><span style=\"font-weight: 400;\">\u200b\u200bAbrir canales m\u00e1s peque\u00f1os hace que se pueda conseguir una mayor densidad. <\/span><\/li>\n<li style=\"font-weight: 400;\" aria-level=\"2\"><span style=\"font-weight: 400;\">Podemos orientar el cabello trasplantado en diferentes \u00e1ngulos, lo que permite una apariencia m\u00e1s natural.<\/span><\/li>\n<\/ul>\n<\/li>\n<\/ul>\n\t\t\t\t\t\t\t\t<\/div>\n\t\t\t\t<\/div>\n\t\t\t\t\t<\/div>\n\t\t<\/div>\n\t\t\t\t\t<\/div>\n\t\t<\/section>\n\t\t\t\t<\/div>\n\t\t","protected":false},"excerpt":{"rendered":"<p>Extracci\u00f3n FUE por el equipo del Dr Turan. Para aumentar la proporci\u00f3n de supervivencia del injerto, el Dr. Dogan Turan y su equipo siguen ciertas pr\u00e1cticas que no son com\u00fanmente seguidas por otros doctores: . M\u00e9todo h\u00edbrido de extracci\u00f3n FUE mediante punch manual y motorizado: El equipo del Dr. Turan utiliza un m\u00e9todo de extracci\u00f3n [&hellip;]<\/p>\n","protected":false},"author":1,"featured_media":0,"parent":0,"menu_order":0,"comment_status":"closed","ping_status":"closed","template":"","meta":{"site-sidebar-layout":"no-sidebar","site-content-layout":"page-builder","ast-site-content-layout":"","site-content-style":"default","site-sidebar-style":"default","ast-global-header-display":"","ast-banner-title-visibility":"","ast-main-header-display":"","ast-hfb-above-header-display":"","ast-hfb-below-header-display":"","ast-hfb-mobile-header-display":"","site-post-title":"disabled","ast-breadcrumbs-content":"","ast-featured-img":"disabled","footer-sml-layout":"","theme-transparent-header-meta":"default","adv-header-id-meta":"","stick-header-meta":"","header-above-stick-meta":"","header-main-stick-meta":"","header-below-stick-meta":"","astra-migrate-meta-layouts":"default","ast-page-background-enabled":"default","ast-page-background-meta":{"desktop":{"background-color":"var(--ast-global-color-4)","background-image":"","background-repeat":"repeat","background-position":"center center","background-size":"auto","background-attachment":"scroll","background-type":"","background-media":"","overlay-type":"","overlay-color":"","overlay-opacity":"","overlay-gradient":""},"tablet":{"background-color":"","background-image":"","background-repeat":"repeat","background-position":"center center","background-size":"auto","background-attachment":"scroll","background-type":"","background-media":"","overlay-type":"","overlay-color":"","overlay-opacity":"","overlay-gradient":""},"mobile":{"background-color":"","background-image":"","background-repeat":"repeat","background-position":"center center","background-size":"auto","background-attachment":"scroll","background-type":"","background-media":"","overlay-type":"","overlay-color":"","overlay-opacity":"","overlay-gradient":""}},"ast-content-background-meta":{"desktop":{"background-color":"var(--ast-global-color-5)","background-image":"","background-repeat":"repeat","background-position":"center center","background-size":"auto","background-attachment":"scroll","background-type":"","background-media":"","overlay-type":"","overlay-color":"","overlay-opacity":"","overlay-gradient":""},"tablet":{"background-color":"var(--ast-global-color-5)","background-image":"","background-repeat":"repeat","background-position":"center center","background-size":"auto","background-attachment":"scroll","background-type":"","background-media":"","overlay-type":"","overlay-color":"","overlay-opacity":"","overlay-gradient":""},"mobile":{"background-color":"var(--ast-global-color-5)","background-image":"","background-repeat":"repeat","background-position":"center center","background-size":"auto","background-attachment":"scroll","background-type":"","background-media":"","overlay-type":"","overlay-color":"","overlay-opacity":"","overlay-gradient":""}},"footnotes":""},"class_list":["post-2297","page","type-page","status-publish","hentry"],"yoast_head":"<!-- This site is optimized with the Yoast SEO plugin v27.5 - https:\/\/yoast.com\/product\/yoast-seo-wordpress\/ -->\n<title>FUE + Implantadores - FUECAPILAR<\/title>\n<meta name=\"robots\" content=\"index, follow, max-snippet:-1, max-image-preview:large, max-video-preview:-1\" \/>\n<link rel=\"canonical\" href=\"https:\/\/fuecapilar.com\/es\/fue-implantadores\/\" \/>\n<meta property=\"og:locale\" content=\"es_ES\" \/>\n<meta property=\"og:type\" content=\"article\" \/>\n<meta property=\"og:title\" content=\"FUE + Implantadores - FUECAPILAR\" \/>\n<meta property=\"og:description\" content=\"Extracci\u00f3n FUE por el equipo del Dr Turan. Para aumentar la proporci\u00f3n de supervivencia del injerto, el Dr. Dogan Turan y su equipo siguen ciertas pr\u00e1cticas que no son com\u00fanmente seguidas por otros doctores: . M\u00e9todo h\u00edbrido de extracci\u00f3n FUE mediante punch manual y motorizado: El equipo del Dr. Turan utiliza un m\u00e9todo de extracci\u00f3n [&hellip;]\" \/>\n<meta property=\"og:url\" content=\"https:\/\/fuecapilar.com\/es\/fue-implantadores\/\" \/>\n<meta property=\"og:site_name\" content=\"FUECAPILAR\" \/>\n<meta property=\"article:modified_time\" content=\"2023-08-21T12:27:24+00:00\" \/>\n<meta name=\"twitter:card\" content=\"summary_large_image\" \/>\n<meta name=\"twitter:label1\" content=\"Tiempo de lectura\" \/>\n\t<meta name=\"twitter:data1\" content=\"3 minutos\" \/>\n<script type=\"application\/ld+json\" class=\"yoast-schema-graph\">{\"@context\":\"https:\\\/\\\/schema.org\",\"@graph\":[{\"@type\":\"WebPage\",\"@id\":\"https:\\\/\\\/fuecapilar.com\\\/es\\\/fue-implantadores\\\/\",\"url\":\"https:\\\/\\\/fuecapilar.com\\\/es\\\/fue-implantadores\\\/\",\"name\":\"FUE + Implantadores - FUECAPILAR\",\"isPartOf\":{\"@id\":\"https:\\\/\\\/fuecapilar.com\\\/#website\"},\"datePublished\":\"2023-08-02T11:57:19+00:00\",\"dateModified\":\"2023-08-21T12:27:24+00:00\",\"breadcrumb\":{\"@id\":\"https:\\\/\\\/fuecapilar.com\\\/es\\\/fue-implantadores\\\/#breadcrumb\"},\"inLanguage\":\"es\",\"potentialAction\":[{\"@type\":\"ReadAction\",\"target\":[\"https:\\\/\\\/fuecapilar.com\\\/es\\\/fue-implantadores\\\/\"]}]},{\"@type\":\"BreadcrumbList\",\"@id\":\"https:\\\/\\\/fuecapilar.com\\\/es\\\/fue-implantadores\\\/#breadcrumb\",\"itemListElement\":[{\"@type\":\"ListItem\",\"position\":1,\"name\":\"Home\",\"item\":\"https:\\\/\\\/fuecapilar.com\\\/es\\\/\"},{\"@type\":\"ListItem\",\"position\":2,\"name\":\"FUE + Implantadores\"}]},{\"@type\":\"WebSite\",\"@id\":\"https:\\\/\\\/fuecapilar.com\\\/#website\",\"url\":\"https:\\\/\\\/fuecapilar.com\\\/\",\"name\":\"FUECAPILAR\",\"description\":\"Surgery performed by a surgeon\",\"publisher\":{\"@id\":\"https:\\\/\\\/fuecapilar.com\\\/#organization\"},\"potentialAction\":[{\"@type\":\"SearchAction\",\"target\":{\"@type\":\"EntryPoint\",\"urlTemplate\":\"https:\\\/\\\/fuecapilar.com\\\/?s={search_term_string}\"},\"query-input\":{\"@type\":\"PropertyValueSpecification\",\"valueRequired\":true,\"valueName\":\"search_term_string\"}}],\"inLanguage\":\"es\"},{\"@type\":\"Organization\",\"@id\":\"https:\\\/\\\/fuecapilar.com\\\/#organization\",\"name\":\"FUECAPILAR\",\"url\":\"https:\\\/\\\/fuecapilar.com\\\/\",\"logo\":{\"@type\":\"ImageObject\",\"inLanguage\":\"es\",\"@id\":\"https:\\\/\\\/fuecapilar.com\\\/#\\\/schema\\\/logo\\\/image\\\/\",\"url\":\"https:\\\/\\\/fuecapilar.com\\\/wp-content\\\/uploads\\\/2023\\\/04\\\/fuecapilar-logo.png\",\"contentUrl\":\"https:\\\/\\\/fuecapilar.com\\\/wp-content\\\/uploads\\\/2023\\\/04\\\/fuecapilar-logo.png\",\"width\":400,\"height\":85,\"caption\":\"FUECAPILAR\"},\"image\":{\"@id\":\"https:\\\/\\\/fuecapilar.com\\\/#\\\/schema\\\/logo\\\/image\\\/\"}}]}<\/script>\n<!-- \/ Yoast SEO plugin. -->","yoast_head_json":{"title":"FUE + Implantadores - FUECAPILAR","robots":{"index":"index","follow":"follow","max-snippet":"max-snippet:-1","max-image-preview":"max-image-preview:large","max-video-preview":"max-video-preview:-1"},"canonical":"https:\/\/fuecapilar.com\/es\/fue-implantadores\/","og_locale":"es_ES","og_type":"article","og_title":"FUE + Implantadores - FUECAPILAR","og_description":"Extracci\u00f3n FUE por el equipo del Dr Turan. Para aumentar la proporci\u00f3n de supervivencia del injerto, el Dr. Dogan Turan y su equipo siguen ciertas pr\u00e1cticas que no son com\u00fanmente seguidas por otros doctores: . M\u00e9todo h\u00edbrido de extracci\u00f3n FUE mediante punch manual y motorizado: El equipo del Dr. Turan utiliza un m\u00e9todo de extracci\u00f3n [&hellip;]","og_url":"https:\/\/fuecapilar.com\/es\/fue-implantadores\/","og_site_name":"FUECAPILAR","article_modified_time":"2023-08-21T12:27:24+00:00","twitter_card":"summary_large_image","twitter_misc":{"Tiempo de lectura":"3 minutos"},"schema":{"@context":"https:\/\/schema.org","@graph":[{"@type":"WebPage","@id":"https:\/\/fuecapilar.com\/es\/fue-implantadores\/","url":"https:\/\/fuecapilar.com\/es\/fue-implantadores\/","name":"FUE + Implantadores - FUECAPILAR","isPartOf":{"@id":"https:\/\/fuecapilar.com\/#website"},"datePublished":"2023-08-02T11:57:19+00:00","dateModified":"2023-08-21T12:27:24+00:00","breadcrumb":{"@id":"https:\/\/fuecapilar.com\/es\/fue-implantadores\/#breadcrumb"},"inLanguage":"es","potentialAction":[{"@type":"ReadAction","target":["https:\/\/fuecapilar.com\/es\/fue-implantadores\/"]}]},{"@type":"BreadcrumbList","@id":"https:\/\/fuecapilar.com\/es\/fue-implantadores\/#breadcrumb","itemListElement":[{"@type":"ListItem","position":1,"name":"Home","item":"https:\/\/fuecapilar.com\/es\/"},{"@type":"ListItem","position":2,"name":"FUE + Implantadores"}]},{"@type":"WebSite","@id":"https:\/\/fuecapilar.com\/#website","url":"https:\/\/fuecapilar.com\/","name":"FUECAPILAR","description":"Surgery performed by a surgeon","publisher":{"@id":"https:\/\/fuecapilar.com\/#organization"},"potentialAction":[{"@type":"SearchAction","target":{"@type":"EntryPoint","urlTemplate":"https:\/\/fuecapilar.com\/?s={search_term_string}"},"query-input":{"@type":"PropertyValueSpecification","valueRequired":true,"valueName":"search_term_string"}}],"inLanguage":"es"},{"@type":"Organization","@id":"https:\/\/fuecapilar.com\/#organization","name":"FUECAPILAR","url":"https:\/\/fuecapilar.com\/","logo":{"@type":"ImageObject","inLanguage":"es","@id":"https:\/\/fuecapilar.com\/#\/schema\/logo\/image\/","url":"https:\/\/fuecapilar.com\/wp-content\/uploads\/2023\/04\/fuecapilar-logo.png","contentUrl":"https:\/\/fuecapilar.com\/wp-content\/uploads\/2023\/04\/fuecapilar-logo.png","width":400,"height":85,"caption":"FUECAPILAR"},"image":{"@id":"https:\/\/fuecapilar.com\/#\/schema\/logo\/image\/"}}]}},"_links":{"self":[{"href":"https:\/\/fuecapilar.com\/es\/wp-json\/wp\/v2\/pages\/2297","targetHints":{"allow":["GET"]}}],"collection":[{"href":"https:\/\/fuecapilar.com\/es\/wp-json\/wp\/v2\/pages"}],"about":[{"href":"https:\/\/fuecapilar.com\/es\/wp-json\/wp\/v2\/types\/page"}],"author":[{"embeddable":true,"href":"https:\/\/fuecapilar.com\/es\/wp-json\/wp\/v2\/users\/1"}],"replies":[{"embeddable":true,"href":"https:\/\/fuecapilar.com\/es\/wp-json\/wp\/v2\/comments?post=2297"}],"version-history":[{"count":1,"href":"https:\/\/fuecapilar.com\/es\/wp-json\/wp\/v2\/pages\/2297\/revisions"}],"predecessor-version":[{"id":2298,"href":"https:\/\/fuecapilar.com\/es\/wp-json\/wp\/v2\/pages\/2297\/revisions\/2298"}],"wp:attachment":[{"href":"https:\/\/fuecapilar.com\/es\/wp-json\/wp\/v2\/media?parent=2297"}],"curies":[{"name":"wp","href":"https:\/\/api.w.org\/{rel}","templated":true}]}}