{"id":2341,"date":"2023-08-02T11:24:46","date_gmt":"2023-08-02T11:24:46","guid":{"rendered":"https:\/\/fuecapilar.com\/dr-gokhan-gur\/"},"modified":"2023-08-25T11:51:04","modified_gmt":"2023-08-25T11:51:04","slug":"dr-gokhan-gur","status":"publish","type":"page","link":"https:\/\/fuecapilar.com\/fr\/dr-gokhan-gur\/","title":{"rendered":"Dr. Gokhan Gur"},"content":{"rendered":"\t\t<div data-elementor-type=\"wp-page\" data-elementor-id=\"2341\" class=\"elementor elementor-2341 elementor-371\" data-elementor-post-type=\"page\">\n\t\t\t\t\t\t<section class=\"elementor-section elementor-top-section elementor-element elementor-element-8d60efc elementor-section-boxed elementor-section-height-default elementor-section-height-default\" data-id=\"8d60efc\" data-element_type=\"section\" data-e-type=\"section\">\n\t\t\t\t\t\t<div class=\"elementor-container elementor-column-gap-default\">\n\t\t\t\t\t<div class=\"elementor-column elementor-col-50 elementor-top-column elementor-element elementor-element-492f6e6\" data-id=\"492f6e6\" data-element_type=\"column\" data-e-type=\"column\">\n\t\t\t<div class=\"elementor-widget-wrap elementor-element-populated\">\n\t\t\t\t\t\t<div class=\"elementor-element elementor-element-ee36045 e-transform elementor-widget elementor-widget-image\" data-id=\"ee36045\" data-element_type=\"widget\" data-e-type=\"widget\" data-settings=\"{&quot;_transform_scale_effect&quot;:{&quot;unit&quot;:&quot;px&quot;,&quot;size&quot;:2,&quot;sizes&quot;:[]},&quot;_transform_scale_effect_mobile&quot;:{&quot;unit&quot;:&quot;px&quot;,&quot;size&quot;:1.3,&quot;sizes&quot;:[]},&quot;_transform_scale_effect_tablet&quot;:{&quot;unit&quot;:&quot;px&quot;,&quot;size&quot;:&quot;&quot;,&quot;sizes&quot;:[]}}\" data-widget_type=\"image.default\">\n\t\t\t\t<div class=\"elementor-widget-container\">\n\t\t\t\t\t\t\t\t\t\t\t\t\t\t\t<img fetchpriority=\"high\" decoding=\"async\" width=\"900\" height=\"929\" src=\"https:\/\/fuecapilar.com\/wp-content\/uploads\/2023\/08\/dr-gur-sq-1.png\" class=\"attachment-large size-large wp-image-1368\" alt=\"\" srcset=\"https:\/\/fuecapilar.com\/wp-content\/uploads\/2023\/08\/dr-gur-sq-1.png 900w, https:\/\/fuecapilar.com\/wp-content\/uploads\/2023\/08\/dr-gur-sq-1-291x300.png 291w, https:\/\/fuecapilar.com\/wp-content\/uploads\/2023\/08\/dr-gur-sq-1-768x793.png 768w\" sizes=\"(max-width: 900px) 100vw, 900px\" \/>\t\t\t\t\t\t\t\t\t\t\t\t\t\t\t<\/div>\n\t\t\t\t<\/div>\n\t\t\t\t\t<\/div>\n\t\t<\/div>\n\t\t\t\t<div class=\"elementor-column elementor-col-50 elementor-top-column elementor-element elementor-element-f51a38a\" data-id=\"f51a38a\" data-element_type=\"column\" data-e-type=\"column\" data-settings=\"{&quot;background_background&quot;:&quot;classic&quot;}\">\n\t\t\t<div class=\"elementor-widget-wrap elementor-element-populated\">\n\t\t\t\t\t\t<div class=\"elementor-element elementor-element-3942464 elementor-widget elementor-widget-heading\" data-id=\"3942464\" data-element_type=\"widget\" data-e-type=\"widget\" data-widget_type=\"heading.default\">\n\t\t\t\t<div class=\"elementor-widget-container\">\n\t\t\t\t\t<h2 class=\"elementor-heading-title elementor-size-default\">Directeur m\u00e9dical <br>and Hair Transplant Surgeon.<\/h2>\t\t\t\t<\/div>\n\t\t\t\t<\/div>\n\t\t\t\t<div class=\"elementor-element elementor-element-3b94efd elementor-widget elementor-widget-text-editor\" data-id=\"3b94efd\" data-element_type=\"widget\" data-e-type=\"widget\" data-widget_type=\"text-editor.default\">\n\t\t\t\t<div class=\"elementor-widget-container\">\n\t\t\t\t\t\t\t\t\t<p>Le Dr Gokhan Gur, l&rsquo;un des pionniers de l&rsquo;industrie turque de la restauration capillaire, est un m\u00e9decin turc tr\u00e8s exp\u00e9riment\u00e9 qui a effectu\u00e9 personnellement plus de 3 000 op\u00e9rations de greffe de cheveux au cours des 20 derni\u00e8res ann\u00e9es en utilisant la <a href=\"https:\/\/www.fuecapilar.com\/en\/all-about-hair\/hair-implant-by-fue-technique\/\"><span style=\"font-weight: 400;\">FUE technique.<\/span><\/a><\/p>\n<p>Le Dr Gur est dipl\u00f4m\u00e9 de la facult\u00e9 de m\u00e9decine de l&rsquo;universit\u00e9 de Gaziantep en 1994. De 1995 \u00e0 2003, il a travaill\u00e9 \u00e0 l&rsquo;h\u00f4pital d&rsquo;\u00c9tat d&rsquo;Aksaray et au service de m\u00e9decine d&rsquo;urgence Haymana \u00e0 Ankara, o\u00f9 il a trait\u00e9 plus de 5 000 cas d&rsquo;urgence et de m\u00e9decine.<\/p>\n<p>En 2003, le Dr Gur a commenc\u00e9 sa carri\u00e8re dans le domaine de la greffe de cheveux \u00e0 Ankara. Entre 2003 et 2011, il a r\u00e9alis\u00e9 plus de 1200 op\u00e9rations de greffe de cheveux, plus de 40 op\u00e9rations de greffe de cheveux sur le corps et plus de 200 traitements m\u00e9dicaux contre la perte de cheveux. En 2011, il a apport\u00e9 son exp\u00e9rience et ses services \u00e0 Istanbul et, au cours des trois ann\u00e9es suivantes, il a r\u00e9alis\u00e9 plus de 600 op\u00e9rations de greffe de cheveux FUE, plus de 100 traitements m\u00e9dicaux contre la perte de cheveux et plus de 30 op\u00e9rations de greffe de cheveux sur le corps. Depuis 2014, il r\u00e9pond aux besoins de ses patients dans sa propre clinique priv\u00e9e.<\/p>\n<p>Le Dr Gur est l&rsquo;un des premiers praticiens de la technique FUE en Turquie. Il est membre de l&rsquo;Association des m\u00e9decins turcs et de l&rsquo;Association m\u00e9dicale esth\u00e9tique turque <strong>et un m\u00e9decin recommand\u00e9 du Hair Restoration Network<\/strong>. Jusqu&rsquo;en avril 2020, il \u00e9tait \u00e9galement membre de l&rsquo;International Society of Hair Restoration Surgery (ISHRS).<\/p>\n\t\t\t\t\t\t\t\t<\/div>\n\t\t\t\t<\/div>\n\t\t\t\t\t<\/div>\n\t\t<\/div>\n\t\t\t\t\t<\/div>\n\t\t<\/section>\n\t\t\t\t<\/div>\n\t\t","protected":false},"excerpt":{"rendered":"<p>Directeur m\u00e9dical and Hair Transplant Surgeon. Le Dr Gokhan Gur, l&rsquo;un des pionniers de l&rsquo;industrie turque de la restauration capillaire, est un m\u00e9decin turc tr\u00e8s exp\u00e9riment\u00e9 qui a effectu\u00e9 personnellement plus de 3 000 op\u00e9rations de greffe de cheveux au cours des 20 derni\u00e8res ann\u00e9es en utilisant la FUE technique. Le Dr Gur est dipl\u00f4m\u00e9 [&hellip;]<\/p>\n","protected":false},"author":1,"featured_media":0,"parent":0,"menu_order":0,"comment_status":"closed","ping_status":"closed","template":"","meta":{"site-sidebar-layout":"no-sidebar","site-content-layout":"page-builder","ast-site-content-layout":"","site-content-style":"default","site-sidebar-style":"default","ast-global-header-display":"","ast-banner-title-visibility":"","ast-main-header-display":"","ast-hfb-above-header-display":"","ast-hfb-below-header-display":"","ast-hfb-mobile-header-display":"","site-post-title":"disabled","ast-breadcrumbs-content":"","ast-featured-img":"disabled","footer-sml-layout":"","theme-transparent-header-meta":"","adv-header-id-meta":"","stick-header-meta":"","header-above-stick-meta":"","header-main-stick-meta":"","header-below-stick-meta":"","astra-migrate-meta-layouts":"default","ast-page-background-enabled":"default","ast-page-background-meta":{"desktop":{"background-color":"var(--ast-global-color-4)","background-image":"","background-repeat":"repeat","background-position":"center center","background-size":"auto","background-attachment":"scroll","background-type":"","background-media":"","overlay-type":"","overlay-color":"","overlay-opacity":"","overlay-gradient":""},"tablet":{"background-color":"","background-image":"","background-repeat":"repeat","background-position":"center center","background-size":"auto","background-attachment":"scroll","background-type":"","background-media":"","overlay-type":"","overlay-color":"","overlay-opacity":"","overlay-gradient":""},"mobile":{"background-color":"","background-image":"","background-repeat":"repeat","background-position":"center center","background-size":"auto","background-attachment":"scroll","background-type":"","background-media":"","overlay-type":"","overlay-color":"","overlay-opacity":"","overlay-gradient":""}},"ast-content-background-meta":{"desktop":{"background-color":"var(--ast-global-color-5)","background-image":"","background-repeat":"repeat","background-position":"center center","background-size":"auto","background-attachment":"scroll","background-type":"","background-media":"","overlay-type":"","overlay-color":"","overlay-opacity":"","overlay-gradient":""},"tablet":{"background-color":"var(--ast-global-color-5)","background-image":"","background-repeat":"repeat","background-position":"center center","background-size":"auto","background-attachment":"scroll","background-type":"","background-media":"","overlay-type":"","overlay-color":"","overlay-opacity":"","overlay-gradient":""},"mobile":{"background-color":"var(--ast-global-color-5)","background-image":"","background-repeat":"repeat","background-position":"center center","background-size":"auto","background-attachment":"scroll","background-type":"","background-media":"","overlay-type":"","overlay-color":"","overlay-opacity":"","overlay-gradient":""}},"footnotes":""},"class_list":["post-2341","page","type-page","status-publish","hentry"],"yoast_head":"<!-- This site is optimized with the Yoast SEO plugin v27.4 - https:\/\/yoast.com\/product\/yoast-seo-wordpress\/ -->\n<title>Dr. Gokhan Gur - FUECAPILAR<\/title>\n<meta name=\"robots\" content=\"index, follow, max-snippet:-1, max-image-preview:large, max-video-preview:-1\" \/>\n<link rel=\"canonical\" href=\"https:\/\/fuecapilar.com\/fr\/dr-gokhan-gur\/\" \/>\n<meta property=\"og:locale\" content=\"fr_FR\" \/>\n<meta property=\"og:type\" content=\"article\" \/>\n<meta property=\"og:title\" content=\"Dr. Gokhan Gur - FUECAPILAR\" \/>\n<meta property=\"og:description\" content=\"Directeur m\u00e9dical and Hair Transplant Surgeon. Le Dr Gokhan Gur, l&rsquo;un des pionniers de l&rsquo;industrie turque de la restauration capillaire, est un m\u00e9decin turc tr\u00e8s exp\u00e9riment\u00e9 qui a effectu\u00e9 personnellement plus de 3 000 op\u00e9rations de greffe de cheveux au cours des 20 derni\u00e8res ann\u00e9es en utilisant la FUE technique. Le Dr Gur est dipl\u00f4m\u00e9 [&hellip;]\" \/>\n<meta property=\"og:url\" content=\"https:\/\/fuecapilar.com\/fr\/dr-gokhan-gur\/\" \/>\n<meta property=\"og:site_name\" content=\"FUECAPILAR\" \/>\n<meta property=\"article:modified_time\" content=\"2023-08-25T11:51:04+00:00\" \/>\n<meta property=\"og:image\" content=\"https:\/\/fuecapilar.com\/wp-content\/uploads\/2023\/08\/dr-gur-sq-1.png\" \/>\n<meta name=\"twitter:card\" content=\"summary_large_image\" \/>\n<meta name=\"twitter:label1\" content=\"Dur\u00e9e de lecture estim\u00e9e\" \/>\n\t<meta name=\"twitter:data1\" content=\"1 minute\" \/>\n<script type=\"application\/ld+json\" class=\"yoast-schema-graph\">{\"@context\":\"https:\\\/\\\/schema.org\",\"@graph\":[{\"@type\":\"WebPage\",\"@id\":\"https:\\\/\\\/fuecapilar.com\\\/fr\\\/dr-gokhan-gur\\\/\",\"url\":\"https:\\\/\\\/fuecapilar.com\\\/fr\\\/dr-gokhan-gur\\\/\",\"name\":\"Dr. Gokhan Gur - FUECAPILAR\",\"isPartOf\":{\"@id\":\"https:\\\/\\\/fuecapilar.com\\\/#website\"},\"primaryImageOfPage\":{\"@id\":\"https:\\\/\\\/fuecapilar.com\\\/fr\\\/dr-gokhan-gur\\\/#primaryimage\"},\"image\":{\"@id\":\"https:\\\/\\\/fuecapilar.com\\\/fr\\\/dr-gokhan-gur\\\/#primaryimage\"},\"thumbnailUrl\":\"https:\\\/\\\/fuecapilar.com\\\/wp-content\\\/uploads\\\/2023\\\/08\\\/dr-gur-sq-1.png\",\"datePublished\":\"2023-08-02T11:24:46+00:00\",\"dateModified\":\"2023-08-25T11:51:04+00:00\",\"breadcrumb\":{\"@id\":\"https:\\\/\\\/fuecapilar.com\\\/fr\\\/dr-gokhan-gur\\\/#breadcrumb\"},\"inLanguage\":\"fr-FR\",\"potentialAction\":[{\"@type\":\"ReadAction\",\"target\":[\"https:\\\/\\\/fuecapilar.com\\\/fr\\\/dr-gokhan-gur\\\/\"]}]},{\"@type\":\"ImageObject\",\"inLanguage\":\"fr-FR\",\"@id\":\"https:\\\/\\\/fuecapilar.com\\\/fr\\\/dr-gokhan-gur\\\/#primaryimage\",\"url\":\"https:\\\/\\\/fuecapilar.com\\\/wp-content\\\/uploads\\\/2023\\\/08\\\/dr-gur-sq-1.png\",\"contentUrl\":\"https:\\\/\\\/fuecapilar.com\\\/wp-content\\\/uploads\\\/2023\\\/08\\\/dr-gur-sq-1.png\"},{\"@type\":\"BreadcrumbList\",\"@id\":\"https:\\\/\\\/fuecapilar.com\\\/fr\\\/dr-gokhan-gur\\\/#breadcrumb\",\"itemListElement\":[{\"@type\":\"ListItem\",\"position\":1,\"name\":\"Home\",\"item\":\"https:\\\/\\\/fuecapilar.com\\\/fr\\\/\"},{\"@type\":\"ListItem\",\"position\":2,\"name\":\"Dr. Gokhan Gur\"}]},{\"@type\":\"WebSite\",\"@id\":\"https:\\\/\\\/fuecapilar.com\\\/#website\",\"url\":\"https:\\\/\\\/fuecapilar.com\\\/\",\"name\":\"FUECAPILAR\",\"description\":\"Surgery performed by a surgeon\",\"publisher\":{\"@id\":\"https:\\\/\\\/fuecapilar.com\\\/#organization\"},\"potentialAction\":[{\"@type\":\"SearchAction\",\"target\":{\"@type\":\"EntryPoint\",\"urlTemplate\":\"https:\\\/\\\/fuecapilar.com\\\/?s={search_term_string}\"},\"query-input\":{\"@type\":\"PropertyValueSpecification\",\"valueRequired\":true,\"valueName\":\"search_term_string\"}}],\"inLanguage\":\"fr-FR\"},{\"@type\":\"Organization\",\"@id\":\"https:\\\/\\\/fuecapilar.com\\\/#organization\",\"name\":\"FUECAPILAR\",\"url\":\"https:\\\/\\\/fuecapilar.com\\\/\",\"logo\":{\"@type\":\"ImageObject\",\"inLanguage\":\"fr-FR\",\"@id\":\"https:\\\/\\\/fuecapilar.com\\\/#\\\/schema\\\/logo\\\/image\\\/\",\"url\":\"https:\\\/\\\/fuecapilar.com\\\/wp-content\\\/uploads\\\/2023\\\/04\\\/fuecapilar-logo.png\",\"contentUrl\":\"https:\\\/\\\/fuecapilar.com\\\/wp-content\\\/uploads\\\/2023\\\/04\\\/fuecapilar-logo.png\",\"width\":400,\"height\":85,\"caption\":\"FUECAPILAR\"},\"image\":{\"@id\":\"https:\\\/\\\/fuecapilar.com\\\/#\\\/schema\\\/logo\\\/image\\\/\"}}]}<\/script>\n<!-- \/ Yoast SEO plugin. -->","yoast_head_json":{"title":"Dr. Gokhan Gur - FUECAPILAR","robots":{"index":"index","follow":"follow","max-snippet":"max-snippet:-1","max-image-preview":"max-image-preview:large","max-video-preview":"max-video-preview:-1"},"canonical":"https:\/\/fuecapilar.com\/fr\/dr-gokhan-gur\/","og_locale":"fr_FR","og_type":"article","og_title":"Dr. Gokhan Gur - FUECAPILAR","og_description":"Directeur m\u00e9dical and Hair Transplant Surgeon. Le Dr Gokhan Gur, l&rsquo;un des pionniers de l&rsquo;industrie turque de la restauration capillaire, est un m\u00e9decin turc tr\u00e8s exp\u00e9riment\u00e9 qui a effectu\u00e9 personnellement plus de 3 000 op\u00e9rations de greffe de cheveux au cours des 20 derni\u00e8res ann\u00e9es en utilisant la FUE technique. Le Dr Gur est dipl\u00f4m\u00e9 [&hellip;]","og_url":"https:\/\/fuecapilar.com\/fr\/dr-gokhan-gur\/","og_site_name":"FUECAPILAR","article_modified_time":"2023-08-25T11:51:04+00:00","og_image":[{"url":"https:\/\/fuecapilar.com\/wp-content\/uploads\/2023\/08\/dr-gur-sq-1.png","type":"","width":"","height":""}],"twitter_card":"summary_large_image","twitter_misc":{"Dur\u00e9e de lecture estim\u00e9e":"1 minute"},"schema":{"@context":"https:\/\/schema.org","@graph":[{"@type":"WebPage","@id":"https:\/\/fuecapilar.com\/fr\/dr-gokhan-gur\/","url":"https:\/\/fuecapilar.com\/fr\/dr-gokhan-gur\/","name":"Dr. Gokhan Gur - FUECAPILAR","isPartOf":{"@id":"https:\/\/fuecapilar.com\/#website"},"primaryImageOfPage":{"@id":"https:\/\/fuecapilar.com\/fr\/dr-gokhan-gur\/#primaryimage"},"image":{"@id":"https:\/\/fuecapilar.com\/fr\/dr-gokhan-gur\/#primaryimage"},"thumbnailUrl":"https:\/\/fuecapilar.com\/wp-content\/uploads\/2023\/08\/dr-gur-sq-1.png","datePublished":"2023-08-02T11:24:46+00:00","dateModified":"2023-08-25T11:51:04+00:00","breadcrumb":{"@id":"https:\/\/fuecapilar.com\/fr\/dr-gokhan-gur\/#breadcrumb"},"inLanguage":"fr-FR","potentialAction":[{"@type":"ReadAction","target":["https:\/\/fuecapilar.com\/fr\/dr-gokhan-gur\/"]}]},{"@type":"ImageObject","inLanguage":"fr-FR","@id":"https:\/\/fuecapilar.com\/fr\/dr-gokhan-gur\/#primaryimage","url":"https:\/\/fuecapilar.com\/wp-content\/uploads\/2023\/08\/dr-gur-sq-1.png","contentUrl":"https:\/\/fuecapilar.com\/wp-content\/uploads\/2023\/08\/dr-gur-sq-1.png"},{"@type":"BreadcrumbList","@id":"https:\/\/fuecapilar.com\/fr\/dr-gokhan-gur\/#breadcrumb","itemListElement":[{"@type":"ListItem","position":1,"name":"Home","item":"https:\/\/fuecapilar.com\/fr\/"},{"@type":"ListItem","position":2,"name":"Dr. Gokhan Gur"}]},{"@type":"WebSite","@id":"https:\/\/fuecapilar.com\/#website","url":"https:\/\/fuecapilar.com\/","name":"FUECAPILAR","description":"Surgery performed by a surgeon","publisher":{"@id":"https:\/\/fuecapilar.com\/#organization"},"potentialAction":[{"@type":"SearchAction","target":{"@type":"EntryPoint","urlTemplate":"https:\/\/fuecapilar.com\/?s={search_term_string}"},"query-input":{"@type":"PropertyValueSpecification","valueRequired":true,"valueName":"search_term_string"}}],"inLanguage":"fr-FR"},{"@type":"Organization","@id":"https:\/\/fuecapilar.com\/#organization","name":"FUECAPILAR","url":"https:\/\/fuecapilar.com\/","logo":{"@type":"ImageObject","inLanguage":"fr-FR","@id":"https:\/\/fuecapilar.com\/#\/schema\/logo\/image\/","url":"https:\/\/fuecapilar.com\/wp-content\/uploads\/2023\/04\/fuecapilar-logo.png","contentUrl":"https:\/\/fuecapilar.com\/wp-content\/uploads\/2023\/04\/fuecapilar-logo.png","width":400,"height":85,"caption":"FUECAPILAR"},"image":{"@id":"https:\/\/fuecapilar.com\/#\/schema\/logo\/image\/"}}]}},"_links":{"self":[{"href":"https:\/\/fuecapilar.com\/fr\/wp-json\/wp\/v2\/pages\/2341","targetHints":{"allow":["GET"]}}],"collection":[{"href":"https:\/\/fuecapilar.com\/fr\/wp-json\/wp\/v2\/pages"}],"about":[{"href":"https:\/\/fuecapilar.com\/fr\/wp-json\/wp\/v2\/types\/page"}],"author":[{"embeddable":true,"href":"https:\/\/fuecapilar.com\/fr\/wp-json\/wp\/v2\/users\/1"}],"replies":[{"embeddable":true,"href":"https:\/\/fuecapilar.com\/fr\/wp-json\/wp\/v2\/comments?post=2341"}],"version-history":[{"count":1,"href":"https:\/\/fuecapilar.com\/fr\/wp-json\/wp\/v2\/pages\/2341\/revisions"}],"predecessor-version":[{"id":2342,"href":"https:\/\/fuecapilar.com\/fr\/wp-json\/wp\/v2\/pages\/2341\/revisions\/2342"}],"wp:attachment":[{"href":"https:\/\/fuecapilar.com\/fr\/wp-json\/wp\/v2\/media?parent=2341"}],"curies":[{"name":"wp","href":"https:\/\/api.w.org\/{rel}","templated":true}]}}