{"id":2343,"date":"2023-08-02T07:54:12","date_gmt":"2023-08-02T07:54:12","guid":{"rendered":"https:\/\/fuecapilar.com\/la-calvitie-feminine\/"},"modified":"2023-08-25T11:55:58","modified_gmt":"2023-08-25T11:55:58","slug":"la-calvitie-feminine","status":"publish","type":"page","link":"https:\/\/fuecapilar.com\/fr\/la-calvitie-feminine\/","title":{"rendered":"Perte de cheveux f\u00e9minine"},"content":{"rendered":"\t\t<div data-elementor-type=\"wp-page\" data-elementor-id=\"2343\" class=\"elementor elementor-2343 elementor-301\" data-elementor-post-type=\"page\">\n\t\t\t\t\t\t<section class=\"elementor-section elementor-top-section elementor-element elementor-element-4e17048e elementor-section-boxed elementor-section-height-default elementor-section-height-default\" data-id=\"4e17048e\" data-element_type=\"section\" data-e-type=\"section\">\n\t\t\t\t\t\t<div class=\"elementor-container elementor-column-gap-default\">\n\t\t\t\t\t<div class=\"elementor-column elementor-col-100 elementor-top-column elementor-element elementor-element-56be2900\" data-id=\"56be2900\" data-element_type=\"column\" data-e-type=\"column\">\n\t\t\t<div class=\"elementor-widget-wrap elementor-element-populated\">\n\t\t\t\t\t\t<section class=\"elementor-section elementor-inner-section elementor-element elementor-element-51332fa7 elementor-reverse-mobile elementor-section-boxed elementor-section-height-default elementor-section-height-default\" data-id=\"51332fa7\" data-element_type=\"section\" data-e-type=\"section\">\n\t\t\t\t\t\t<div class=\"elementor-container elementor-column-gap-default\">\n\t\t\t\t\t<div class=\"elementor-column elementor-col-50 elementor-inner-column elementor-element elementor-element-2700d33e\" data-id=\"2700d33e\" data-element_type=\"column\" data-e-type=\"column\">\n\t\t\t<div class=\"elementor-widget-wrap elementor-element-populated\">\n\t\t\t\t\t\t<div class=\"elementor-element elementor-element-68548e8 elementor-widget elementor-widget-heading\" data-id=\"68548e8\" data-element_type=\"widget\" data-e-type=\"widget\" data-widget_type=\"heading.default\">\n\t\t\t\t<div class=\"elementor-widget-container\">\n\t\t\t\t\t<h2 class=\"elementor-heading-title elementor-size-default\">La calvitie f\u00e9minine est le type de perte de cheveux le plus courant chez les femmes.<\/h2>\t\t\t\t<\/div>\n\t\t\t\t<\/div>\n\t\t\t\t<div class=\"elementor-element elementor-element-fb5d58a elementor-widget-divider--view-line elementor-widget elementor-widget-divider\" data-id=\"fb5d58a\" data-element_type=\"widget\" data-e-type=\"widget\" data-widget_type=\"divider.default\">\n\t\t\t\t<div class=\"elementor-widget-container\">\n\t\t\t\t\t\t\t<div class=\"elementor-divider\">\n\t\t\t<span class=\"elementor-divider-separator\">\n\t\t\t\t\t\t<\/span>\n\t\t<\/div>\n\t\t\t\t\t\t<\/div>\n\t\t\t\t<\/div>\n\t\t\t\t<div class=\"elementor-element elementor-element-5b9dbf30 elementor-widget elementor-widget-text-editor\" data-id=\"5b9dbf30\" data-element_type=\"widget\" data-e-type=\"widget\" data-widget_type=\"text-editor.default\">\n\t\t\t\t<div class=\"elementor-widget-container\">\n\t\t\t\t\t\t\t\t\t<p>La calvitie f\u00e9minine est une forme particuli\u00e8re de perte de cheveux qui se produit chez les femmes atteintes d&rsquo;alop\u00e9cie androg\u00e9n\u00e9tique. De nombreuses femmes sont touch\u00e9es par la chute des cheveux chez la femme. En fait, environ 40 % des femmes \u00e2g\u00e9es de 50 ans pr\u00e9sentent des signes de perte de cheveux et moins de 45 % des femmes atteignent l&rsquo;\u00e2ge de 80 ans avec une chevelure compl\u00e8te.<\/p>\n\t\t\t\t\t\t\t\t<\/div>\n\t\t\t\t<\/div>\n\t\t\t\t\t<\/div>\n\t\t<\/div>\n\t\t\t\t<div class=\"elementor-column elementor-col-50 elementor-inner-column elementor-element elementor-element-78121bc7\" data-id=\"78121bc7\" data-element_type=\"column\" data-e-type=\"column\">\n\t\t\t<div class=\"elementor-widget-wrap elementor-element-populated\">\n\t\t\t\t\t\t<div class=\"elementor-element elementor-element-2d993b06 e-transform elementor-widget elementor-widget-image\" data-id=\"2d993b06\" data-element_type=\"widget\" data-e-type=\"widget\" data-settings=\"{&quot;_transform_scale_effect&quot;:{&quot;unit&quot;:&quot;px&quot;,&quot;size&quot;:1.4,&quot;sizes&quot;:[]},&quot;_transform_scale_effect_tablet&quot;:{&quot;unit&quot;:&quot;px&quot;,&quot;size&quot;:&quot;&quot;,&quot;sizes&quot;:[]},&quot;_transform_scale_effect_mobile&quot;:{&quot;unit&quot;:&quot;px&quot;,&quot;size&quot;:&quot;&quot;,&quot;sizes&quot;:[]}}\" data-widget_type=\"image.default\">\n\t\t\t\t<div class=\"elementor-widget-container\">\n\t\t\t\t\t\t\t\t\t\t\t\t\t\t\t<img fetchpriority=\"high\" decoding=\"async\" width=\"1024\" height=\"684\" src=\"https:\/\/fuecapilar.com\/wp-content\/uploads\/2023\/08\/female-hair-loss-1024x684.png\" class=\"attachment-large size-large wp-image-901\" alt=\"\" srcset=\"https:\/\/fuecapilar.com\/wp-content\/uploads\/2023\/08\/female-hair-loss-1024x684.png 1024w, https:\/\/fuecapilar.com\/wp-content\/uploads\/2023\/08\/female-hair-loss-300x200.png 300w, https:\/\/fuecapilar.com\/wp-content\/uploads\/2023\/08\/female-hair-loss-768x513.png 768w, https:\/\/fuecapilar.com\/wp-content\/uploads\/2023\/08\/female-hair-loss-1536x1025.png 1536w, https:\/\/fuecapilar.com\/wp-content\/uploads\/2023\/08\/female-hair-loss.png 2000w\" sizes=\"(max-width: 1024px) 100vw, 1024px\" \/>\t\t\t\t\t\t\t\t\t\t\t\t\t\t\t<\/div>\n\t\t\t\t<\/div>\n\t\t\t\t\t<\/div>\n\t\t<\/div>\n\t\t\t\t\t<\/div>\n\t\t<\/section>\n\t\t\t\t\t<\/div>\n\t\t<\/div>\n\t\t\t\t\t<\/div>\n\t\t<\/section>\n\t\t\t\t<section class=\"elementor-section elementor-top-section elementor-element elementor-element-16ae7d27 elementor-section-stretched elementor-section-boxed elementor-section-height-default elementor-section-height-default\" data-id=\"16ae7d27\" data-element_type=\"section\" data-e-type=\"section\" data-settings=\"{&quot;stretch_section&quot;:&quot;section-stretched&quot;,&quot;background_background&quot;:&quot;classic&quot;}\">\n\t\t\t\t\t\t<div class=\"elementor-container elementor-column-gap-default\">\n\t\t\t\t\t<div class=\"elementor-column elementor-col-100 elementor-top-column elementor-element elementor-element-456e09e4\" data-id=\"456e09e4\" data-element_type=\"column\" data-e-type=\"column\">\n\t\t\t<div class=\"elementor-widget-wrap elementor-element-populated\">\n\t\t\t\t\t\t<div class=\"elementor-element elementor-element-6e9675cf elementor-widget elementor-widget-text-editor\" data-id=\"6e9675cf\" data-element_type=\"widget\" data-e-type=\"widget\" data-widget_type=\"text-editor.default\">\n\t\t\t\t<div class=\"elementor-widget-container\">\n\t\t\t\t\t\t\t\t\t<p>La FPHL pr\u00e9sente une forte pr\u00e9disposition g\u00e9n\u00e9tique. Le mode de transmission est polyg\u00e9nique, ce qui signifie que de nombreux g\u00e8nes contribuent \u00e0 la calvitie commune et que ces g\u00e8nes peuvent \u00eatre h\u00e9rit\u00e9s de l&rsquo;un ou l&rsquo;autre parent, ou des deux. Les tests g\u00e9n\u00e9tiques visant \u00e0 \u00e9valuer le risque de calvitie ne sont pas recommand\u00e9s \u00e0 l&rsquo;heure actuelle, car ils ne sont pas fiables.<\/p>\n\t\t\t\t\t\t\t\t<\/div>\n\t\t\t\t<\/div>\n\t\t\t\t<div class=\"elementor-element elementor-element-1e84cf2 elementor-widget elementor-widget-heading\" data-id=\"1e84cf2\" data-element_type=\"widget\" data-e-type=\"widget\" data-widget_type=\"heading.default\">\n\t\t\t\t<div class=\"elementor-widget-container\">\n\t\t\t\t\t<h2 class=\"elementor-heading-title elementor-size-default\">L'\u00e9chelle de Ludwig<\/h2>\t\t\t\t<\/div>\n\t\t\t\t<\/div>\n\t\t\t\t<div class=\"elementor-element elementor-element-4ad0373 elementor-widget-divider--view-line elementor-widget elementor-widget-divider\" data-id=\"4ad0373\" data-element_type=\"widget\" data-e-type=\"widget\" data-widget_type=\"divider.default\">\n\t\t\t\t<div class=\"elementor-widget-container\">\n\t\t\t\t\t\t\t<div class=\"elementor-divider\">\n\t\t\t<span class=\"elementor-divider-separator\">\n\t\t\t\t\t\t<\/span>\n\t\t<\/div>\n\t\t\t\t\t\t<\/div>\n\t\t\t\t<\/div>\n\t\t\t\t<div class=\"elementor-element elementor-element-5de6806a elementor-widget elementor-widget-text-editor\" data-id=\"5de6806a\" data-element_type=\"widget\" data-e-type=\"widget\" data-widget_type=\"text-editor.default\">\n\t\t\t\t<div class=\"elementor-widget-container\">\n\t\t\t\t\t\t\t\t\t<p><span style=\"font-weight: 400;\">L&rsquo;\u00e9chelle de Ludwig est une m\u00e9thode de classification de la calvitie f\u00e9minine (alop\u00e9cie androg\u00e9nique), similaire \u00e0 l&rsquo;\u00e9chelle de Norwood-Hamilton pour la calvitie masculine.<\/span><\/p>\n\t\t\t\t\t\t\t\t<\/div>\n\t\t\t\t<\/div>\n\t\t\t\t<section class=\"elementor-section elementor-inner-section elementor-element elementor-element-ec2de3e elementor-section-boxed elementor-section-height-default elementor-section-height-default\" data-id=\"ec2de3e\" data-element_type=\"section\" data-e-type=\"section\">\n\t\t\t\t\t\t<div class=\"elementor-container elementor-column-gap-default\">\n\t\t\t\t\t<div class=\"elementor-column elementor-col-33 elementor-inner-column elementor-element elementor-element-bc7f54b\" data-id=\"bc7f54b\" data-element_type=\"column\" data-e-type=\"column\">\n\t\t\t<div class=\"elementor-widget-wrap elementor-element-populated\">\n\t\t\t\t\t\t<div class=\"elementor-element elementor-element-1727c22 elementor-widget elementor-widget-image\" data-id=\"1727c22\" data-element_type=\"widget\" data-e-type=\"widget\" data-widget_type=\"image.default\">\n\t\t\t\t<div class=\"elementor-widget-container\">\n\t\t\t\t\t\t\t\t\t\t\t\t\t\t\t<img decoding=\"async\" width=\"470\" height=\"190\" src=\"https:\/\/fuecapilar.com\/wp-content\/uploads\/2023\/08\/123.jpg\" class=\"attachment-large size-large wp-image-907\" alt=\"\" srcset=\"https:\/\/fuecapilar.com\/wp-content\/uploads\/2023\/08\/123.jpg 470w, https:\/\/fuecapilar.com\/wp-content\/uploads\/2023\/08\/123-300x121.jpg 300w\" sizes=\"(max-width: 470px) 100vw, 470px\" \/>\t\t\t\t\t\t\t\t\t\t\t\t\t\t\t<\/div>\n\t\t\t\t<\/div>\n\t\t\t\t\t<\/div>\n\t\t<\/div>\n\t\t\t\t<div class=\"elementor-column elementor-col-33 elementor-inner-column elementor-element elementor-element-a0980b2\" data-id=\"a0980b2\" data-element_type=\"column\" data-e-type=\"column\">\n\t\t\t<div class=\"elementor-widget-wrap elementor-element-populated\">\n\t\t\t\t\t\t<div class=\"elementor-element elementor-element-811d292 elementor-widget elementor-widget-image\" data-id=\"811d292\" data-element_type=\"widget\" data-e-type=\"widget\" data-widget_type=\"image.default\">\n\t\t\t\t<div class=\"elementor-widget-container\">\n\t\t\t\t\t\t\t\t\t\t\t\t\t\t\t<img decoding=\"async\" width=\"470\" height=\"190\" src=\"https:\/\/fuecapilar.com\/wp-content\/uploads\/2023\/08\/456.jpg\" class=\"attachment-large size-large wp-image-910\" alt=\"\" srcset=\"https:\/\/fuecapilar.com\/wp-content\/uploads\/2023\/08\/456.jpg 470w, https:\/\/fuecapilar.com\/wp-content\/uploads\/2023\/08\/456-300x121.jpg 300w\" sizes=\"(max-width: 470px) 100vw, 470px\" \/>\t\t\t\t\t\t\t\t\t\t\t\t\t\t\t<\/div>\n\t\t\t\t<\/div>\n\t\t\t\t\t<\/div>\n\t\t<\/div>\n\t\t\t\t<div class=\"elementor-column elementor-col-33 elementor-inner-column elementor-element elementor-element-eee79a1\" data-id=\"eee79a1\" data-element_type=\"column\" data-e-type=\"column\">\n\t\t\t<div class=\"elementor-widget-wrap elementor-element-populated\">\n\t\t\t\t\t\t<div class=\"elementor-element elementor-element-12e2b98 elementor-widget elementor-widget-image\" data-id=\"12e2b98\" data-element_type=\"widget\" data-e-type=\"widget\" data-widget_type=\"image.default\">\n\t\t\t\t<div class=\"elementor-widget-container\">\n\t\t\t\t\t\t\t\t\t\t\t\t\t\t\t<img loading=\"lazy\" decoding=\"async\" width=\"470\" height=\"190\" src=\"https:\/\/fuecapilar.com\/wp-content\/uploads\/2023\/08\/789.jpg\" class=\"attachment-large size-large wp-image-913\" alt=\"\" srcset=\"https:\/\/fuecapilar.com\/wp-content\/uploads\/2023\/08\/789.jpg 470w, https:\/\/fuecapilar.com\/wp-content\/uploads\/2023\/08\/789-300x121.jpg 300w\" sizes=\"(max-width: 470px) 100vw, 470px\" \/>\t\t\t\t\t\t\t\t\t\t\t\t\t\t\t<\/div>\n\t\t\t\t<\/div>\n\t\t\t\t\t<\/div>\n\t\t<\/div>\n\t\t\t\t\t<\/div>\n\t\t<\/section>\n\t\t\t\t<div class=\"elementor-element elementor-element-49ecd7c elementor-widget elementor-widget-heading\" data-id=\"49ecd7c\" data-element_type=\"widget\" data-e-type=\"widget\" data-widget_type=\"heading.default\">\n\t\t\t\t<div class=\"elementor-widget-container\">\n\t\t\t\t\t<h2 class=\"elementor-heading-title elementor-size-default\">Greffe de cheveux pour les femmes\n<\/h2>\t\t\t\t<\/div>\n\t\t\t\t<\/div>\n\t\t\t\t<div class=\"elementor-element elementor-element-e1282ab elementor-widget-divider--view-line elementor-widget elementor-widget-divider\" data-id=\"e1282ab\" data-element_type=\"widget\" data-e-type=\"widget\" data-widget_type=\"divider.default\">\n\t\t\t\t<div class=\"elementor-widget-container\">\n\t\t\t\t\t\t\t<div class=\"elementor-divider\">\n\t\t\t<span class=\"elementor-divider-separator\">\n\t\t\t\t\t\t<\/span>\n\t\t<\/div>\n\t\t\t\t\t\t<\/div>\n\t\t\t\t<\/div>\n\t\t\t\t<div class=\"elementor-element elementor-element-4cb2a313 elementor-widget elementor-widget-text-editor\" data-id=\"4cb2a313\" data-element_type=\"widget\" data-e-type=\"widget\" data-widget_type=\"text-editor.default\">\n\t\t\t\t<div class=\"elementor-widget-container\">\n\t\t\t\t\t\t\t\t\tLa perte de cheveux chez la femme peut \u00eatre une exp\u00e9rience traumatisante pour n&rsquo;importe quelle femme. Ces derni\u00e8res ann\u00e9es, certains traitements sont devenus disponibles pour aider \u00e0 ralentir ou \u00e0 stabiliser la perte de cheveux, le minoxidil oral \u00e9tant l&rsquo;un des plus efficaces. En outre, la greffe de cheveux est devenue une solution tr\u00e8s efficace pour ce type de perte de cheveux.\n\t\t\t\t\t\t\t\t<\/div>\n\t\t\t\t<\/div>\n\t\t\t\t\t<\/div>\n\t\t<\/div>\n\t\t\t\t\t<\/div>\n\t\t<\/section>\n\t\t\t\t<\/div>\n\t\t","protected":false},"excerpt":{"rendered":"<p>La calvitie f\u00e9minine est le type de perte de cheveux le plus courant chez les femmes. La calvitie f\u00e9minine est une forme particuli\u00e8re de perte de cheveux qui se produit chez les femmes atteintes d&rsquo;alop\u00e9cie androg\u00e9n\u00e9tique. De nombreuses femmes sont touch\u00e9es par la chute des cheveux chez la femme. En fait, environ 40 % des [&hellip;]<\/p>\n","protected":false},"author":1,"featured_media":0,"parent":0,"menu_order":0,"comment_status":"closed","ping_status":"closed","template":"","meta":{"site-sidebar-layout":"no-sidebar","site-content-layout":"page-builder","ast-site-content-layout":"","site-content-style":"default","site-sidebar-style":"default","ast-global-header-display":"","ast-banner-title-visibility":"","ast-main-header-display":"","ast-hfb-above-header-display":"","ast-hfb-below-header-display":"","ast-hfb-mobile-header-display":"","site-post-title":"disabled","ast-breadcrumbs-content":"","ast-featured-img":"disabled","footer-sml-layout":"","theme-transparent-header-meta":"default","adv-header-id-meta":"","stick-header-meta":"","header-above-stick-meta":"","header-main-stick-meta":"","header-below-stick-meta":"","astra-migrate-meta-layouts":"default","ast-page-background-enabled":"default","ast-page-background-meta":{"desktop":{"background-color":"var(--ast-global-color-4)","background-image":"","background-repeat":"repeat","background-position":"center center","background-size":"auto","background-attachment":"scroll","background-type":"","background-media":"","overlay-type":"","overlay-color":"","overlay-opacity":"","overlay-gradient":""},"tablet":{"background-color":"","background-image":"","background-repeat":"repeat","background-position":"center center","background-size":"auto","background-attachment":"scroll","background-type":"","background-media":"","overlay-type":"","overlay-color":"","overlay-opacity":"","overlay-gradient":""},"mobile":{"background-color":"","background-image":"","background-repeat":"repeat","background-position":"center center","background-size":"auto","background-attachment":"scroll","background-type":"","background-media":"","overlay-type":"","overlay-color":"","overlay-opacity":"","overlay-gradient":""}},"ast-content-background-meta":{"desktop":{"background-color":"var(--ast-global-color-5)","background-image":"","background-repeat":"repeat","background-position":"center center","background-size":"auto","background-attachment":"scroll","background-type":"","background-media":"","overlay-type":"","overlay-color":"","overlay-opacity":"","overlay-gradient":""},"tablet":{"background-color":"var(--ast-global-color-5)","background-image":"","background-repeat":"repeat","background-position":"center center","background-size":"auto","background-attachment":"scroll","background-type":"","background-media":"","overlay-type":"","overlay-color":"","overlay-opacity":"","overlay-gradient":""},"mobile":{"background-color":"var(--ast-global-color-5)","background-image":"","background-repeat":"repeat","background-position":"center center","background-size":"auto","background-attachment":"scroll","background-type":"","background-media":"","overlay-type":"","overlay-color":"","overlay-opacity":"","overlay-gradient":""}},"footnotes":""},"class_list":["post-2343","page","type-page","status-publish","hentry"],"yoast_head":"<!-- This site is optimized with the Yoast SEO plugin v27.4 - https:\/\/yoast.com\/product\/yoast-seo-wordpress\/ -->\n<title>Perte de cheveux f\u00e9minine - FUECAPILAR<\/title>\n<meta name=\"robots\" content=\"index, follow, max-snippet:-1, max-image-preview:large, max-video-preview:-1\" \/>\n<link rel=\"canonical\" href=\"https:\/\/fuecapilar.com\/fr\/la-calvitie-feminine\/\" \/>\n<meta property=\"og:locale\" content=\"fr_FR\" \/>\n<meta property=\"og:type\" content=\"article\" \/>\n<meta property=\"og:title\" content=\"Perte de cheveux f\u00e9minine - FUECAPILAR\" \/>\n<meta property=\"og:description\" content=\"La calvitie f\u00e9minine est le type de perte de cheveux le plus courant chez les femmes. La calvitie f\u00e9minine est une forme particuli\u00e8re de perte de cheveux qui se produit chez les femmes atteintes d&rsquo;alop\u00e9cie androg\u00e9n\u00e9tique. De nombreuses femmes sont touch\u00e9es par la chute des cheveux chez la femme. En fait, environ 40 % des [&hellip;]\" \/>\n<meta property=\"og:url\" content=\"https:\/\/fuecapilar.com\/fr\/la-calvitie-feminine\/\" \/>\n<meta property=\"og:site_name\" content=\"FUECAPILAR\" \/>\n<meta property=\"article:modified_time\" content=\"2023-08-25T11:55:58+00:00\" \/>\n<meta property=\"og:image\" content=\"https:\/\/fuecapilar.com\/wp-content\/uploads\/2023\/08\/female-hair-loss-1024x684.png\" \/>\n<meta name=\"twitter:card\" content=\"summary_large_image\" \/>\n<meta name=\"twitter:label1\" content=\"Dur\u00e9e de lecture estim\u00e9e\" \/>\n\t<meta name=\"twitter:data1\" content=\"1 minute\" \/>\n<script type=\"application\/ld+json\" class=\"yoast-schema-graph\">{\"@context\":\"https:\\\/\\\/schema.org\",\"@graph\":[{\"@type\":\"WebPage\",\"@id\":\"https:\\\/\\\/fuecapilar.com\\\/fr\\\/la-calvitie-feminine\\\/\",\"url\":\"https:\\\/\\\/fuecapilar.com\\\/fr\\\/la-calvitie-feminine\\\/\",\"name\":\"Perte de cheveux f\u00e9minine - FUECAPILAR\",\"isPartOf\":{\"@id\":\"https:\\\/\\\/fuecapilar.com\\\/#website\"},\"primaryImageOfPage\":{\"@id\":\"https:\\\/\\\/fuecapilar.com\\\/fr\\\/la-calvitie-feminine\\\/#primaryimage\"},\"image\":{\"@id\":\"https:\\\/\\\/fuecapilar.com\\\/fr\\\/la-calvitie-feminine\\\/#primaryimage\"},\"thumbnailUrl\":\"https:\\\/\\\/fuecapilar.com\\\/wp-content\\\/uploads\\\/2023\\\/08\\\/female-hair-loss-1024x684.png\",\"datePublished\":\"2023-08-02T07:54:12+00:00\",\"dateModified\":\"2023-08-25T11:55:58+00:00\",\"breadcrumb\":{\"@id\":\"https:\\\/\\\/fuecapilar.com\\\/fr\\\/la-calvitie-feminine\\\/#breadcrumb\"},\"inLanguage\":\"fr-FR\",\"potentialAction\":[{\"@type\":\"ReadAction\",\"target\":[\"https:\\\/\\\/fuecapilar.com\\\/fr\\\/la-calvitie-feminine\\\/\"]}]},{\"@type\":\"ImageObject\",\"inLanguage\":\"fr-FR\",\"@id\":\"https:\\\/\\\/fuecapilar.com\\\/fr\\\/la-calvitie-feminine\\\/#primaryimage\",\"url\":\"https:\\\/\\\/fuecapilar.com\\\/wp-content\\\/uploads\\\/2023\\\/08\\\/female-hair-loss-1024x684.png\",\"contentUrl\":\"https:\\\/\\\/fuecapilar.com\\\/wp-content\\\/uploads\\\/2023\\\/08\\\/female-hair-loss-1024x684.png\"},{\"@type\":\"BreadcrumbList\",\"@id\":\"https:\\\/\\\/fuecapilar.com\\\/fr\\\/la-calvitie-feminine\\\/#breadcrumb\",\"itemListElement\":[{\"@type\":\"ListItem\",\"position\":1,\"name\":\"Home\",\"item\":\"https:\\\/\\\/fuecapilar.com\\\/fr\\\/\"},{\"@type\":\"ListItem\",\"position\":2,\"name\":\"Perte de cheveux f\u00e9minine\"}]},{\"@type\":\"WebSite\",\"@id\":\"https:\\\/\\\/fuecapilar.com\\\/#website\",\"url\":\"https:\\\/\\\/fuecapilar.com\\\/\",\"name\":\"FUECAPILAR\",\"description\":\"Surgery performed by a surgeon\",\"publisher\":{\"@id\":\"https:\\\/\\\/fuecapilar.com\\\/#organization\"},\"potentialAction\":[{\"@type\":\"SearchAction\",\"target\":{\"@type\":\"EntryPoint\",\"urlTemplate\":\"https:\\\/\\\/fuecapilar.com\\\/?s={search_term_string}\"},\"query-input\":{\"@type\":\"PropertyValueSpecification\",\"valueRequired\":true,\"valueName\":\"search_term_string\"}}],\"inLanguage\":\"fr-FR\"},{\"@type\":\"Organization\",\"@id\":\"https:\\\/\\\/fuecapilar.com\\\/#organization\",\"name\":\"FUECAPILAR\",\"url\":\"https:\\\/\\\/fuecapilar.com\\\/\",\"logo\":{\"@type\":\"ImageObject\",\"inLanguage\":\"fr-FR\",\"@id\":\"https:\\\/\\\/fuecapilar.com\\\/#\\\/schema\\\/logo\\\/image\\\/\",\"url\":\"https:\\\/\\\/fuecapilar.com\\\/wp-content\\\/uploads\\\/2023\\\/04\\\/fuecapilar-logo.png\",\"contentUrl\":\"https:\\\/\\\/fuecapilar.com\\\/wp-content\\\/uploads\\\/2023\\\/04\\\/fuecapilar-logo.png\",\"width\":400,\"height\":85,\"caption\":\"FUECAPILAR\"},\"image\":{\"@id\":\"https:\\\/\\\/fuecapilar.com\\\/#\\\/schema\\\/logo\\\/image\\\/\"}}]}<\/script>\n<!-- \/ Yoast SEO plugin. -->","yoast_head_json":{"title":"Perte de cheveux f\u00e9minine - FUECAPILAR","robots":{"index":"index","follow":"follow","max-snippet":"max-snippet:-1","max-image-preview":"max-image-preview:large","max-video-preview":"max-video-preview:-1"},"canonical":"https:\/\/fuecapilar.com\/fr\/la-calvitie-feminine\/","og_locale":"fr_FR","og_type":"article","og_title":"Perte de cheveux f\u00e9minine - FUECAPILAR","og_description":"La calvitie f\u00e9minine est le type de perte de cheveux le plus courant chez les femmes. La calvitie f\u00e9minine est une forme particuli\u00e8re de perte de cheveux qui se produit chez les femmes atteintes d&rsquo;alop\u00e9cie androg\u00e9n\u00e9tique. De nombreuses femmes sont touch\u00e9es par la chute des cheveux chez la femme. En fait, environ 40 % des [&hellip;]","og_url":"https:\/\/fuecapilar.com\/fr\/la-calvitie-feminine\/","og_site_name":"FUECAPILAR","article_modified_time":"2023-08-25T11:55:58+00:00","og_image":[{"url":"https:\/\/fuecapilar.com\/wp-content\/uploads\/2023\/08\/female-hair-loss-1024x684.png","type":"","width":"","height":""}],"twitter_card":"summary_large_image","twitter_misc":{"Dur\u00e9e de lecture estim\u00e9e":"1 minute"},"schema":{"@context":"https:\/\/schema.org","@graph":[{"@type":"WebPage","@id":"https:\/\/fuecapilar.com\/fr\/la-calvitie-feminine\/","url":"https:\/\/fuecapilar.com\/fr\/la-calvitie-feminine\/","name":"Perte de cheveux f\u00e9minine - FUECAPILAR","isPartOf":{"@id":"https:\/\/fuecapilar.com\/#website"},"primaryImageOfPage":{"@id":"https:\/\/fuecapilar.com\/fr\/la-calvitie-feminine\/#primaryimage"},"image":{"@id":"https:\/\/fuecapilar.com\/fr\/la-calvitie-feminine\/#primaryimage"},"thumbnailUrl":"https:\/\/fuecapilar.com\/wp-content\/uploads\/2023\/08\/female-hair-loss-1024x684.png","datePublished":"2023-08-02T07:54:12+00:00","dateModified":"2023-08-25T11:55:58+00:00","breadcrumb":{"@id":"https:\/\/fuecapilar.com\/fr\/la-calvitie-feminine\/#breadcrumb"},"inLanguage":"fr-FR","potentialAction":[{"@type":"ReadAction","target":["https:\/\/fuecapilar.com\/fr\/la-calvitie-feminine\/"]}]},{"@type":"ImageObject","inLanguage":"fr-FR","@id":"https:\/\/fuecapilar.com\/fr\/la-calvitie-feminine\/#primaryimage","url":"https:\/\/fuecapilar.com\/wp-content\/uploads\/2023\/08\/female-hair-loss-1024x684.png","contentUrl":"https:\/\/fuecapilar.com\/wp-content\/uploads\/2023\/08\/female-hair-loss-1024x684.png"},{"@type":"BreadcrumbList","@id":"https:\/\/fuecapilar.com\/fr\/la-calvitie-feminine\/#breadcrumb","itemListElement":[{"@type":"ListItem","position":1,"name":"Home","item":"https:\/\/fuecapilar.com\/fr\/"},{"@type":"ListItem","position":2,"name":"Perte de cheveux f\u00e9minine"}]},{"@type":"WebSite","@id":"https:\/\/fuecapilar.com\/#website","url":"https:\/\/fuecapilar.com\/","name":"FUECAPILAR","description":"Surgery performed by a surgeon","publisher":{"@id":"https:\/\/fuecapilar.com\/#organization"},"potentialAction":[{"@type":"SearchAction","target":{"@type":"EntryPoint","urlTemplate":"https:\/\/fuecapilar.com\/?s={search_term_string}"},"query-input":{"@type":"PropertyValueSpecification","valueRequired":true,"valueName":"search_term_string"}}],"inLanguage":"fr-FR"},{"@type":"Organization","@id":"https:\/\/fuecapilar.com\/#organization","name":"FUECAPILAR","url":"https:\/\/fuecapilar.com\/","logo":{"@type":"ImageObject","inLanguage":"fr-FR","@id":"https:\/\/fuecapilar.com\/#\/schema\/logo\/image\/","url":"https:\/\/fuecapilar.com\/wp-content\/uploads\/2023\/04\/fuecapilar-logo.png","contentUrl":"https:\/\/fuecapilar.com\/wp-content\/uploads\/2023\/04\/fuecapilar-logo.png","width":400,"height":85,"caption":"FUECAPILAR"},"image":{"@id":"https:\/\/fuecapilar.com\/#\/schema\/logo\/image\/"}}]}},"_links":{"self":[{"href":"https:\/\/fuecapilar.com\/fr\/wp-json\/wp\/v2\/pages\/2343","targetHints":{"allow":["GET"]}}],"collection":[{"href":"https:\/\/fuecapilar.com\/fr\/wp-json\/wp\/v2\/pages"}],"about":[{"href":"https:\/\/fuecapilar.com\/fr\/wp-json\/wp\/v2\/types\/page"}],"author":[{"embeddable":true,"href":"https:\/\/fuecapilar.com\/fr\/wp-json\/wp\/v2\/users\/1"}],"replies":[{"embeddable":true,"href":"https:\/\/fuecapilar.com\/fr\/wp-json\/wp\/v2\/comments?post=2343"}],"version-history":[{"count":3,"href":"https:\/\/fuecapilar.com\/fr\/wp-json\/wp\/v2\/pages\/2343\/revisions"}],"predecessor-version":[{"id":2346,"href":"https:\/\/fuecapilar.com\/fr\/wp-json\/wp\/v2\/pages\/2343\/revisions\/2346"}],"wp:attachment":[{"href":"https:\/\/fuecapilar.com\/fr\/wp-json\/wp\/v2\/media?parent=2343"}],"curies":[{"name":"wp","href":"https:\/\/api.w.org\/{rel}","templated":true}]}}