{"id":2355,"date":"2023-08-02T11:46:36","date_gmt":"2023-08-02T11:46:36","guid":{"rendered":"https:\/\/fuecapilar.com\/fue-ouverture-du-canal\/"},"modified":"2023-08-25T12:17:32","modified_gmt":"2023-08-25T12:17:32","slug":"fue-ouverture-du-canal","status":"publish","type":"page","link":"https:\/\/fuecapilar.com\/fr\/fue-ouverture-du-canal\/","title":{"rendered":"FUE + ouverture du canal"},"content":{"rendered":"\t\t<div data-elementor-type=\"wp-page\" data-elementor-id=\"2355\" class=\"elementor elementor-2355 elementor-390\" data-elementor-post-type=\"page\">\n\t\t\t\t\t\t<section class=\"elementor-section elementor-top-section elementor-element elementor-element-a6a6970 elementor-section-boxed elementor-section-height-default elementor-section-height-default\" data-id=\"a6a6970\" data-element_type=\"section\" data-e-type=\"section\">\n\t\t\t\t\t\t<div class=\"elementor-container elementor-column-gap-default\">\n\t\t\t\t\t<div class=\"elementor-column elementor-col-100 elementor-top-column elementor-element elementor-element-3378ee0b\" data-id=\"3378ee0b\" data-element_type=\"column\" data-e-type=\"column\">\n\t\t\t<div class=\"elementor-widget-wrap elementor-element-populated\">\n\t\t\t\t\t\t<div class=\"elementor-element elementor-element-2367b9fb elementor-widget elementor-widget-heading\" data-id=\"2367b9fb\" data-element_type=\"widget\" data-e-type=\"widget\" data-widget_type=\"heading.default\">\n\t\t\t\t<div class=\"elementor-widget-container\">\n\t\t\t\t\t<h2 class=\"elementor-heading-title elementor-size-default\">Extraction d'unit\u00e9s folliculaires par le Dr Gur<\/h2>\t\t\t\t<\/div>\n\t\t\t\t<\/div>\n\t\t\t\t<div class=\"elementor-element elementor-element-68c9c86e elementor-widget elementor-widget-text-editor\" data-id=\"68c9c86e\" data-element_type=\"widget\" data-e-type=\"widget\" data-widget_type=\"text-editor.default\">\n\t\t\t\t<div class=\"elementor-widget-container\">\n\t\t\t\t\t\t\t\t\t<p><span style=\"font-weight: 400;\">Cette technique moderne de transplantation capillaire est utilis\u00e9e depuis 2003. Ce traitement est plus avanc\u00e9 que les m\u00e9thodes de transplantation pr\u00e9c\u00e9dentes, telles que la transplantation par pr\u00e9l\u00e8vement de bandelettes et la FUT.<\/span><\/p>\n<p><span style=\"font-weight: 400;\">La technique FUE est une m\u00e9thode d&rsquo;extraction ou de \u00ab\u00a0pr\u00e9l\u00e8vement\u00a0\u00bb d&rsquo;unit\u00e9s folliculaires, qui contiennent de 1 \u00e0 5 cheveux, \u00e0 partir de la zone donneuse. Dans les greffes de cheveux FUE, un instrument d&rsquo;extraction sp\u00e9cialis\u00e9 est utilis\u00e9 pour pratiquer une petite incision circulaire dans la peau autour d&rsquo;une unit\u00e9 folliculaire, la s\u00e9parant ainsi du tissu environnant. L&rsquo;unit\u00e9 est extraite directement du cuir chevelu, en laissant un petit trou ouvert.<\/span><span style=\"font-weight: 400;\">Les normes Golden Hand sont une norme de qualit\u00e9 appliqu\u00e9e par le Dr Gokhan Gur pour <\/span><span style=\"font-weight: 400;\">minimiser la possibilit\u00e9 d&rsquo;endommager les greffons<\/span><span style=\"font-weight: 400;\"> au cours des proc\u00e9dures de restauration capillaire.<\/span> <\/p>\n<p><span style=\"font-weight: 400;\"> Ces normes garantissent \u00e9galement que la <\/span><span style=\"font-weight: 400;\">zone donneuse ne pr\u00e9sente pas de manque de densit\u00e9 visible<\/span><span style=\"font-weight: 400;\"> reste saine et est robuste pour d&rsquo;\u00e9ventuelles futures proc\u00e9dures de greffe de cheveux si les patients en ont besoin. <\/span> <\/p>\n<p><span style=\"font-weight: 400;\">En outre, les normes<\/span><span style=\"font-weight: 400;\">permettent une extraction homog\u00e8ne<\/span><span style=\"font-weight: 400;\"> de la zone donneuse, ce qui donne un aspect naturel \u00e0 la zone donneuse. <\/span> <\/p>\n<p><span style=\"font-weight: 400;\">La greffe de cheveux est une intervention ambulatoire r\u00e9alis\u00e9e sous anesth\u00e9sie locale. Vous serez parfaitement \u00e9veill\u00e9 et pourrez parler au chirurgien pendant l&rsquo;intervention.<\/span><\/p>\n<p><span style=\"font-weight: 400;\">L&rsquo;anesth\u00e9sie locale est inject\u00e9e dans le cuir chevelu de la zone donneuse et de la zone receveuse.<\/span><span style=\"font-weight: 400;\"><br \/><\/span><span style=\"font-weight: 400;\"><br \/><\/span><span style=\"font-weight: 400;\">Avant le d\u00e9but de l&rsquo;intervention, le Dr Gur proc\u00e8de \u00e0 une \u00e9valuation m\u00e9ticuleuse de la zone donneuse o\u00f9 la capacit\u00e9 globale de la zone donneuse est \u00e9tablie afin de d\u00e9terminer le nombre maximum de greffons qui peuvent \u00eatre pr\u00e9lev\u00e9s en toute s\u00e9curit\u00e9 sans provoquer de dommages \u00e0 la zone donneuse.<\/span><\/p>\n<p><span style=\"font-weight: 400;\">L&rsquo;\u00e9paisseur des cheveux est \u00e9galement mesur\u00e9e pour choisir la taille du punch, qui peut varier de 0,8 mm \u00e0 1,1 mm ; cependant, dans la majorit\u00e9 des cas, les punch utilis\u00e9s sont de 0,8 et 0,9 mm.<\/span><\/p>\n<p><span style=\"font-weight: 400;\">Le Dr Gur utilise un punch micromoteur pour toutes ses extractions. En plus de 20 ans d&rsquo;exp\u00e9rience, il a accumul\u00e9 une vaste exp\u00e9rience qui peut \u00eatre r\u00e9sum\u00e9e par les donn\u00e9es ci-dessous :<\/span><\/p>\n<ul>\n<li style=\"font-weight: 400;\" aria-level=\"1\"><i><span style=\"font-weight: 400;\">Notre taux de transection total &lt;est aussi bas que 5-10 greffons pour 3000 greffons (0,17% &#8211; 0,33%), ou en d&rsquo;autres termes ce taux est ignorable.<\/span><\/i><\/li>\n<\/ul>\n\t\t\t\t\t\t\t\t<\/div>\n\t\t\t\t<\/div>\n\t\t\t\t\t<\/div>\n\t\t<\/div>\n\t\t\t\t\t<\/div>\n\t\t<\/section>\n\t\t\t\t<section class=\"elementor-section elementor-top-section elementor-element elementor-element-55a704 elementor-section-stretched elementor-section-boxed elementor-section-height-default elementor-section-height-default\" data-id=\"55a704\" data-element_type=\"section\" data-e-type=\"section\" data-settings=\"{&quot;stretch_section&quot;:&quot;section-stretched&quot;,&quot;background_background&quot;:&quot;classic&quot;}\">\n\t\t\t\t\t\t<div class=\"elementor-container elementor-column-gap-default\">\n\t\t\t\t\t<div class=\"elementor-column elementor-col-100 elementor-top-column elementor-element elementor-element-161699e2\" data-id=\"161699e2\" data-element_type=\"column\" data-e-type=\"column\">\n\t\t\t<div class=\"elementor-widget-wrap elementor-element-populated\">\n\t\t\t\t\t\t<div class=\"elementor-element elementor-element-4380a121 elementor-widget elementor-widget-heading\" data-id=\"4380a121\" data-element_type=\"widget\" data-e-type=\"widget\" data-widget_type=\"heading.default\">\n\t\t\t\t<div class=\"elementor-widget-container\">\n\t\t\t\t\t<h2 class=\"elementor-heading-title elementor-size-default\">Stage d'ouverture de canal par le Dr Gur<\/h2>\t\t\t\t<\/div>\n\t\t\t\t<\/div>\n\t\t\t\t<div class=\"elementor-element elementor-element-79cff8d2 elementor-widget elementor-widget-text-editor\" data-id=\"79cff8d2\" data-element_type=\"widget\" data-e-type=\"widget\" data-widget_type=\"text-editor.default\">\n\t\t\t\t<div class=\"elementor-widget-container\">\n\t\t\t\t\t\t\t\t\t<p><span style=\"font-weight: 400;\">Les greffons intacts (non endommag\u00e9s) pr\u00e9lev\u00e9s selon les normes de la main d&rsquo;or DOIVENT \u00eatre plac\u00e9s dans les canaux de taille correcte qui correspondent exactement aux diam\u00e8tres des greffons. C&rsquo;est la premi\u00e8re <\/span><b>r\u00e8gle pour obtenir des r\u00e9sultats naturels lors d&rsquo;une op\u00e9ration <\/b><span style=\"font-weight: 400;\">de greffe de cheveux..<\/span><\/p>\n<p><span style=\"font-weight: 400;\">L&rsquo;ouverture du canal dans le bon angle et \u00e0 la bonne profondeur est une proc\u00e9dure cruciale car les canaux sont consid\u00e9r\u00e9s comme la zone d&rsquo;incubation des greffons, et la survie des unit\u00e9s folliculaires en d\u00e9pend.<\/span><\/p>\n\t\t\t\t\t\t\t\t<\/div>\n\t\t\t\t<\/div>\n\t\t\t\t<div class=\"elementor-element elementor-element-9493bdd elementor-icon-list--layout-traditional elementor-list-item-link-full_width elementor-widget elementor-widget-icon-list\" data-id=\"9493bdd\" data-element_type=\"widget\" data-e-type=\"widget\" data-widget_type=\"icon-list.default\">\n\t\t\t\t<div class=\"elementor-widget-container\">\n\t\t\t\t\t\t\t<ul class=\"elementor-icon-list-items\">\n\t\t\t\t\t\t\t<li class=\"elementor-icon-list-item\">\n\t\t\t\t\t\t\t\t\t\t\t<span class=\"elementor-icon-list-icon\">\n\t\t\t\t\t\t\t<i aria-hidden=\"true\" class=\"fas fa-arrow-circle-right\"><\/i>\t\t\t\t\t\t<\/span>\n\t\t\t\t\t\t\t\t\t\t<span class=\"elementor-icon-list-text\">De m\u00eame, si les greffons doivent \u00eatre transport\u00e9s dans des canaux de plus petite taille, ils seront endommag\u00e9s, ce qui entra\u00eenera une r\u00e9duction du taux de croissance et de la densit\u00e9 dans la zone receveuse. <\/span>\n\t\t\t\t\t\t\t\t\t<\/li>\n\t\t\t\t\t\t\t\t<li class=\"elementor-icon-list-item\">\n\t\t\t\t\t\t\t\t\t\t\t<span class=\"elementor-icon-list-icon\">\n\t\t\t\t\t\t\t<i aria-hidden=\"true\" class=\"fas fa-arrow-circle-right\"><\/i>\t\t\t\t\t\t<\/span>\n\t\t\t\t\t\t\t\t\t\t<span class=\"elementor-icon-list-text\">Par cons\u00e9quent, le transport des greffons, qui sont pr\u00e9lev\u00e9s \u00e0 l'aide d'un punch de 0.8 et 0.9 mm, dans les incisions d'un diam\u00e8tre inf\u00e9rieur \u00e0 1 mm est l'aspect le plus important pour obtenir une qualit\u00e9 esth\u00e9tique totale dans les op\u00e9rations de transplantation capillaire FUE. <\/span>\n\t\t\t\t\t\t\t\t\t<\/li>\n\t\t\t\t\t\t<\/ul>\n\t\t\t\t\t\t<\/div>\n\t\t\t\t<\/div>\n\t\t\t\t<div class=\"elementor-element elementor-element-1f707e0 elementor-widget elementor-widget-text-editor\" data-id=\"1f707e0\" data-element_type=\"widget\" data-e-type=\"widget\" data-widget_type=\"text-editor.default\">\n\t\t\t\t<div class=\"elementor-widget-container\">\n\t\t\t\t\t\t\t\t\t<p><span style=\"font-weight: 400;\">Pour la racine des cheveux et la zone frontale, le Dr Gur utilise actuellement des lames de saphir de<\/span><span style=\"font-weight: 400;\">.<\/span><span style=\"font-weight: 400;\">0,8 mm \u00e0 1 mm<\/span><span style=\"font-weight: 400;\">.<\/span><span style=\"font-weight: 400;\">En fonction de la texture des cheveux (\u00e9paisseur), de la taille des greffons et de la classification des greffes (greffes multiples), la taille des lames peut augmenter jusqu&rsquo;\u00e0 1,25 mm. <\/span> <\/p>\n<p><span style=\"font-weight: 400;\">Pour la racine des cheveux et la zone frontale, le Dr Gur utilise actuellement des lames de saphir de 0,8 mm \u00e0 1 mm. En fonction de la texture des cheveux (\u00e9paisseur), de la taille des greffons et de la classification des greffes (greffes multiples), la taille des lames peut augmenter jusqu&rsquo;\u00e0 1,25 mm. <\/span><\/p>\n<p><span style=\"font-weight: 400;\">L&rsquo;objectif principal des normes Golden Hand est d&rsquo;obtenir des r\u00e9sultats naturels de haute qualit\u00e9.<\/span><\/p>\n\t\t\t\t\t\t\t\t<\/div>\n\t\t\t\t<\/div>\n\t\t\t\t\t<\/div>\n\t\t<\/div>\n\t\t\t\t\t<\/div>\n\t\t<\/section>\n\t\t\t\t<\/div>\n\t\t","protected":false},"excerpt":{"rendered":"<p>Extraction d&rsquo;unit\u00e9s folliculaires par le Dr Gur Cette technique moderne de transplantation capillaire est utilis\u00e9e depuis 2003. Ce traitement est plus avanc\u00e9 que les m\u00e9thodes de transplantation pr\u00e9c\u00e9dentes, telles que la transplantation par pr\u00e9l\u00e8vement de bandelettes et la FUT. La technique FUE est une m\u00e9thode d&rsquo;extraction ou de \u00ab\u00a0pr\u00e9l\u00e8vement\u00a0\u00bb d&rsquo;unit\u00e9s folliculaires, qui contiennent de 1 [&hellip;]<\/p>\n","protected":false},"author":1,"featured_media":0,"parent":0,"menu_order":0,"comment_status":"closed","ping_status":"closed","template":"","meta":{"site-sidebar-layout":"no-sidebar","site-content-layout":"page-builder","ast-site-content-layout":"","site-content-style":"default","site-sidebar-style":"default","ast-global-header-display":"","ast-banner-title-visibility":"","ast-main-header-display":"","ast-hfb-above-header-display":"","ast-hfb-below-header-display":"","ast-hfb-mobile-header-display":"","site-post-title":"disabled","ast-breadcrumbs-content":"","ast-featured-img":"disabled","footer-sml-layout":"","theme-transparent-header-meta":"default","adv-header-id-meta":"","stick-header-meta":"","header-above-stick-meta":"","header-main-stick-meta":"","header-below-stick-meta":"","astra-migrate-meta-layouts":"default","ast-page-background-enabled":"default","ast-page-background-meta":{"desktop":{"background-color":"var(--ast-global-color-4)","background-image":"","background-repeat":"repeat","background-position":"center center","background-size":"auto","background-attachment":"scroll","background-type":"","background-media":"","overlay-type":"","overlay-color":"","overlay-opacity":"","overlay-gradient":""},"tablet":{"background-color":"","background-image":"","background-repeat":"repeat","background-position":"center center","background-size":"auto","background-attachment":"scroll","background-type":"","background-media":"","overlay-type":"","overlay-color":"","overlay-opacity":"","overlay-gradient":""},"mobile":{"background-color":"","background-image":"","background-repeat":"repeat","background-position":"center center","background-size":"auto","background-attachment":"scroll","background-type":"","background-media":"","overlay-type":"","overlay-color":"","overlay-opacity":"","overlay-gradient":""}},"ast-content-background-meta":{"desktop":{"background-color":"var(--ast-global-color-5)","background-image":"","background-repeat":"repeat","background-position":"center center","background-size":"auto","background-attachment":"scroll","background-type":"","background-media":"","overlay-type":"","overlay-color":"","overlay-opacity":"","overlay-gradient":""},"tablet":{"background-color":"var(--ast-global-color-5)","background-image":"","background-repeat":"repeat","background-position":"center center","background-size":"auto","background-attachment":"scroll","background-type":"","background-media":"","overlay-type":"","overlay-color":"","overlay-opacity":"","overlay-gradient":""},"mobile":{"background-color":"var(--ast-global-color-5)","background-image":"","background-repeat":"repeat","background-position":"center center","background-size":"auto","background-attachment":"scroll","background-type":"","background-media":"","overlay-type":"","overlay-color":"","overlay-opacity":"","overlay-gradient":""}},"footnotes":""},"class_list":["post-2355","page","type-page","status-publish","hentry"],"yoast_head":"<!-- This site is optimized with the Yoast SEO plugin v27.5 - https:\/\/yoast.com\/product\/yoast-seo-wordpress\/ -->\n<title>FUE + ouverture du canal - FUECAPILAR<\/title>\n<meta name=\"robots\" content=\"index, follow, max-snippet:-1, max-image-preview:large, max-video-preview:-1\" \/>\n<link rel=\"canonical\" href=\"https:\/\/fuecapilar.com\/fr\/fue-ouverture-du-canal\/\" \/>\n<meta property=\"og:locale\" content=\"fr_FR\" \/>\n<meta property=\"og:type\" content=\"article\" \/>\n<meta property=\"og:title\" content=\"FUE + ouverture du canal - FUECAPILAR\" \/>\n<meta property=\"og:description\" content=\"Extraction d&rsquo;unit\u00e9s folliculaires par le Dr Gur Cette technique moderne de transplantation capillaire est utilis\u00e9e depuis 2003. Ce traitement est plus avanc\u00e9 que les m\u00e9thodes de transplantation pr\u00e9c\u00e9dentes, telles que la transplantation par pr\u00e9l\u00e8vement de bandelettes et la FUT. La technique FUE est une m\u00e9thode d&rsquo;extraction ou de \u00ab\u00a0pr\u00e9l\u00e8vement\u00a0\u00bb d&rsquo;unit\u00e9s folliculaires, qui contiennent de 1 [&hellip;]\" \/>\n<meta property=\"og:url\" content=\"https:\/\/fuecapilar.com\/fr\/fue-ouverture-du-canal\/\" \/>\n<meta property=\"og:site_name\" content=\"FUECAPILAR\" \/>\n<meta property=\"article:modified_time\" content=\"2023-08-25T12:17:32+00:00\" \/>\n<meta name=\"twitter:card\" content=\"summary_large_image\" \/>\n<meta name=\"twitter:label1\" content=\"Dur\u00e9e de lecture estim\u00e9e\" \/>\n\t<meta name=\"twitter:data1\" content=\"4 minutes\" \/>\n<script type=\"application\/ld+json\" class=\"yoast-schema-graph\">{\"@context\":\"https:\\\/\\\/schema.org\",\"@graph\":[{\"@type\":\"WebPage\",\"@id\":\"https:\\\/\\\/fuecapilar.com\\\/fr\\\/fue-ouverture-du-canal\\\/\",\"url\":\"https:\\\/\\\/fuecapilar.com\\\/fr\\\/fue-ouverture-du-canal\\\/\",\"name\":\"FUE + ouverture du canal - FUECAPILAR\",\"isPartOf\":{\"@id\":\"https:\\\/\\\/fuecapilar.com\\\/#website\"},\"datePublished\":\"2023-08-02T11:46:36+00:00\",\"dateModified\":\"2023-08-25T12:17:32+00:00\",\"breadcrumb\":{\"@id\":\"https:\\\/\\\/fuecapilar.com\\\/fr\\\/fue-ouverture-du-canal\\\/#breadcrumb\"},\"inLanguage\":\"fr-FR\",\"potentialAction\":[{\"@type\":\"ReadAction\",\"target\":[\"https:\\\/\\\/fuecapilar.com\\\/fr\\\/fue-ouverture-du-canal\\\/\"]}]},{\"@type\":\"BreadcrumbList\",\"@id\":\"https:\\\/\\\/fuecapilar.com\\\/fr\\\/fue-ouverture-du-canal\\\/#breadcrumb\",\"itemListElement\":[{\"@type\":\"ListItem\",\"position\":1,\"name\":\"Home\",\"item\":\"https:\\\/\\\/fuecapilar.com\\\/fr\\\/\"},{\"@type\":\"ListItem\",\"position\":2,\"name\":\"FUE + ouverture du canal\"}]},{\"@type\":\"WebSite\",\"@id\":\"https:\\\/\\\/fuecapilar.com\\\/#website\",\"url\":\"https:\\\/\\\/fuecapilar.com\\\/\",\"name\":\"FUECAPILAR\",\"description\":\"Surgery performed by a surgeon\",\"publisher\":{\"@id\":\"https:\\\/\\\/fuecapilar.com\\\/#organization\"},\"potentialAction\":[{\"@type\":\"SearchAction\",\"target\":{\"@type\":\"EntryPoint\",\"urlTemplate\":\"https:\\\/\\\/fuecapilar.com\\\/?s={search_term_string}\"},\"query-input\":{\"@type\":\"PropertyValueSpecification\",\"valueRequired\":true,\"valueName\":\"search_term_string\"}}],\"inLanguage\":\"fr-FR\"},{\"@type\":\"Organization\",\"@id\":\"https:\\\/\\\/fuecapilar.com\\\/#organization\",\"name\":\"FUECAPILAR\",\"url\":\"https:\\\/\\\/fuecapilar.com\\\/\",\"logo\":{\"@type\":\"ImageObject\",\"inLanguage\":\"fr-FR\",\"@id\":\"https:\\\/\\\/fuecapilar.com\\\/#\\\/schema\\\/logo\\\/image\\\/\",\"url\":\"https:\\\/\\\/fuecapilar.com\\\/wp-content\\\/uploads\\\/2023\\\/04\\\/fuecapilar-logo.png\",\"contentUrl\":\"https:\\\/\\\/fuecapilar.com\\\/wp-content\\\/uploads\\\/2023\\\/04\\\/fuecapilar-logo.png\",\"width\":400,\"height\":85,\"caption\":\"FUECAPILAR\"},\"image\":{\"@id\":\"https:\\\/\\\/fuecapilar.com\\\/#\\\/schema\\\/logo\\\/image\\\/\"}}]}<\/script>\n<!-- \/ Yoast SEO plugin. -->","yoast_head_json":{"title":"FUE + ouverture du canal - FUECAPILAR","robots":{"index":"index","follow":"follow","max-snippet":"max-snippet:-1","max-image-preview":"max-image-preview:large","max-video-preview":"max-video-preview:-1"},"canonical":"https:\/\/fuecapilar.com\/fr\/fue-ouverture-du-canal\/","og_locale":"fr_FR","og_type":"article","og_title":"FUE + ouverture du canal - FUECAPILAR","og_description":"Extraction d&rsquo;unit\u00e9s folliculaires par le Dr Gur Cette technique moderne de transplantation capillaire est utilis\u00e9e depuis 2003. Ce traitement est plus avanc\u00e9 que les m\u00e9thodes de transplantation pr\u00e9c\u00e9dentes, telles que la transplantation par pr\u00e9l\u00e8vement de bandelettes et la FUT. La technique FUE est une m\u00e9thode d&rsquo;extraction ou de \u00ab\u00a0pr\u00e9l\u00e8vement\u00a0\u00bb d&rsquo;unit\u00e9s folliculaires, qui contiennent de 1 [&hellip;]","og_url":"https:\/\/fuecapilar.com\/fr\/fue-ouverture-du-canal\/","og_site_name":"FUECAPILAR","article_modified_time":"2023-08-25T12:17:32+00:00","twitter_card":"summary_large_image","twitter_misc":{"Dur\u00e9e de lecture estim\u00e9e":"4 minutes"},"schema":{"@context":"https:\/\/schema.org","@graph":[{"@type":"WebPage","@id":"https:\/\/fuecapilar.com\/fr\/fue-ouverture-du-canal\/","url":"https:\/\/fuecapilar.com\/fr\/fue-ouverture-du-canal\/","name":"FUE + ouverture du canal - FUECAPILAR","isPartOf":{"@id":"https:\/\/fuecapilar.com\/#website"},"datePublished":"2023-08-02T11:46:36+00:00","dateModified":"2023-08-25T12:17:32+00:00","breadcrumb":{"@id":"https:\/\/fuecapilar.com\/fr\/fue-ouverture-du-canal\/#breadcrumb"},"inLanguage":"fr-FR","potentialAction":[{"@type":"ReadAction","target":["https:\/\/fuecapilar.com\/fr\/fue-ouverture-du-canal\/"]}]},{"@type":"BreadcrumbList","@id":"https:\/\/fuecapilar.com\/fr\/fue-ouverture-du-canal\/#breadcrumb","itemListElement":[{"@type":"ListItem","position":1,"name":"Home","item":"https:\/\/fuecapilar.com\/fr\/"},{"@type":"ListItem","position":2,"name":"FUE + ouverture du canal"}]},{"@type":"WebSite","@id":"https:\/\/fuecapilar.com\/#website","url":"https:\/\/fuecapilar.com\/","name":"FUECAPILAR","description":"Surgery performed by a surgeon","publisher":{"@id":"https:\/\/fuecapilar.com\/#organization"},"potentialAction":[{"@type":"SearchAction","target":{"@type":"EntryPoint","urlTemplate":"https:\/\/fuecapilar.com\/?s={search_term_string}"},"query-input":{"@type":"PropertyValueSpecification","valueRequired":true,"valueName":"search_term_string"}}],"inLanguage":"fr-FR"},{"@type":"Organization","@id":"https:\/\/fuecapilar.com\/#organization","name":"FUECAPILAR","url":"https:\/\/fuecapilar.com\/","logo":{"@type":"ImageObject","inLanguage":"fr-FR","@id":"https:\/\/fuecapilar.com\/#\/schema\/logo\/image\/","url":"https:\/\/fuecapilar.com\/wp-content\/uploads\/2023\/04\/fuecapilar-logo.png","contentUrl":"https:\/\/fuecapilar.com\/wp-content\/uploads\/2023\/04\/fuecapilar-logo.png","width":400,"height":85,"caption":"FUECAPILAR"},"image":{"@id":"https:\/\/fuecapilar.com\/#\/schema\/logo\/image\/"}}]}},"_links":{"self":[{"href":"https:\/\/fuecapilar.com\/fr\/wp-json\/wp\/v2\/pages\/2355","targetHints":{"allow":["GET"]}}],"collection":[{"href":"https:\/\/fuecapilar.com\/fr\/wp-json\/wp\/v2\/pages"}],"about":[{"href":"https:\/\/fuecapilar.com\/fr\/wp-json\/wp\/v2\/types\/page"}],"author":[{"embeddable":true,"href":"https:\/\/fuecapilar.com\/fr\/wp-json\/wp\/v2\/users\/1"}],"replies":[{"embeddable":true,"href":"https:\/\/fuecapilar.com\/fr\/wp-json\/wp\/v2\/comments?post=2355"}],"version-history":[{"count":1,"href":"https:\/\/fuecapilar.com\/fr\/wp-json\/wp\/v2\/pages\/2355\/revisions"}],"predecessor-version":[{"id":2356,"href":"https:\/\/fuecapilar.com\/fr\/wp-json\/wp\/v2\/pages\/2355\/revisions\/2356"}],"wp:attachment":[{"href":"https:\/\/fuecapilar.com\/fr\/wp-json\/wp\/v2\/media?parent=2355"}],"curies":[{"name":"wp","href":"https:\/\/api.w.org\/{rel}","templated":true}]}}