{"id":2357,"date":"2023-08-02T11:57:19","date_gmt":"2023-08-02T11:57:19","guid":{"rendered":"https:\/\/fuecapilar.com\/fue-stylo-implanteur\/"},"modified":"2023-08-25T12:22:06","modified_gmt":"2023-08-25T12:22:06","slug":"fue-stylo-implanteur","status":"publish","type":"page","link":"https:\/\/fuecapilar.com\/fr\/fue-stylo-implanteur\/","title":{"rendered":"FUE + stylo implanteur"},"content":{"rendered":"\t\t<div data-elementor-type=\"wp-page\" data-elementor-id=\"2357\" class=\"elementor elementor-2357 elementor-396\" data-elementor-post-type=\"page\">\n\t\t\t\t\t\t<section class=\"elementor-section elementor-top-section elementor-element elementor-element-04cc337 elementor-section-boxed elementor-section-height-default elementor-section-height-default\" data-id=\"04cc337\" data-element_type=\"section\" data-e-type=\"section\">\n\t\t\t\t\t\t<div class=\"elementor-container elementor-column-gap-default\">\n\t\t\t\t\t<div class=\"elementor-column elementor-col-100 elementor-top-column elementor-element elementor-element-340fd66\" data-id=\"340fd66\" data-element_type=\"column\" data-e-type=\"column\">\n\t\t\t<div class=\"elementor-widget-wrap elementor-element-populated\">\n\t\t\t\t\t\t<div class=\"elementor-element elementor-element-fde8979 elementor-widget elementor-widget-heading\" data-id=\"fde8979\" data-element_type=\"widget\" data-e-type=\"widget\" data-widget_type=\"heading.default\">\n\t\t\t\t<div class=\"elementor-widget-container\">\n\t\t\t\t\t<h2 class=\"elementor-heading-title elementor-size-default\">Extraction d'unit\u00e9s folliculaires par l'\u00e9quipe du Dr Turan<\/h2>\t\t\t\t<\/div>\n\t\t\t\t<\/div>\n\t\t\t\t<div class=\"elementor-element elementor-element-be52c8e elementor-widget elementor-widget-text-editor\" data-id=\"be52c8e\" data-element_type=\"widget\" data-e-type=\"widget\" data-widget_type=\"text-editor.default\">\n\t\t\t\t<div class=\"elementor-widget-container\">\n\t\t\t\t\t\t\t\t\t<p><span style=\"font-weight: 400;\">Afin d&rsquo;augmenter le taux de survie des unit\u00e9s folliculaires, le Dr Dogan Turan et son \u00e9quipe suivent certaines pratiques m\u00e9dicales et non m\u00e9dicales<\/span><span style=\"font-weight: 400;\">.<\/span><\/p>\n\t\t\t\t\t\t\t\t<\/div>\n\t\t\t\t<\/div>\n\t\t\t\t\t<\/div>\n\t\t<\/div>\n\t\t\t\t\t<\/div>\n\t\t<\/section>\n\t\t\t\t<section class=\"elementor-section elementor-top-section elementor-element elementor-element-e38b414 elementor-section-boxed elementor-section-height-default elementor-section-height-default\" data-id=\"e38b414\" data-element_type=\"section\" data-e-type=\"section\">\n\t\t\t\t\t\t<div class=\"elementor-container elementor-column-gap-default\">\n\t\t\t\t\t<div class=\"elementor-column elementor-col-100 elementor-top-column elementor-element elementor-element-9f9dc38\" data-id=\"9f9dc38\" data-element_type=\"column\" data-e-type=\"column\">\n\t\t\t<div class=\"elementor-widget-wrap elementor-element-populated\">\n\t\t\t\t\t\t<div class=\"elementor-element elementor-element-48bf7a7 elementor-widget elementor-widget-heading\" data-id=\"48bf7a7\" data-element_type=\"widget\" data-e-type=\"widget\" data-widget_type=\"heading.default\">\n\t\t\t\t<div class=\"elementor-widget-container\">\n\t\t\t\t\t<h2 class=\"elementor-heading-title elementor-size-default\">M\u00e9thode hybride d'extraction FUE utilisant un punch manuel et motoris\u00e9 :<\/h2>\t\t\t\t<\/div>\n\t\t\t\t<\/div>\n\t\t\t\t<div class=\"elementor-element elementor-element-a7b3487 elementor-widget elementor-widget-text-editor\" data-id=\"a7b3487\" data-element_type=\"widget\" data-e-type=\"widget\" data-widget_type=\"text-editor.default\">\n\t\t\t\t<div class=\"elementor-widget-container\">\n\t\t\t\t\t\t\t\t\t<p><span style=\"font-weight: 400;\">L&rsquo;\u00e9quipe du Dr Turan utilise une m\u00e9thode d&rsquo;extraction hybride qui fait appel \u00e0 la fois d&rsquo;un punch manuel et d&rsquo;un punch micro-moteur. <\/span><\/p>\n<p><b>Le punch manuel permet de mieux comprendre la r\u00e9sistance des tissus et l&#8217;emplacement\/l&rsquo;angle du follicule.<\/b><span style=\"font-weight: 400;\">. Il permet \u00e9galement de r\u00e9duire les l\u00e9sions folliculaires associ\u00e9es \u00e0 la chaleur, \u00e0 la torsion et \u00e0 la friction cr\u00e9\u00e9es par les appareils motoris\u00e9s. <\/span><\/p>\n<p><b>La FUE motoris\u00e9e<\/b> <span style=\"font-weight: 400;\">permet d&rsquo;extraire plus d&rsquo;unit\u00e9s folliculaires par heure, ce qui r\u00e9duit le temps et la fatigue.<\/span><\/p>\n\t\t\t\t\t\t\t\t<\/div>\n\t\t\t\t<\/div>\n\t\t\t\t\t<\/div>\n\t\t<\/div>\n\t\t\t\t\t<\/div>\n\t\t<\/section>\n\t\t\t\t<section class=\"elementor-section elementor-top-section elementor-element elementor-element-c9e812a elementor-section-boxed elementor-section-height-default elementor-section-height-default\" data-id=\"c9e812a\" data-element_type=\"section\" data-e-type=\"section\">\n\t\t\t\t\t\t<div class=\"elementor-container elementor-column-gap-default\">\n\t\t\t\t\t<div class=\"elementor-column elementor-col-100 elementor-top-column elementor-element elementor-element-957b485\" data-id=\"957b485\" data-element_type=\"column\" data-e-type=\"column\">\n\t\t\t<div class=\"elementor-widget-wrap elementor-element-populated\">\n\t\t\t\t\t\t<div class=\"elementor-element elementor-element-eb06e96 elementor-widget elementor-widget-heading\" data-id=\"eb06e96\" data-element_type=\"widget\" data-e-type=\"widget\" data-widget_type=\"heading.default\">\n\t\t\t\t<div class=\"elementor-widget-container\">\n\t\t\t\t\t<h2 class=\"elementor-heading-title elementor-size-default\">Taille appropri\u00e9e du punch:<\/h2>\t\t\t\t<\/div>\n\t\t\t\t<\/div>\n\t\t\t\t<div class=\"elementor-element elementor-element-f3810b1 elementor-widget elementor-widget-text-editor\" data-id=\"f3810b1\" data-element_type=\"widget\" data-e-type=\"widget\" data-widget_type=\"text-editor.default\">\n\t\t\t\t<div class=\"elementor-widget-container\">\n\t\t\t\t\t\t\t\t\t<p><span style=\"font-weight: 400;\">Lors de la consultation,<\/span><b>des \u00e9chantillons de cheveux du donneur<\/b><span style=\"font-weight: 400;\"> sont pr\u00e9lev\u00e9s et l&rsquo;\u00e9paisseur des cheveux est calcul\u00e9e afin de d\u00e9terminer <\/span><b>la taille du punch<\/b> <b>(entre 0,7 mm et 0,9 mm)<\/b><span style=\"font-weight: 400;\"> en fonction du calibre des cheveux du patient. <\/span> <\/p>\n<p><span style=\"font-weight: 400;\">En utilisant la bonne taille de punch, nous visons \u00e0 \u00e9viter tout dommage permanent dans la zone donneuse, non seulement pour le greffon pr\u00e9lev\u00e9, mais aussi pour les greffons environnants qui ne sont pas pr\u00e9lev\u00e9s (transection). <\/span><\/p>\n\t\t\t\t\t\t\t\t<\/div>\n\t\t\t\t<\/div>\n\t\t\t\t\t<\/div>\n\t\t<\/div>\n\t\t\t\t\t<\/div>\n\t\t<\/section>\n\t\t\t\t<section class=\"elementor-section elementor-top-section elementor-element elementor-element-4259421 elementor-section-boxed elementor-section-height-default elementor-section-height-default\" data-id=\"4259421\" data-element_type=\"section\" data-e-type=\"section\">\n\t\t\t\t\t\t<div class=\"elementor-container elementor-column-gap-default\">\n\t\t\t\t\t<div class=\"elementor-column elementor-col-100 elementor-top-column elementor-element elementor-element-5018c95\" data-id=\"5018c95\" data-element_type=\"column\" data-e-type=\"column\">\n\t\t\t<div class=\"elementor-widget-wrap elementor-element-populated\">\n\t\t\t\t\t\t<div class=\"elementor-element elementor-element-8a979d3 elementor-widget elementor-widget-heading\" data-id=\"8a979d3\" data-element_type=\"widget\" data-e-type=\"widget\" data-widget_type=\"heading.default\">\n\t\t\t\t<div class=\"elementor-widget-container\">\n\t\t\t\t\t<h2 class=\"elementor-heading-title elementor-size-default\">Extraction et implantation par \u00e9tapes:<\/h2>\t\t\t\t<\/div>\n\t\t\t\t<\/div>\n\t\t\t\t<div class=\"elementor-element elementor-element-b77e26d elementor-widget elementor-widget-text-editor\" data-id=\"b77e26d\" data-element_type=\"widget\" data-e-type=\"widget\" data-widget_type=\"text-editor.default\">\n\t\t\t\t<div class=\"elementor-widget-container\">\n\t\t\t\t\t\t\t\t\t<p><span style=\"font-weight: 400;\">Le Dr Turan et son \u00e9quipe effectuent <\/span><b>l&rsquo;extraction et l&rsquo;implantation par \u00e9tapes (en 2-3 \u00e9tapes) <\/b><span style=\"font-weight: 400;\"> pour s&rsquo;assurer que les greffons ne restent pas longtemps \u00e0 l&rsquo;ext\u00e9rieur du cuir chevelu (ce qui est directement li\u00e9 au taux de survie des greffons). <\/span> <\/p>\n<p><span style=\"font-weight: 400;\">Dans l&rsquo;une des \u00e9tudes les plus anciennes et les plus qualifi\u00e9es sur les unit\u00e9s folliculaires (1992), les taux de survie suivants ont \u00e9t\u00e9 enregistr\u00e9s \u00e0 diff\u00e9rents moments :<\/span><\/p>\n<ol>\n<li style=\"font-weight: 400;\" aria-level=\"3\"><span style=\"font-weight: 400;\">2 heures : 95 % de survie du greffon<\/span><\/li>\n<li style=\"font-weight: 400;\" aria-level=\"3\"><span style=\"font-weight: 400;\">4 heures : 90% de taux de survie du greffon<\/span><\/li>\n<li style=\"font-weight: 400;\" aria-level=\"3\"><span style=\"font-weight: 400;\">6 heures : 86% de taux de survie du greffon<\/span><\/li>\n<\/ol>\n\t\t\t\t\t\t\t\t<\/div>\n\t\t\t\t<\/div>\n\t\t\t\t\t<\/div>\n\t\t<\/div>\n\t\t\t\t\t<\/div>\n\t\t<\/section>\n\t\t\t\t<section class=\"elementor-section elementor-top-section elementor-element elementor-element-cd5fd12 elementor-section-boxed elementor-section-height-default elementor-section-height-default\" data-id=\"cd5fd12\" data-element_type=\"section\" data-e-type=\"section\">\n\t\t\t\t\t\t<div class=\"elementor-container elementor-column-gap-default\">\n\t\t\t\t\t<div class=\"elementor-column elementor-col-100 elementor-top-column elementor-element elementor-element-c471c7c\" data-id=\"c471c7c\" data-element_type=\"column\" data-e-type=\"column\">\n\t\t\t<div class=\"elementor-widget-wrap elementor-element-populated\">\n\t\t\t\t\t\t<div class=\"elementor-element elementor-element-550666b elementor-widget elementor-widget-heading\" data-id=\"550666b\" data-element_type=\"widget\" data-e-type=\"widget\" data-widget_type=\"heading.default\">\n\t\t\t\t<div class=\"elementor-widget-container\">\n\t\t\t\t\t<h2 class=\"elementor-heading-title elementor-size-default\">Utilisation du microscope pour la s\u00e9lection d'un seul follicule pileux :\n<\/h2>\t\t\t\t<\/div>\n\t\t\t\t<\/div>\n\t\t\t\t<div class=\"elementor-element elementor-element-130c0d0 elementor-widget elementor-widget-text-editor\" data-id=\"130c0d0\" data-element_type=\"widget\" data-e-type=\"widget\" data-widget_type=\"text-editor.default\">\n\t\t\t\t<div class=\"elementor-widget-container\">\n\t\t\t\t\t\t\t\t\t<p><span style=\"font-weight: 400;\">En outre, pour garantir la cr\u00e9ation d&rsquo;une ligne de cheveux naturelle, lors de la phase d&rsquo;implantation, nous utilisons un microscope num\u00e9rique pour s\u00e9lectionner les follicules \u00e0 1 cheveu qui seront utilis\u00e9s sur la ligne de cheveux.<\/span><\/p><\/p>\n\t\t\t\t\t\t\t\t<\/div>\n\t\t\t\t<\/div>\n\t\t\t\t\t<\/div>\n\t\t<\/div>\n\t\t\t\t\t<\/div>\n\t\t<\/section>\n\t\t\t\t<section class=\"elementor-section elementor-top-section elementor-element elementor-element-39ae3cb elementor-section-boxed elementor-section-height-default elementor-section-height-default\" data-id=\"39ae3cb\" data-element_type=\"section\" data-e-type=\"section\">\n\t\t\t\t\t\t<div class=\"elementor-container elementor-column-gap-default\">\n\t\t\t\t\t<div class=\"elementor-column elementor-col-100 elementor-top-column elementor-element elementor-element-fc39d76\" data-id=\"fc39d76\" data-element_type=\"column\" data-e-type=\"column\">\n\t\t\t<div class=\"elementor-widget-wrap elementor-element-populated\">\n\t\t\t\t\t\t<div class=\"elementor-element elementor-element-7f1e167 elementor-widget elementor-widget-heading\" data-id=\"7f1e167\" data-element_type=\"widget\" data-e-type=\"widget\" data-widget_type=\"heading.default\">\n\t\t\t\t<div class=\"elementor-widget-container\">\n\t\t\t\t\t<h2 class=\"elementor-heading-title elementor-size-default\">L'\u00e9tape de l'implantation par le Dr Turan<\/h2>\t\t\t\t<\/div>\n\t\t\t\t<\/div>\n\t\t\t\t<div class=\"elementor-element elementor-element-f12ca1d elementor-widget elementor-widget-text-editor\" data-id=\"f12ca1d\" data-element_type=\"widget\" data-e-type=\"widget\" data-widget_type=\"text-editor.default\">\n\t\t\t\t<div class=\"elementor-widget-container\">\n\t\t\t\t\t\t\t\t\t<p><span style=\"font-weight: 400;\">La technique du stylo implanteur (\u00e9galement appel\u00e9e technique du stylo Choi) consiste \u00e0 implanter les greffons pr\u00e9lev\u00e9s dans la zone receveuse \u00e0 l&rsquo;aide d&rsquo;un stylo implanteur. <\/span><\/p>\n<p><span style=\"font-weight: 400;\">L&rsquo;implanteur est un instrument en forme de stylo dont l&rsquo;une des extr\u00e9mit\u00e9s est munie d&rsquo;une aiguille creuse. Les unit\u00e9s folliculaires sont implant\u00e9es une \u00e0 une directement dans la zone de transplantation dans une direction, un angle et une profondeur sp\u00e9cifiques.<\/span><span style=\"font-weight: 400;\">.<\/span><\/p>\n<p><span style=\"font-weight: 400;\">L&rsquo;utilisation du stylo implanteur permet des incisions en canal et des \u00e9tapes de d\u00e9p\u00f4t en m\u00eame temps, ce qui r\u00e9duit les traumatismes et les pertes de sang pendant la transplantation. La diminution des traumatismes peut se traduire par une cicatrisation plus rapide et un taux de survie du greffon nettement plus \u00e9lev\u00e9.<\/span><\/p>\n<p><span style=\"font-weight: 400;\">En utilisant le stylo implanteur pour implanter les unit\u00e9s folliculaires, celles-ci sont implant\u00e9es une \u00e0 une directement dans la zone de transplantation, les avantages de cette technique :<\/span><\/p>\n<ul>\n<li style=\"font-weight: 400;\" aria-level=\"1\"><span style=\"font-weight: 400;\">Les trous d&rsquo;incision (ouverture du canal) ne sont donc pas n\u00e9cessaires :<\/span>\n<ul>\n<li style=\"font-weight: 400;\" aria-level=\"2\"><span style=\"font-weight: 400;\">La zone de transplantation saigne moins et gu\u00e9rit plus rapidement..<\/span><\/li>\n<li style=\"font-weight: 400;\" aria-level=\"2\"><span style=\"font-weight: 400;\">Il y a moins de traumatismes au niveau du cuir chevelu.<\/span><span style=\"font-weight: 400;\">\n<p><\/span><\/li>\n<\/ul>\n<\/li>\n<li style=\"font-weight: 400;\" aria-level=\"1\"><span style=\"font-weight: 400;\">L&rsquo;extr\u00e9mit\u00e9 de l&rsquo;implant \u00e9tant tr\u00e8s fine (0,7 \u00e0 1 mm), le chirurgien peut :<\/span>\n<ul>\n<li style=\"font-weight: 400;\" aria-level=\"2\"><span style=\"font-weight: 400;\">Ouvrir des canaux plus petits qui offrent une plus grande densit\u00e9. <\/span><\/li>\n<li style=\"font-weight: 400;\" aria-level=\"2\"><span style=\"font-weight: 400;\">Ajustez le stylo sous diff\u00e9rents angles, ce qui permet d&rsquo;obtenir une apparence naturelle.<\/span><\/li>\n<\/ul>\n<\/li>\n<\/ul>\n\t\t\t\t\t\t\t\t<\/div>\n\t\t\t\t<\/div>\n\t\t\t\t\t<\/div>\n\t\t<\/div>\n\t\t\t\t\t<\/div>\n\t\t<\/section>\n\t\t\t\t<\/div>\n\t\t","protected":false},"excerpt":{"rendered":"<p>Extraction d&rsquo;unit\u00e9s folliculaires par l&rsquo;\u00e9quipe du Dr Turan Afin d&rsquo;augmenter le taux de survie des unit\u00e9s folliculaires, le Dr Dogan Turan et son \u00e9quipe suivent certaines pratiques m\u00e9dicales et non m\u00e9dicales. M\u00e9thode hybride d&rsquo;extraction FUE utilisant un punch manuel et motoris\u00e9 : L&rsquo;\u00e9quipe du Dr Turan utilise une m\u00e9thode d&rsquo;extraction hybride qui fait appel \u00e0 [&hellip;]<\/p>\n","protected":false},"author":1,"featured_media":0,"parent":0,"menu_order":0,"comment_status":"closed","ping_status":"closed","template":"","meta":{"site-sidebar-layout":"no-sidebar","site-content-layout":"page-builder","ast-site-content-layout":"","site-content-style":"default","site-sidebar-style":"default","ast-global-header-display":"","ast-banner-title-visibility":"","ast-main-header-display":"","ast-hfb-above-header-display":"","ast-hfb-below-header-display":"","ast-hfb-mobile-header-display":"","site-post-title":"disabled","ast-breadcrumbs-content":"","ast-featured-img":"disabled","footer-sml-layout":"","theme-transparent-header-meta":"default","adv-header-id-meta":"","stick-header-meta":"","header-above-stick-meta":"","header-main-stick-meta":"","header-below-stick-meta":"","astra-migrate-meta-layouts":"default","ast-page-background-enabled":"default","ast-page-background-meta":{"desktop":{"background-color":"var(--ast-global-color-4)","background-image":"","background-repeat":"repeat","background-position":"center center","background-size":"auto","background-attachment":"scroll","background-type":"","background-media":"","overlay-type":"","overlay-color":"","overlay-opacity":"","overlay-gradient":""},"tablet":{"background-color":"","background-image":"","background-repeat":"repeat","background-position":"center center","background-size":"auto","background-attachment":"scroll","background-type":"","background-media":"","overlay-type":"","overlay-color":"","overlay-opacity":"","overlay-gradient":""},"mobile":{"background-color":"","background-image":"","background-repeat":"repeat","background-position":"center center","background-size":"auto","background-attachment":"scroll","background-type":"","background-media":"","overlay-type":"","overlay-color":"","overlay-opacity":"","overlay-gradient":""}},"ast-content-background-meta":{"desktop":{"background-color":"var(--ast-global-color-5)","background-image":"","background-repeat":"repeat","background-position":"center center","background-size":"auto","background-attachment":"scroll","background-type":"","background-media":"","overlay-type":"","overlay-color":"","overlay-opacity":"","overlay-gradient":""},"tablet":{"background-color":"var(--ast-global-color-5)","background-image":"","background-repeat":"repeat","background-position":"center center","background-size":"auto","background-attachment":"scroll","background-type":"","background-media":"","overlay-type":"","overlay-color":"","overlay-opacity":"","overlay-gradient":""},"mobile":{"background-color":"var(--ast-global-color-5)","background-image":"","background-repeat":"repeat","background-position":"center center","background-size":"auto","background-attachment":"scroll","background-type":"","background-media":"","overlay-type":"","overlay-color":"","overlay-opacity":"","overlay-gradient":""}},"footnotes":""},"class_list":["post-2357","page","type-page","status-publish","hentry"],"yoast_head":"<!-- This site is optimized with the Yoast SEO plugin v27.5 - https:\/\/yoast.com\/product\/yoast-seo-wordpress\/ -->\n<title>FUE + stylo implanteur - FUECAPILAR<\/title>\n<meta name=\"robots\" content=\"index, follow, max-snippet:-1, max-image-preview:large, max-video-preview:-1\" \/>\n<link rel=\"canonical\" href=\"https:\/\/fuecapilar.com\/fr\/fue-stylo-implanteur\/\" \/>\n<meta property=\"og:locale\" content=\"fr_FR\" \/>\n<meta property=\"og:type\" content=\"article\" \/>\n<meta property=\"og:title\" content=\"FUE + stylo implanteur - FUECAPILAR\" \/>\n<meta property=\"og:description\" content=\"Extraction d&rsquo;unit\u00e9s folliculaires par l&rsquo;\u00e9quipe du Dr Turan Afin d&rsquo;augmenter le taux de survie des unit\u00e9s folliculaires, le Dr Dogan Turan et son \u00e9quipe suivent certaines pratiques m\u00e9dicales et non m\u00e9dicales. M\u00e9thode hybride d&rsquo;extraction FUE utilisant un punch manuel et motoris\u00e9 : L&rsquo;\u00e9quipe du Dr Turan utilise une m\u00e9thode d&rsquo;extraction hybride qui fait appel \u00e0 [&hellip;]\" \/>\n<meta property=\"og:url\" content=\"https:\/\/fuecapilar.com\/fr\/fue-stylo-implanteur\/\" \/>\n<meta property=\"og:site_name\" content=\"FUECAPILAR\" \/>\n<meta property=\"article:modified_time\" content=\"2023-08-25T12:22:06+00:00\" \/>\n<meta name=\"twitter:card\" content=\"summary_large_image\" \/>\n<meta name=\"twitter:label1\" content=\"Dur\u00e9e de lecture estim\u00e9e\" \/>\n\t<meta name=\"twitter:data1\" content=\"3 minutes\" \/>\n<script type=\"application\/ld+json\" class=\"yoast-schema-graph\">{\"@context\":\"https:\\\/\\\/schema.org\",\"@graph\":[{\"@type\":\"WebPage\",\"@id\":\"https:\\\/\\\/fuecapilar.com\\\/fr\\\/fue-stylo-implanteur\\\/\",\"url\":\"https:\\\/\\\/fuecapilar.com\\\/fr\\\/fue-stylo-implanteur\\\/\",\"name\":\"FUE + stylo implanteur - FUECAPILAR\",\"isPartOf\":{\"@id\":\"https:\\\/\\\/fuecapilar.com\\\/#website\"},\"datePublished\":\"2023-08-02T11:57:19+00:00\",\"dateModified\":\"2023-08-25T12:22:06+00:00\",\"breadcrumb\":{\"@id\":\"https:\\\/\\\/fuecapilar.com\\\/fr\\\/fue-stylo-implanteur\\\/#breadcrumb\"},\"inLanguage\":\"fr-FR\",\"potentialAction\":[{\"@type\":\"ReadAction\",\"target\":[\"https:\\\/\\\/fuecapilar.com\\\/fr\\\/fue-stylo-implanteur\\\/\"]}]},{\"@type\":\"BreadcrumbList\",\"@id\":\"https:\\\/\\\/fuecapilar.com\\\/fr\\\/fue-stylo-implanteur\\\/#breadcrumb\",\"itemListElement\":[{\"@type\":\"ListItem\",\"position\":1,\"name\":\"Home\",\"item\":\"https:\\\/\\\/fuecapilar.com\\\/fr\\\/\"},{\"@type\":\"ListItem\",\"position\":2,\"name\":\"FUE + stylo implanteur\"}]},{\"@type\":\"WebSite\",\"@id\":\"https:\\\/\\\/fuecapilar.com\\\/#website\",\"url\":\"https:\\\/\\\/fuecapilar.com\\\/\",\"name\":\"FUECAPILAR\",\"description\":\"Surgery performed by a surgeon\",\"publisher\":{\"@id\":\"https:\\\/\\\/fuecapilar.com\\\/#organization\"},\"potentialAction\":[{\"@type\":\"SearchAction\",\"target\":{\"@type\":\"EntryPoint\",\"urlTemplate\":\"https:\\\/\\\/fuecapilar.com\\\/?s={search_term_string}\"},\"query-input\":{\"@type\":\"PropertyValueSpecification\",\"valueRequired\":true,\"valueName\":\"search_term_string\"}}],\"inLanguage\":\"fr-FR\"},{\"@type\":\"Organization\",\"@id\":\"https:\\\/\\\/fuecapilar.com\\\/#organization\",\"name\":\"FUECAPILAR\",\"url\":\"https:\\\/\\\/fuecapilar.com\\\/\",\"logo\":{\"@type\":\"ImageObject\",\"inLanguage\":\"fr-FR\",\"@id\":\"https:\\\/\\\/fuecapilar.com\\\/#\\\/schema\\\/logo\\\/image\\\/\",\"url\":\"https:\\\/\\\/fuecapilar.com\\\/wp-content\\\/uploads\\\/2023\\\/04\\\/fuecapilar-logo.png\",\"contentUrl\":\"https:\\\/\\\/fuecapilar.com\\\/wp-content\\\/uploads\\\/2023\\\/04\\\/fuecapilar-logo.png\",\"width\":400,\"height\":85,\"caption\":\"FUECAPILAR\"},\"image\":{\"@id\":\"https:\\\/\\\/fuecapilar.com\\\/#\\\/schema\\\/logo\\\/image\\\/\"}}]}<\/script>\n<!-- \/ Yoast SEO plugin. -->","yoast_head_json":{"title":"FUE + stylo implanteur - FUECAPILAR","robots":{"index":"index","follow":"follow","max-snippet":"max-snippet:-1","max-image-preview":"max-image-preview:large","max-video-preview":"max-video-preview:-1"},"canonical":"https:\/\/fuecapilar.com\/fr\/fue-stylo-implanteur\/","og_locale":"fr_FR","og_type":"article","og_title":"FUE + stylo implanteur - FUECAPILAR","og_description":"Extraction d&rsquo;unit\u00e9s folliculaires par l&rsquo;\u00e9quipe du Dr Turan Afin d&rsquo;augmenter le taux de survie des unit\u00e9s folliculaires, le Dr Dogan Turan et son \u00e9quipe suivent certaines pratiques m\u00e9dicales et non m\u00e9dicales. M\u00e9thode hybride d&rsquo;extraction FUE utilisant un punch manuel et motoris\u00e9 : L&rsquo;\u00e9quipe du Dr Turan utilise une m\u00e9thode d&rsquo;extraction hybride qui fait appel \u00e0 [&hellip;]","og_url":"https:\/\/fuecapilar.com\/fr\/fue-stylo-implanteur\/","og_site_name":"FUECAPILAR","article_modified_time":"2023-08-25T12:22:06+00:00","twitter_card":"summary_large_image","twitter_misc":{"Dur\u00e9e de lecture estim\u00e9e":"3 minutes"},"schema":{"@context":"https:\/\/schema.org","@graph":[{"@type":"WebPage","@id":"https:\/\/fuecapilar.com\/fr\/fue-stylo-implanteur\/","url":"https:\/\/fuecapilar.com\/fr\/fue-stylo-implanteur\/","name":"FUE + stylo implanteur - FUECAPILAR","isPartOf":{"@id":"https:\/\/fuecapilar.com\/#website"},"datePublished":"2023-08-02T11:57:19+00:00","dateModified":"2023-08-25T12:22:06+00:00","breadcrumb":{"@id":"https:\/\/fuecapilar.com\/fr\/fue-stylo-implanteur\/#breadcrumb"},"inLanguage":"fr-FR","potentialAction":[{"@type":"ReadAction","target":["https:\/\/fuecapilar.com\/fr\/fue-stylo-implanteur\/"]}]},{"@type":"BreadcrumbList","@id":"https:\/\/fuecapilar.com\/fr\/fue-stylo-implanteur\/#breadcrumb","itemListElement":[{"@type":"ListItem","position":1,"name":"Home","item":"https:\/\/fuecapilar.com\/fr\/"},{"@type":"ListItem","position":2,"name":"FUE + stylo implanteur"}]},{"@type":"WebSite","@id":"https:\/\/fuecapilar.com\/#website","url":"https:\/\/fuecapilar.com\/","name":"FUECAPILAR","description":"Surgery performed by a surgeon","publisher":{"@id":"https:\/\/fuecapilar.com\/#organization"},"potentialAction":[{"@type":"SearchAction","target":{"@type":"EntryPoint","urlTemplate":"https:\/\/fuecapilar.com\/?s={search_term_string}"},"query-input":{"@type":"PropertyValueSpecification","valueRequired":true,"valueName":"search_term_string"}}],"inLanguage":"fr-FR"},{"@type":"Organization","@id":"https:\/\/fuecapilar.com\/#organization","name":"FUECAPILAR","url":"https:\/\/fuecapilar.com\/","logo":{"@type":"ImageObject","inLanguage":"fr-FR","@id":"https:\/\/fuecapilar.com\/#\/schema\/logo\/image\/","url":"https:\/\/fuecapilar.com\/wp-content\/uploads\/2023\/04\/fuecapilar-logo.png","contentUrl":"https:\/\/fuecapilar.com\/wp-content\/uploads\/2023\/04\/fuecapilar-logo.png","width":400,"height":85,"caption":"FUECAPILAR"},"image":{"@id":"https:\/\/fuecapilar.com\/#\/schema\/logo\/image\/"}}]}},"_links":{"self":[{"href":"https:\/\/fuecapilar.com\/fr\/wp-json\/wp\/v2\/pages\/2357","targetHints":{"allow":["GET"]}}],"collection":[{"href":"https:\/\/fuecapilar.com\/fr\/wp-json\/wp\/v2\/pages"}],"about":[{"href":"https:\/\/fuecapilar.com\/fr\/wp-json\/wp\/v2\/types\/page"}],"author":[{"embeddable":true,"href":"https:\/\/fuecapilar.com\/fr\/wp-json\/wp\/v2\/users\/1"}],"replies":[{"embeddable":true,"href":"https:\/\/fuecapilar.com\/fr\/wp-json\/wp\/v2\/comments?post=2357"}],"version-history":[{"count":1,"href":"https:\/\/fuecapilar.com\/fr\/wp-json\/wp\/v2\/pages\/2357\/revisions"}],"predecessor-version":[{"id":2358,"href":"https:\/\/fuecapilar.com\/fr\/wp-json\/wp\/v2\/pages\/2357\/revisions\/2358"}],"wp:attachment":[{"href":"https:\/\/fuecapilar.com\/fr\/wp-json\/wp\/v2\/media?parent=2357"}],"curies":[{"name":"wp","href":"https:\/\/api.w.org\/{rel}","templated":true}]}}