{"id":2401,"date":"2023-08-02T11:46:36","date_gmt":"2023-08-02T11:46:36","guid":{"rendered":"https:\/\/fuecapilar.com\/fue-apertura-dei-canali\/"},"modified":"2023-09-04T08:04:36","modified_gmt":"2023-09-04T08:04:36","slug":"fue-apertura-dei-canali","status":"publish","type":"page","link":"https:\/\/fuecapilar.com\/it\/fue-apertura-dei-canali\/","title":{"rendered":"FUE + Apertura dei Canali"},"content":{"rendered":"\t\t<div data-elementor-type=\"wp-page\" data-elementor-id=\"2401\" class=\"elementor elementor-2401 elementor-390\" data-elementor-post-type=\"page\">\n\t\t\t\t\t\t<section class=\"elementor-section elementor-top-section elementor-element elementor-element-a6a6970 elementor-section-boxed elementor-section-height-default elementor-section-height-default\" data-id=\"a6a6970\" data-element_type=\"section\" data-e-type=\"section\">\n\t\t\t\t\t\t<div class=\"elementor-container elementor-column-gap-default\">\n\t\t\t\t\t<div class=\"elementor-column elementor-col-100 elementor-top-column elementor-element elementor-element-3378ee0b\" data-id=\"3378ee0b\" data-element_type=\"column\" data-e-type=\"column\">\n\t\t\t<div class=\"elementor-widget-wrap elementor-element-populated\">\n\t\t\t\t\t\t<div class=\"elementor-element elementor-element-2367b9fb elementor-widget elementor-widget-heading\" data-id=\"2367b9fb\" data-element_type=\"widget\" data-e-type=\"widget\" data-widget_type=\"heading.default\">\n\t\t\t\t<div class=\"elementor-widget-container\">\n\t\t\t\t\t<h2 class=\"elementor-heading-title elementor-size-default\">Estrazione dell'unit\u00e0 follicolare del dottor Gur<\/h2>\t\t\t\t<\/div>\n\t\t\t\t<\/div>\n\t\t\t\t<div class=\"elementor-element elementor-element-68c9c86e elementor-widget elementor-widget-text-editor\" data-id=\"68c9c86e\" data-element_type=\"widget\" data-e-type=\"widget\" data-widget_type=\"text-editor.default\">\n\t\t\t\t<div class=\"elementor-widget-container\">\n\t\t\t\t\t\t\t\t\t<p><span style=\"font-weight: 400;\">Questa moderna tecnica di trapianto di capelli \u00e8 stata utilizzata dal 2003. Questo trattamento \u00e8 pi\u00f9 avanzato rispetto ai precedenti metodi di trapianto, come il trapianto con raccolta di strisce e FUT.<\/span><\/p>\n<p><span style=\"font-weight: 400;\">La tecnica FUE \u00e8 un metodo per estrarre o &#8220;raccogliere&#8221; unit\u00e0 follicolari, che contengono da 1 a 5 capelli, dall&#8217;area donatrice. Nei trapianti di capelli FUE, viene utilizzato uno strumento di estrazione specializzato per praticare una piccola incisione circolare nella pelle attorno a un&#8217;unit\u00e0 follicolare, separandola dal tessuto circostante. L&#8217;unit\u00e0 viene estratta direttamente dal cuoio capelluto, lasciando un piccolo foro aperto.<\/span><span style=\"font-weight: 400;\">I Golden Hand Standards sono uno standard di qualit\u00e0 praticato dal Dr. Gokhan Gur per ridurre al <\/span><span style=\"font-weight: 400;\">minimo la possibilit\u00e0 di danni<\/span><span style=\"font-weight: 400;\"> all&#8217;innesto durante le procedure di ripristino dei capelli. <\/span> <\/p>\n<p><span style=\"font-weight: 400;\">Questi standard assicurano inoltre che <\/span><span style=\"font-weight: 400;\"> l&#8217;area donatrice non abbia una visibile mancanza di densit\u00e0,<\/span><span style=\"font-weight: 400;\"> rimanga sana e sia robusta per eventuali future procedure di trapianto di capelli, se necessario per i pazienti. <\/span> <\/p>\n<p><span style=\"font-weight: 400;\">Inoltre, gli standard <\/span><span style=\"font-weight: 400;\">consentono un&#8217;estrazione omogenea <\/span><span style=\"font-weight: 400;\"> dall&#8217;area donatrice che si traduce in un aspetto naturale nell&#8217;area donatrice. <\/span> <\/p>\n<p><span style=\"font-weight: 400;\">Un intervento di trapianto di capelli \u00e8 una procedura ambulatoriale eseguita in anestesia locale. Sarai perfettamente sveglio e potrai parlare con il chirurgo durante la procedura.<\/span><\/p>\n<p><span style=\"font-weight: 400;\">L&#8217;anestetico locale viene iniettato nel cuoio capelluto dell&#8217;area donatrice e dell&#8217;area ricevente.<\/span><span style=\"font-weight: 400;\"><br \/><\/span><span style=\"font-weight: 400;\"><br \/><\/span><span style=\"font-weight: 400;\">Prima dell&#8217;inizio dell&#8217;intervento chirurgico, il dottor Gur esegue una valutazione meticolosa dell&#8217;area donatrice in cui viene stabilita la capacit\u00e0 complessiva dell&#8217;area donatrice al fine di determinare il numero massimo di innesti che possono essere estratti in sicurezza senza provocare alcun danno all&#8217;area donatrice.<\/span><\/p>\n<p><span style=\"font-weight: 400;\">Viene misurato anche lo spessore dei capelli per scegliere la giusta dimensione del punzone, che pu\u00f2 variare da 0,8 mm a 1,1 mm; tuttavia nella maggior parte dei casi i punzoni utilizzati sono da 0,8 e 0,9 mm.<\/span><\/p>\n<p><span style=\"font-weight: 400;\">Il dottor Gur usa un pugno del micromotore in tutte le sue estrazioni. Nei suoi oltre 20 anni di esperienza, ha accumulato un&#8217;esperienza cos\u00ec vasta che pu\u00f2 essere riassunta dai dati seguenti:<\/span><\/p>\n<ul>\n<li style=\"font-weight: 400;\" aria-level=\"1\"><i><span style=\"font-weight: 400;\">Il nostro tasso di transezione totale \u00e8 di appena &lt;5-10 innesti ogni 3000 innesti (0,17% &#8211; 0,33%), o in altri termini questo tasso \u00e8 ignorabile.<\/span><\/i><\/li>\n<\/ul>\n\t\t\t\t\t\t\t\t<\/div>\n\t\t\t\t<\/div>\n\t\t\t\t\t<\/div>\n\t\t<\/div>\n\t\t\t\t\t<\/div>\n\t\t<\/section>\n\t\t\t\t<section class=\"elementor-section elementor-top-section elementor-element elementor-element-55a704 elementor-section-stretched elementor-section-boxed elementor-section-height-default elementor-section-height-default\" data-id=\"55a704\" data-element_type=\"section\" data-e-type=\"section\" data-settings=\"{&quot;stretch_section&quot;:&quot;section-stretched&quot;,&quot;background_background&quot;:&quot;classic&quot;}\">\n\t\t\t\t\t\t<div class=\"elementor-container elementor-column-gap-default\">\n\t\t\t\t\t<div class=\"elementor-column elementor-col-100 elementor-top-column elementor-element elementor-element-161699e2\" data-id=\"161699e2\" data-element_type=\"column\" data-e-type=\"column\">\n\t\t\t<div class=\"elementor-widget-wrap elementor-element-populated\">\n\t\t\t\t\t\t<div class=\"elementor-element elementor-element-4380a121 elementor-widget elementor-widget-heading\" data-id=\"4380a121\" data-element_type=\"widget\" data-e-type=\"widget\" data-widget_type=\"heading.default\">\n\t\t\t\t<div class=\"elementor-widget-container\">\n\t\t\t\t\t<h2 class=\"elementor-heading-title elementor-size-default\">Fase di apertura del canale del dottor Gur<\/h2>\t\t\t\t<\/div>\n\t\t\t\t<\/div>\n\t\t\t\t<div class=\"elementor-element elementor-element-79cff8d2 elementor-widget elementor-widget-text-editor\" data-id=\"79cff8d2\" data-element_type=\"widget\" data-e-type=\"widget\" data-widget_type=\"text-editor.default\">\n\t\t\t\t<div class=\"elementor-widget-container\">\n\t\t\t\t\t\t\t\t\t<p><span style=\"font-weight: 400;\">Gli innesti intatti (non danneggiati) raccolti seguendo gli standard Golden Hand DEVONO essere posizionati all&#8217;interno dei canali della dimensione corretta che si adattano esattamente ai diametri degli innesti. Questa \u00e8 la regola <\/span><b>numero uno per ottenere risultati dall&#8217;aspetto naturale di un&#8217;operazione<\/b><span style=\"font-weight: 400;\"> di trapianto di capelli.<\/span><\/p>\n<p><span style=\"font-weight: 400;\">L&#8217;apertura del canale nella giusta angolazione e profondit\u00e0 \u00e8 una procedura cruciale in quanto i canali sono considerati l&#8217;area incubatrice per gli innesti e da essi dipende la sopravvivenza delle unit\u00e0 follicolari.<\/span><\/p>\n\t\t\t\t\t\t\t\t<\/div>\n\t\t\t\t<\/div>\n\t\t\t\t<div class=\"elementor-element elementor-element-9493bdd elementor-icon-list--layout-traditional elementor-list-item-link-full_width elementor-widget elementor-widget-icon-list\" data-id=\"9493bdd\" data-element_type=\"widget\" data-e-type=\"widget\" data-widget_type=\"icon-list.default\">\n\t\t\t\t<div class=\"elementor-widget-container\">\n\t\t\t\t\t\t\t<ul class=\"elementor-icon-list-items\">\n\t\t\t\t\t\t\t<li class=\"elementor-icon-list-item\">\n\t\t\t\t\t\t\t\t\t\t\t<span class=\"elementor-icon-list-icon\">\n\t\t\t\t\t\t\t<i aria-hidden=\"true\" class=\"fas fa-arrow-circle-right\"><\/i>\t\t\t\t\t\t<\/span>\n\t\t\t\t\t\t\t\t\t\t<span class=\"elementor-icon-list-text\">Se gli innesti vengono inseriti in canali con diametri maggiori, non possono adattarsi al loro nuovo ambiente, causando ammaccature e ulteriori fori nel cuoio capelluto e nelle radici dei capelli. <\/span>\n\t\t\t\t\t\t\t\t\t<\/li>\n\t\t\t\t\t\t\t\t<li class=\"elementor-icon-list-item\">\n\t\t\t\t\t\t\t\t\t\t\t<span class=\"elementor-icon-list-icon\">\n\t\t\t\t\t\t\t<i aria-hidden=\"true\" class=\"fas fa-arrow-circle-right\"><\/i>\t\t\t\t\t\t<\/span>\n\t\t\t\t\t\t\t\t\t\t<span class=\"elementor-icon-list-text\">Allo stesso modo, se gli innesti sono costretti a essere trasportati in canali di dimensioni inferiori, allora gli innesti verrebbero danneggiati, il che provoca un tasso di crescita ridotto e una minore densit\u00e0 nell'area ricevente. <\/span>\n\t\t\t\t\t\t\t\t\t<\/li>\n\t\t\t\t\t\t<\/ul>\n\t\t\t\t\t\t<\/div>\n\t\t\t\t<\/div>\n\t\t\t\t<div class=\"elementor-element elementor-element-1f707e0 elementor-widget elementor-widget-text-editor\" data-id=\"1f707e0\" data-element_type=\"widget\" data-e-type=\"widget\" data-widget_type=\"text-editor.default\">\n\t\t\t\t<div class=\"elementor-widget-container\">\n\t\t\t\t\t\t\t\t\t<p><span style=\"font-weight: 400;\">Pertanto, il trasporto degli innesti, che vengono raccolti utilizzando punch di dimensioni<\/span><span style=\"font-weight: 400;\">.<\/span><span style=\"font-weight: 400;\">0,8 e 0,9 mm<\/span><span style=\"font-weight: 400;\">.<\/span><span style=\"font-weight: 400;\">nelle incisioni inferiori a 1 mm di diametro \u00e8 l&#8217;aspetto pi\u00f9 importante per ottenere una qualit\u00e0 estetica totale nelle operazioni di trapianto di capelli FUE. <\/span> <\/p>\n<p><span style=\"font-weight: 400;\">Per l&#8217;attaccatura dei capelli e la zona frontale, il dottor Gur utilizza attualmente lame in zaffiro a partire da 0,8 mm a 1 mm, a seconda della struttura dei capelli (spessore), delle dimensioni dell&#8217;innesto e della classificazione degli innesti (innesti multipli), questa dimensione della lama pu\u00f2 aumentare fino a 1,25 mm. <\/span><\/p>\n<p><span style=\"font-weight: 400;\">L&#8217;obiettivo principale degli standard Golden Hand \u00e8 quello di ottenere risultati di alta qualit\u00e0 dall&#8217;aspetto naturale.<\/span><\/p>\n\t\t\t\t\t\t\t\t<\/div>\n\t\t\t\t<\/div>\n\t\t\t\t\t<\/div>\n\t\t<\/div>\n\t\t\t\t\t<\/div>\n\t\t<\/section>\n\t\t\t\t<\/div>\n\t\t","protected":false},"excerpt":{"rendered":"<p>Estrazione dell&#8217;unit\u00e0 follicolare del dottor Gur Questa moderna tecnica di trapianto di capelli \u00e8 stata utilizzata dal 2003. Questo trattamento \u00e8 pi\u00f9 avanzato rispetto ai precedenti metodi di trapianto, come il trapianto con raccolta di strisce e FUT. La tecnica FUE \u00e8 un metodo per estrarre o &#8220;raccogliere&#8221; unit\u00e0 follicolari, che contengono da 1 a [&hellip;]<\/p>\n","protected":false},"author":1,"featured_media":0,"parent":0,"menu_order":0,"comment_status":"closed","ping_status":"closed","template":"","meta":{"site-sidebar-layout":"no-sidebar","site-content-layout":"page-builder","ast-site-content-layout":"","site-content-style":"default","site-sidebar-style":"default","ast-global-header-display":"","ast-banner-title-visibility":"","ast-main-header-display":"","ast-hfb-above-header-display":"","ast-hfb-below-header-display":"","ast-hfb-mobile-header-display":"","site-post-title":"disabled","ast-breadcrumbs-content":"","ast-featured-img":"disabled","footer-sml-layout":"","theme-transparent-header-meta":"default","adv-header-id-meta":"","stick-header-meta":"","header-above-stick-meta":"","header-main-stick-meta":"","header-below-stick-meta":"","astra-migrate-meta-layouts":"default","ast-page-background-enabled":"default","ast-page-background-meta":{"desktop":{"background-color":"var(--ast-global-color-4)","background-image":"","background-repeat":"repeat","background-position":"center center","background-size":"auto","background-attachment":"scroll","background-type":"","background-media":"","overlay-type":"","overlay-color":"","overlay-opacity":"","overlay-gradient":""},"tablet":{"background-color":"","background-image":"","background-repeat":"repeat","background-position":"center center","background-size":"auto","background-attachment":"scroll","background-type":"","background-media":"","overlay-type":"","overlay-color":"","overlay-opacity":"","overlay-gradient":""},"mobile":{"background-color":"","background-image":"","background-repeat":"repeat","background-position":"center center","background-size":"auto","background-attachment":"scroll","background-type":"","background-media":"","overlay-type":"","overlay-color":"","overlay-opacity":"","overlay-gradient":""}},"ast-content-background-meta":{"desktop":{"background-color":"var(--ast-global-color-5)","background-image":"","background-repeat":"repeat","background-position":"center center","background-size":"auto","background-attachment":"scroll","background-type":"","background-media":"","overlay-type":"","overlay-color":"","overlay-opacity":"","overlay-gradient":""},"tablet":{"background-color":"var(--ast-global-color-5)","background-image":"","background-repeat":"repeat","background-position":"center center","background-size":"auto","background-attachment":"scroll","background-type":"","background-media":"","overlay-type":"","overlay-color":"","overlay-opacity":"","overlay-gradient":""},"mobile":{"background-color":"var(--ast-global-color-5)","background-image":"","background-repeat":"repeat","background-position":"center center","background-size":"auto","background-attachment":"scroll","background-type":"","background-media":"","overlay-type":"","overlay-color":"","overlay-opacity":"","overlay-gradient":""}},"footnotes":""},"class_list":["post-2401","page","type-page","status-publish","hentry"],"yoast_head":"<!-- This site is optimized with the Yoast SEO plugin v27.4 - https:\/\/yoast.com\/product\/yoast-seo-wordpress\/ -->\n<title>FUE + Apertura dei Canali - FUECAPILAR<\/title>\n<meta name=\"robots\" content=\"index, follow, max-snippet:-1, max-image-preview:large, max-video-preview:-1\" \/>\n<link rel=\"canonical\" href=\"https:\/\/fuecapilar.com\/it\/fue-apertura-dei-canali\/\" \/>\n<meta property=\"og:locale\" content=\"it_IT\" \/>\n<meta property=\"og:type\" content=\"article\" \/>\n<meta property=\"og:title\" content=\"FUE + Apertura dei Canali - FUECAPILAR\" \/>\n<meta property=\"og:description\" content=\"Estrazione dell&#8217;unit\u00e0 follicolare del dottor Gur Questa moderna tecnica di trapianto di capelli \u00e8 stata utilizzata dal 2003. Questo trattamento \u00e8 pi\u00f9 avanzato rispetto ai precedenti metodi di trapianto, come il trapianto con raccolta di strisce e FUT. La tecnica FUE \u00e8 un metodo per estrarre o &#8220;raccogliere&#8221; unit\u00e0 follicolari, che contengono da 1 a [&hellip;]\" \/>\n<meta property=\"og:url\" content=\"https:\/\/fuecapilar.com\/it\/fue-apertura-dei-canali\/\" \/>\n<meta property=\"og:site_name\" content=\"FUECAPILAR\" \/>\n<meta property=\"article:modified_time\" content=\"2023-09-04T08:04:36+00:00\" \/>\n<meta name=\"twitter:card\" content=\"summary_large_image\" \/>\n<meta name=\"twitter:label1\" content=\"Tempo di lettura stimato\" \/>\n\t<meta name=\"twitter:data1\" content=\"3 minuti\" \/>\n<script type=\"application\/ld+json\" class=\"yoast-schema-graph\">{\"@context\":\"https:\\\/\\\/schema.org\",\"@graph\":[{\"@type\":\"WebPage\",\"@id\":\"https:\\\/\\\/fuecapilar.com\\\/it\\\/fue-apertura-dei-canali\\\/\",\"url\":\"https:\\\/\\\/fuecapilar.com\\\/it\\\/fue-apertura-dei-canali\\\/\",\"name\":\"FUE + Apertura dei Canali - FUECAPILAR\",\"isPartOf\":{\"@id\":\"https:\\\/\\\/fuecapilar.com\\\/#website\"},\"datePublished\":\"2023-08-02T11:46:36+00:00\",\"dateModified\":\"2023-09-04T08:04:36+00:00\",\"breadcrumb\":{\"@id\":\"https:\\\/\\\/fuecapilar.com\\\/it\\\/fue-apertura-dei-canali\\\/#breadcrumb\"},\"inLanguage\":\"it-IT\",\"potentialAction\":[{\"@type\":\"ReadAction\",\"target\":[\"https:\\\/\\\/fuecapilar.com\\\/it\\\/fue-apertura-dei-canali\\\/\"]}]},{\"@type\":\"BreadcrumbList\",\"@id\":\"https:\\\/\\\/fuecapilar.com\\\/it\\\/fue-apertura-dei-canali\\\/#breadcrumb\",\"itemListElement\":[{\"@type\":\"ListItem\",\"position\":1,\"name\":\"Home\",\"item\":\"https:\\\/\\\/fuecapilar.com\\\/it\\\/\"},{\"@type\":\"ListItem\",\"position\":2,\"name\":\"FUE + Apertura dei Canali\"}]},{\"@type\":\"WebSite\",\"@id\":\"https:\\\/\\\/fuecapilar.com\\\/#website\",\"url\":\"https:\\\/\\\/fuecapilar.com\\\/\",\"name\":\"FUECAPILAR\",\"description\":\"Surgery performed by a surgeon\",\"publisher\":{\"@id\":\"https:\\\/\\\/fuecapilar.com\\\/#organization\"},\"potentialAction\":[{\"@type\":\"SearchAction\",\"target\":{\"@type\":\"EntryPoint\",\"urlTemplate\":\"https:\\\/\\\/fuecapilar.com\\\/?s={search_term_string}\"},\"query-input\":{\"@type\":\"PropertyValueSpecification\",\"valueRequired\":true,\"valueName\":\"search_term_string\"}}],\"inLanguage\":\"it-IT\"},{\"@type\":\"Organization\",\"@id\":\"https:\\\/\\\/fuecapilar.com\\\/#organization\",\"name\":\"FUECAPILAR\",\"url\":\"https:\\\/\\\/fuecapilar.com\\\/\",\"logo\":{\"@type\":\"ImageObject\",\"inLanguage\":\"it-IT\",\"@id\":\"https:\\\/\\\/fuecapilar.com\\\/#\\\/schema\\\/logo\\\/image\\\/\",\"url\":\"https:\\\/\\\/fuecapilar.com\\\/wp-content\\\/uploads\\\/2023\\\/04\\\/fuecapilar-logo.png\",\"contentUrl\":\"https:\\\/\\\/fuecapilar.com\\\/wp-content\\\/uploads\\\/2023\\\/04\\\/fuecapilar-logo.png\",\"width\":400,\"height\":85,\"caption\":\"FUECAPILAR\"},\"image\":{\"@id\":\"https:\\\/\\\/fuecapilar.com\\\/#\\\/schema\\\/logo\\\/image\\\/\"}}]}<\/script>\n<!-- \/ Yoast SEO plugin. -->","yoast_head_json":{"title":"FUE + Apertura dei Canali - FUECAPILAR","robots":{"index":"index","follow":"follow","max-snippet":"max-snippet:-1","max-image-preview":"max-image-preview:large","max-video-preview":"max-video-preview:-1"},"canonical":"https:\/\/fuecapilar.com\/it\/fue-apertura-dei-canali\/","og_locale":"it_IT","og_type":"article","og_title":"FUE + Apertura dei Canali - FUECAPILAR","og_description":"Estrazione dell&#8217;unit\u00e0 follicolare del dottor Gur Questa moderna tecnica di trapianto di capelli \u00e8 stata utilizzata dal 2003. Questo trattamento \u00e8 pi\u00f9 avanzato rispetto ai precedenti metodi di trapianto, come il trapianto con raccolta di strisce e FUT. La tecnica FUE \u00e8 un metodo per estrarre o &#8220;raccogliere&#8221; unit\u00e0 follicolari, che contengono da 1 a [&hellip;]","og_url":"https:\/\/fuecapilar.com\/it\/fue-apertura-dei-canali\/","og_site_name":"FUECAPILAR","article_modified_time":"2023-09-04T08:04:36+00:00","twitter_card":"summary_large_image","twitter_misc":{"Tempo di lettura stimato":"3 minuti"},"schema":{"@context":"https:\/\/schema.org","@graph":[{"@type":"WebPage","@id":"https:\/\/fuecapilar.com\/it\/fue-apertura-dei-canali\/","url":"https:\/\/fuecapilar.com\/it\/fue-apertura-dei-canali\/","name":"FUE + Apertura dei Canali - FUECAPILAR","isPartOf":{"@id":"https:\/\/fuecapilar.com\/#website"},"datePublished":"2023-08-02T11:46:36+00:00","dateModified":"2023-09-04T08:04:36+00:00","breadcrumb":{"@id":"https:\/\/fuecapilar.com\/it\/fue-apertura-dei-canali\/#breadcrumb"},"inLanguage":"it-IT","potentialAction":[{"@type":"ReadAction","target":["https:\/\/fuecapilar.com\/it\/fue-apertura-dei-canali\/"]}]},{"@type":"BreadcrumbList","@id":"https:\/\/fuecapilar.com\/it\/fue-apertura-dei-canali\/#breadcrumb","itemListElement":[{"@type":"ListItem","position":1,"name":"Home","item":"https:\/\/fuecapilar.com\/it\/"},{"@type":"ListItem","position":2,"name":"FUE + Apertura dei Canali"}]},{"@type":"WebSite","@id":"https:\/\/fuecapilar.com\/#website","url":"https:\/\/fuecapilar.com\/","name":"FUECAPILAR","description":"Surgery performed by a surgeon","publisher":{"@id":"https:\/\/fuecapilar.com\/#organization"},"potentialAction":[{"@type":"SearchAction","target":{"@type":"EntryPoint","urlTemplate":"https:\/\/fuecapilar.com\/?s={search_term_string}"},"query-input":{"@type":"PropertyValueSpecification","valueRequired":true,"valueName":"search_term_string"}}],"inLanguage":"it-IT"},{"@type":"Organization","@id":"https:\/\/fuecapilar.com\/#organization","name":"FUECAPILAR","url":"https:\/\/fuecapilar.com\/","logo":{"@type":"ImageObject","inLanguage":"it-IT","@id":"https:\/\/fuecapilar.com\/#\/schema\/logo\/image\/","url":"https:\/\/fuecapilar.com\/wp-content\/uploads\/2023\/04\/fuecapilar-logo.png","contentUrl":"https:\/\/fuecapilar.com\/wp-content\/uploads\/2023\/04\/fuecapilar-logo.png","width":400,"height":85,"caption":"FUECAPILAR"},"image":{"@id":"https:\/\/fuecapilar.com\/#\/schema\/logo\/image\/"}}]}},"_links":{"self":[{"href":"https:\/\/fuecapilar.com\/it\/wp-json\/wp\/v2\/pages\/2401","targetHints":{"allow":["GET"]}}],"collection":[{"href":"https:\/\/fuecapilar.com\/it\/wp-json\/wp\/v2\/pages"}],"about":[{"href":"https:\/\/fuecapilar.com\/it\/wp-json\/wp\/v2\/types\/page"}],"author":[{"embeddable":true,"href":"https:\/\/fuecapilar.com\/it\/wp-json\/wp\/v2\/users\/1"}],"replies":[{"embeddable":true,"href":"https:\/\/fuecapilar.com\/it\/wp-json\/wp\/v2\/comments?post=2401"}],"version-history":[{"count":1,"href":"https:\/\/fuecapilar.com\/it\/wp-json\/wp\/v2\/pages\/2401\/revisions"}],"predecessor-version":[{"id":2402,"href":"https:\/\/fuecapilar.com\/it\/wp-json\/wp\/v2\/pages\/2401\/revisions\/2402"}],"wp:attachment":[{"href":"https:\/\/fuecapilar.com\/it\/wp-json\/wp\/v2\/media?parent=2401"}],"curies":[{"name":"wp","href":"https:\/\/api.w.org\/{rel}","templated":true}]}}