{"id":2403,"date":"2023-08-02T11:57:19","date_gmt":"2023-08-02T11:57:19","guid":{"rendered":"https:\/\/fuecapilar.com\/fue-implanter-pen\/"},"modified":"2023-09-04T08:09:45","modified_gmt":"2023-09-04T08:09:45","slug":"fue-implanter-pen","status":"publish","type":"page","link":"https:\/\/fuecapilar.com\/it\/fue-implanter-pen\/","title":{"rendered":"FUE + Implanter Pen"},"content":{"rendered":"\t\t<div data-elementor-type=\"wp-page\" data-elementor-id=\"2403\" class=\"elementor elementor-2403 elementor-396\" data-elementor-post-type=\"page\">\n\t\t\t\t\t\t<section class=\"elementor-section elementor-top-section elementor-element elementor-element-04cc337 elementor-section-boxed elementor-section-height-default elementor-section-height-default\" data-id=\"04cc337\" data-element_type=\"section\" data-e-type=\"section\">\n\t\t\t\t\t\t<div class=\"elementor-container elementor-column-gap-default\">\n\t\t\t\t\t<div class=\"elementor-column elementor-col-100 elementor-top-column elementor-element elementor-element-340fd66\" data-id=\"340fd66\" data-element_type=\"column\" data-e-type=\"column\">\n\t\t\t<div class=\"elementor-widget-wrap elementor-element-populated\">\n\t\t\t\t\t\t<div class=\"elementor-element elementor-element-fde8979 elementor-widget elementor-widget-heading\" data-id=\"fde8979\" data-element_type=\"widget\" data-e-type=\"widget\" data-widget_type=\"heading.default\">\n\t\t\t\t<div class=\"elementor-widget-container\">\n\t\t\t\t\t<h2 class=\"elementor-heading-title elementor-size-default\">Estrazione di unit\u00e0 follicolari dal team del dottor Turan<\/h2>\t\t\t\t<\/div>\n\t\t\t\t<\/div>\n\t\t\t\t<div class=\"elementor-element elementor-element-be52c8e elementor-widget elementor-widget-text-editor\" data-id=\"be52c8e\" data-element_type=\"widget\" data-e-type=\"widget\" data-widget_type=\"text-editor.default\">\n\t\t\t\t<div class=\"elementor-widget-container\">\n\t\t\t\t\t\t\t\t\t<p><span style=\"font-weight: 400;\">Al fine di aumentare il tasso di sopravvivenza dell&#8217;unit\u00e0 follicolare, il Dr. Dogan Turan e il suo team seguono alcune pratiche mediche e non mediche<\/span><span style=\"font-weight: 400;\">.<\/span><\/p>\n\t\t\t\t\t\t\t\t<\/div>\n\t\t\t\t<\/div>\n\t\t\t\t\t<\/div>\n\t\t<\/div>\n\t\t\t\t\t<\/div>\n\t\t<\/section>\n\t\t\t\t<section class=\"elementor-section elementor-top-section elementor-element elementor-element-e38b414 elementor-section-boxed elementor-section-height-default elementor-section-height-default\" data-id=\"e38b414\" data-element_type=\"section\" data-e-type=\"section\">\n\t\t\t\t\t\t<div class=\"elementor-container elementor-column-gap-default\">\n\t\t\t\t\t<div class=\"elementor-column elementor-col-100 elementor-top-column elementor-element elementor-element-9f9dc38\" data-id=\"9f9dc38\" data-element_type=\"column\" data-e-type=\"column\">\n\t\t\t<div class=\"elementor-widget-wrap elementor-element-populated\">\n\t\t\t\t\t\t<div class=\"elementor-element elementor-element-48bf7a7 elementor-widget elementor-widget-heading\" data-id=\"48bf7a7\" data-element_type=\"widget\" data-e-type=\"widget\" data-widget_type=\"heading.default\">\n\t\t\t\t<div class=\"elementor-widget-container\">\n\t\t\t\t\t<h2 class=\"elementor-heading-title elementor-size-default\">Metodo di estrazione FUE ibrido con punch manuale e motorizzato:<\/h2>\t\t\t\t<\/div>\n\t\t\t\t<\/div>\n\t\t\t\t<div class=\"elementor-element elementor-element-a7b3487 elementor-widget elementor-widget-text-editor\" data-id=\"a7b3487\" data-element_type=\"widget\" data-e-type=\"widget\" data-widget_type=\"text-editor.default\">\n\t\t\t\t<div class=\"elementor-widget-container\">\n\t\t\t\t\t\t\t\t\t<p><span style=\"font-weight: 400;\">Il team del Dr. Turan utilizza un metodo di estrazione ibrido in cui vengono utilizzati sia il punzone manuale che quello micromotore. <\/span><\/p>\n<p><b>Il punzone manuale consente una migliore comprensione della resistenza dei tessuti e della posizione\/angolo del follicolo.<\/b><span style=\"font-weight: 400;\">. Aiuta anche a ridurre il danno follicolare associato al calore, alla torsione e all&#8217;attrito creati dai dispositivi motorizzati. <\/span><\/p>\n<p><b>La FUE motorizzata aiuta ad estrarre pi\u00f9 <\/b><span style=\"font-weight: 400;\"> unit\u00e0 follicolari all&#8217;ora con conseguente riduzione del tempo e della fatica. <\/span><\/p>\n\t\t\t\t\t\t\t\t<\/div>\n\t\t\t\t<\/div>\n\t\t\t\t\t<\/div>\n\t\t<\/div>\n\t\t\t\t\t<\/div>\n\t\t<\/section>\n\t\t\t\t<section class=\"elementor-section elementor-top-section elementor-element elementor-element-c9e812a elementor-section-boxed elementor-section-height-default elementor-section-height-default\" data-id=\"c9e812a\" data-element_type=\"section\" data-e-type=\"section\">\n\t\t\t\t\t\t<div class=\"elementor-container elementor-column-gap-default\">\n\t\t\t\t\t<div class=\"elementor-column elementor-col-100 elementor-top-column elementor-element elementor-element-957b485\" data-id=\"957b485\" data-element_type=\"column\" data-e-type=\"column\">\n\t\t\t<div class=\"elementor-widget-wrap elementor-element-populated\">\n\t\t\t\t\t\t<div class=\"elementor-element elementor-element-eb06e96 elementor-widget elementor-widget-heading\" data-id=\"eb06e96\" data-element_type=\"widget\" data-e-type=\"widget\" data-widget_type=\"heading.default\">\n\t\t\t\t<div class=\"elementor-widget-container\">\n\t\t\t\t\t<h2 class=\"elementor-heading-title elementor-size-default\">Dimensione del punzone appropriata<\/h2>\t\t\t\t<\/div>\n\t\t\t\t<\/div>\n\t\t\t\t<div class=\"elementor-element elementor-element-f3810b1 elementor-widget elementor-widget-text-editor\" data-id=\"f3810b1\" data-element_type=\"widget\" data-e-type=\"widget\" data-widget_type=\"text-editor.default\">\n\t\t\t\t<div class=\"elementor-widget-container\">\n\t\t\t\t\t\t\t\t\t<p><span style=\"font-weight: 400;\">Durante la consultazione,<\/span> <b>vengono prelevati campioni di capelli<\/b> <span style=\"font-weight: 400;\">del donatore e viene calcolato lo spessore dei capelli in modo da poter determinare la<\/span> <b>dimensione del punzone pertinente<\/b> <b>(tra 0,7 mm e 0,9 mm) i<\/b><span style=\"font-weight: 400;\">n base al calibro dei capelli del paziente.<\/span> <\/p>\n<p><span style=\"font-weight: 400;\">Utilizzando la giusta dimensione del punzone, miriamo a prevenire qualsiasi danno permanente nell&#8217;area donatrice, non solo all&#8217;innesto estratto ma anche agli innesti circostanti che non vengono estratti (nota anche come transezione). <\/span><\/p>\n\t\t\t\t\t\t\t\t<\/div>\n\t\t\t\t<\/div>\n\t\t\t\t\t<\/div>\n\t\t<\/div>\n\t\t\t\t\t<\/div>\n\t\t<\/section>\n\t\t\t\t<section class=\"elementor-section elementor-top-section elementor-element elementor-element-4259421 elementor-section-boxed elementor-section-height-default elementor-section-height-default\" data-id=\"4259421\" data-element_type=\"section\" data-e-type=\"section\">\n\t\t\t\t\t\t<div class=\"elementor-container elementor-column-gap-default\">\n\t\t\t\t\t<div class=\"elementor-column elementor-col-100 elementor-top-column elementor-element elementor-element-5018c95\" data-id=\"5018c95\" data-element_type=\"column\" data-e-type=\"column\">\n\t\t\t<div class=\"elementor-widget-wrap elementor-element-populated\">\n\t\t\t\t\t\t<div class=\"elementor-element elementor-element-8a979d3 elementor-widget elementor-widget-heading\" data-id=\"8a979d3\" data-element_type=\"widget\" data-e-type=\"widget\" data-widget_type=\"heading.default\">\n\t\t\t\t<div class=\"elementor-widget-container\">\n\t\t\t\t\t<h2 class=\"elementor-heading-title elementor-size-default\">Estrazione e impianto in pi\u00f9 fasi<\/h2>\t\t\t\t<\/div>\n\t\t\t\t<\/div>\n\t\t\t\t<div class=\"elementor-element elementor-element-b77e26d elementor-widget elementor-widget-text-editor\" data-id=\"b77e26d\" data-element_type=\"widget\" data-e-type=\"widget\" data-widget_type=\"text-editor.default\">\n\t\t\t\t<div class=\"elementor-widget-container\">\n\t\t\t\t\t\t\t\t\t<p><span style=\"font-weight: 400;\">Il Dr. Turan e il suo team eseguono l&#8217;estrazione e l&#8217;impianto in fasi (in 2-3 fasi)<\/span> <b>per garantire che gli innesti non rimangano a lungo fuori dal cuoio capelluto<\/b> <span style=\"font-weight: 400;\">(che \u00e8 direttamente correlato al tasso di sopravvivenza dell&#8217;innesto).<\/span> <\/p>\n<p><span style=\"font-weight: 400;\">In uno dei primi e pi\u00f9 qualificati studi sulle unit\u00e0 follicolari (1992), hanno registrato i seguenti tassi di sopravvivenza in tempi diversi:<\/span><\/p>\n<ol>\n<li style=\"font-weight: 400;\" aria-level=\"3\"><span style=\"font-weight: 400;\">2 ore: tasso di sopravvivenza dell&#8217;innesto del 95%.<\/span><\/li>\n<li style=\"font-weight: 400;\" aria-level=\"3\"><span style=\"font-weight: 400;\">4 ore: tasso di sopravvivenza dell&#8217;innesto del 90%.<\/span><\/li>\n<li style=\"font-weight: 400;\" aria-level=\"3\"><span style=\"font-weight: 400;\">6 ore: tasso di sopravvivenza dell&#8217;innesto dell&#8217;86%.<\/span><\/li>\n<\/ol>\n\t\t\t\t\t\t\t\t<\/div>\n\t\t\t\t<\/div>\n\t\t\t\t\t<\/div>\n\t\t<\/div>\n\t\t\t\t\t<\/div>\n\t\t<\/section>\n\t\t\t\t<section class=\"elementor-section elementor-top-section elementor-element elementor-element-cd5fd12 elementor-section-boxed elementor-section-height-default elementor-section-height-default\" data-id=\"cd5fd12\" data-element_type=\"section\" data-e-type=\"section\">\n\t\t\t\t\t\t<div class=\"elementor-container elementor-column-gap-default\">\n\t\t\t\t\t<div class=\"elementor-column elementor-col-100 elementor-top-column elementor-element elementor-element-c471c7c\" data-id=\"c471c7c\" data-element_type=\"column\" data-e-type=\"column\">\n\t\t\t<div class=\"elementor-widget-wrap elementor-element-populated\">\n\t\t\t\t\t\t<div class=\"elementor-element elementor-element-550666b elementor-widget elementor-widget-heading\" data-id=\"550666b\" data-element_type=\"widget\" data-e-type=\"widget\" data-widget_type=\"heading.default\">\n\t\t\t\t<div class=\"elementor-widget-container\">\n\t\t\t\t\t<h2 class=\"elementor-heading-title elementor-size-default\">Utilizzo del microscopio per la selezione del singolo follicolo pilifero:\n<\/h2>\t\t\t\t<\/div>\n\t\t\t\t<\/div>\n\t\t\t\t<div class=\"elementor-element elementor-element-130c0d0 elementor-widget elementor-widget-text-editor\" data-id=\"130c0d0\" data-element_type=\"widget\" data-e-type=\"widget\" data-widget_type=\"text-editor.default\">\n\t\t\t\t<div class=\"elementor-widget-container\">\n\t\t\t\t\t\t\t\t\t<p><span style=\"font-weight: 400;\">Oltre a questo, per garantire la creazione di un&#8217;attaccatura naturale, durante la fase di impianto, utilizziamo un microscopio digitale per selezionare i follicoli da 1 capello da utilizzare sull&#8217;attaccatura dei capelli.<\/span><\/p><\/p>\n\t\t\t\t\t\t\t\t<\/div>\n\t\t\t\t<\/div>\n\t\t\t\t\t<\/div>\n\t\t<\/div>\n\t\t\t\t\t<\/div>\n\t\t<\/section>\n\t\t\t\t<section class=\"elementor-section elementor-top-section elementor-element elementor-element-39ae3cb elementor-section-boxed elementor-section-height-default elementor-section-height-default\" data-id=\"39ae3cb\" data-element_type=\"section\" data-e-type=\"section\">\n\t\t\t\t\t\t<div class=\"elementor-container elementor-column-gap-default\">\n\t\t\t\t\t<div class=\"elementor-column elementor-col-100 elementor-top-column elementor-element elementor-element-fc39d76\" data-id=\"fc39d76\" data-element_type=\"column\" data-e-type=\"column\">\n\t\t\t<div class=\"elementor-widget-wrap elementor-element-populated\">\n\t\t\t\t\t\t<div class=\"elementor-element elementor-element-7f1e167 elementor-widget elementor-widget-heading\" data-id=\"7f1e167\" data-element_type=\"widget\" data-e-type=\"widget\" data-widget_type=\"heading.default\">\n\t\t\t\t<div class=\"elementor-widget-container\">\n\t\t\t\t\t<h2 class=\"elementor-heading-title elementor-size-default\">Fase di impianto del Dr Turan<\/h2>\t\t\t\t<\/div>\n\t\t\t\t<\/div>\n\t\t\t\t<div class=\"elementor-element elementor-element-f12ca1d elementor-widget elementor-widget-text-editor\" data-id=\"f12ca1d\" data-element_type=\"widget\" data-e-type=\"widget\" data-widget_type=\"text-editor.default\">\n\t\t\t\t<div class=\"elementor-widget-container\">\n\t\t\t\t\t\t\t\t\t<p><span style=\"font-weight: 400;\">Implanter Pen Technique (nota anche come Choi Pen Technique) \u00e8 l&#8217;impianto degli innesti raccolti nell&#8217;area ricevente utilizzando la penna implanter. <\/span><\/p>\n<p><span style=\"font-weight: 400;\">L&#8217;impiantatore \u00e8 uno strumento simile a una penna con un ago cavo su una delle sue estremit\u00e0. Le unit\u00e0 follicolari vengono impiantate una ad una direttamente nell&#8217;area del trapianto in una specifica direzione, angolo e profondit\u00e0.<\/span><span style=\"font-weight: 400;\">.<\/span><\/p>\n<p><span style=\"font-weight: 400;\">L&#8217;uso della penna dell&#8217;impiantatore fornisce contemporaneamente incisioni del canale e stadi di deposito, il che si traduce in una diminuzione del trauma e della perdita di sangue durante il trapianto. La riduzione del trauma potrebbe significare una guarigione pi\u00f9 rapida e un tasso di sopravvivenza dell&#8217;innesto significativamente pi\u00f9 elevato.<\/span><\/p>\n<p><span style=\"font-weight: 400;\">Utilizzando la penna implanter per impiantare le unit\u00e0 follicolari, vengono impiantate una ad una direttamente nell&#8217;area del trapianto, i vantaggi di questa tecnica:<\/span><\/p>\n<ul>\n<li style=\"font-weight: 400;\" aria-level=\"1\"><span style=\"font-weight: 400;\">I fori di incisione (apertura del canale) non sono richiesti, quindi:<\/span>\n<ul>\n<li style=\"font-weight: 400;\" aria-level=\"2\"><span style=\"font-weight: 400;\">L&#8217;area del trapianto sanguina meno e guarisce pi\u00f9 velocemente.<\/span><\/li>\n<li style=\"font-weight: 400;\" aria-level=\"2\"><span style=\"font-weight: 400;\">C&#8217;\u00e8 meno trauma nel cuoio capelluto.<\/span><span style=\"font-weight: 400;\">\n<p><\/span><\/li>\n<\/ul>\n<\/li>\n<li style=\"font-weight: 400;\" aria-level=\"1\"><span style=\"font-weight: 400;\">Poich\u00e9 la punta dell&#8217;impiantatore \u00e8 molto sottile (0,7 &#8211; 1 mm), il chirurgo pu\u00f2:<\/span>\n<ul>\n<li style=\"font-weight: 400;\" aria-level=\"2\"><span style=\"font-weight: 400;\">Aprire canali pi\u00f9 piccoli che forniscono una maggiore densit\u00e0. <\/span><\/li>\n<li style=\"font-weight: 400;\" aria-level=\"2\"><span style=\"font-weight: 400;\">Regola la penna in diverse angolazioni, che consente un aspetto naturale.<\/span><\/li>\n<\/ul>\n<\/li>\n<\/ul>\n\t\t\t\t\t\t\t\t<\/div>\n\t\t\t\t<\/div>\n\t\t\t\t\t<\/div>\n\t\t<\/div>\n\t\t\t\t\t<\/div>\n\t\t<\/section>\n\t\t\t\t<\/div>\n\t\t","protected":false},"excerpt":{"rendered":"<p>Estrazione di unit\u00e0 follicolari dal team del dottor Turan Al fine di aumentare il tasso di sopravvivenza dell&#8217;unit\u00e0 follicolare, il Dr. Dogan Turan e il suo team seguono alcune pratiche mediche e non mediche. Metodo di estrazione FUE ibrido con punch manuale e motorizzato: Il team del Dr. Turan utilizza un metodo di estrazione ibrido [&hellip;]<\/p>\n","protected":false},"author":1,"featured_media":0,"parent":0,"menu_order":0,"comment_status":"closed","ping_status":"closed","template":"","meta":{"site-sidebar-layout":"no-sidebar","site-content-layout":"page-builder","ast-site-content-layout":"","site-content-style":"default","site-sidebar-style":"default","ast-global-header-display":"","ast-banner-title-visibility":"","ast-main-header-display":"","ast-hfb-above-header-display":"","ast-hfb-below-header-display":"","ast-hfb-mobile-header-display":"","site-post-title":"disabled","ast-breadcrumbs-content":"","ast-featured-img":"disabled","footer-sml-layout":"","theme-transparent-header-meta":"default","adv-header-id-meta":"","stick-header-meta":"","header-above-stick-meta":"","header-main-stick-meta":"","header-below-stick-meta":"","astra-migrate-meta-layouts":"default","ast-page-background-enabled":"default","ast-page-background-meta":{"desktop":{"background-color":"var(--ast-global-color-4)","background-image":"","background-repeat":"repeat","background-position":"center center","background-size":"auto","background-attachment":"scroll","background-type":"","background-media":"","overlay-type":"","overlay-color":"","overlay-opacity":"","overlay-gradient":""},"tablet":{"background-color":"","background-image":"","background-repeat":"repeat","background-position":"center center","background-size":"auto","background-attachment":"scroll","background-type":"","background-media":"","overlay-type":"","overlay-color":"","overlay-opacity":"","overlay-gradient":""},"mobile":{"background-color":"","background-image":"","background-repeat":"repeat","background-position":"center center","background-size":"auto","background-attachment":"scroll","background-type":"","background-media":"","overlay-type":"","overlay-color":"","overlay-opacity":"","overlay-gradient":""}},"ast-content-background-meta":{"desktop":{"background-color":"var(--ast-global-color-5)","background-image":"","background-repeat":"repeat","background-position":"center center","background-size":"auto","background-attachment":"scroll","background-type":"","background-media":"","overlay-type":"","overlay-color":"","overlay-opacity":"","overlay-gradient":""},"tablet":{"background-color":"var(--ast-global-color-5)","background-image":"","background-repeat":"repeat","background-position":"center center","background-size":"auto","background-attachment":"scroll","background-type":"","background-media":"","overlay-type":"","overlay-color":"","overlay-opacity":"","overlay-gradient":""},"mobile":{"background-color":"var(--ast-global-color-5)","background-image":"","background-repeat":"repeat","background-position":"center center","background-size":"auto","background-attachment":"scroll","background-type":"","background-media":"","overlay-type":"","overlay-color":"","overlay-opacity":"","overlay-gradient":""}},"footnotes":""},"class_list":["post-2403","page","type-page","status-publish","hentry"],"yoast_head":"<!-- This site is optimized with the Yoast SEO plugin v27.4 - https:\/\/yoast.com\/product\/yoast-seo-wordpress\/ -->\n<title>FUE + Implanter Pen - FUECAPILAR<\/title>\n<meta name=\"robots\" content=\"index, follow, max-snippet:-1, max-image-preview:large, max-video-preview:-1\" \/>\n<link rel=\"canonical\" href=\"https:\/\/fuecapilar.com\/it\/fue-implanter-pen\/\" \/>\n<meta property=\"og:locale\" content=\"it_IT\" \/>\n<meta property=\"og:type\" content=\"article\" \/>\n<meta property=\"og:title\" content=\"FUE + Implanter Pen - FUECAPILAR\" \/>\n<meta property=\"og:description\" content=\"Estrazione di unit\u00e0 follicolari dal team del dottor Turan Al fine di aumentare il tasso di sopravvivenza dell&#8217;unit\u00e0 follicolare, il Dr. Dogan Turan e il suo team seguono alcune pratiche mediche e non mediche. Metodo di estrazione FUE ibrido con punch manuale e motorizzato: Il team del Dr. Turan utilizza un metodo di estrazione ibrido [&hellip;]\" \/>\n<meta property=\"og:url\" content=\"https:\/\/fuecapilar.com\/it\/fue-implanter-pen\/\" \/>\n<meta property=\"og:site_name\" content=\"FUECAPILAR\" \/>\n<meta property=\"article:modified_time\" content=\"2023-09-04T08:09:45+00:00\" \/>\n<meta name=\"twitter:card\" content=\"summary_large_image\" \/>\n<meta name=\"twitter:label1\" content=\"Tempo di lettura stimato\" \/>\n\t<meta name=\"twitter:data1\" content=\"3 minuti\" \/>\n<script type=\"application\/ld+json\" class=\"yoast-schema-graph\">{\"@context\":\"https:\\\/\\\/schema.org\",\"@graph\":[{\"@type\":\"WebPage\",\"@id\":\"https:\\\/\\\/fuecapilar.com\\\/it\\\/fue-implanter-pen\\\/\",\"url\":\"https:\\\/\\\/fuecapilar.com\\\/it\\\/fue-implanter-pen\\\/\",\"name\":\"FUE + Implanter Pen - FUECAPILAR\",\"isPartOf\":{\"@id\":\"https:\\\/\\\/fuecapilar.com\\\/#website\"},\"datePublished\":\"2023-08-02T11:57:19+00:00\",\"dateModified\":\"2023-09-04T08:09:45+00:00\",\"breadcrumb\":{\"@id\":\"https:\\\/\\\/fuecapilar.com\\\/it\\\/fue-implanter-pen\\\/#breadcrumb\"},\"inLanguage\":\"it-IT\",\"potentialAction\":[{\"@type\":\"ReadAction\",\"target\":[\"https:\\\/\\\/fuecapilar.com\\\/it\\\/fue-implanter-pen\\\/\"]}]},{\"@type\":\"BreadcrumbList\",\"@id\":\"https:\\\/\\\/fuecapilar.com\\\/it\\\/fue-implanter-pen\\\/#breadcrumb\",\"itemListElement\":[{\"@type\":\"ListItem\",\"position\":1,\"name\":\"Home\",\"item\":\"https:\\\/\\\/fuecapilar.com\\\/it\\\/\"},{\"@type\":\"ListItem\",\"position\":2,\"name\":\"FUE + Implanter Pen\"}]},{\"@type\":\"WebSite\",\"@id\":\"https:\\\/\\\/fuecapilar.com\\\/#website\",\"url\":\"https:\\\/\\\/fuecapilar.com\\\/\",\"name\":\"FUECAPILAR\",\"description\":\"Surgery performed by a surgeon\",\"publisher\":{\"@id\":\"https:\\\/\\\/fuecapilar.com\\\/#organization\"},\"potentialAction\":[{\"@type\":\"SearchAction\",\"target\":{\"@type\":\"EntryPoint\",\"urlTemplate\":\"https:\\\/\\\/fuecapilar.com\\\/?s={search_term_string}\"},\"query-input\":{\"@type\":\"PropertyValueSpecification\",\"valueRequired\":true,\"valueName\":\"search_term_string\"}}],\"inLanguage\":\"it-IT\"},{\"@type\":\"Organization\",\"@id\":\"https:\\\/\\\/fuecapilar.com\\\/#organization\",\"name\":\"FUECAPILAR\",\"url\":\"https:\\\/\\\/fuecapilar.com\\\/\",\"logo\":{\"@type\":\"ImageObject\",\"inLanguage\":\"it-IT\",\"@id\":\"https:\\\/\\\/fuecapilar.com\\\/#\\\/schema\\\/logo\\\/image\\\/\",\"url\":\"https:\\\/\\\/fuecapilar.com\\\/wp-content\\\/uploads\\\/2023\\\/04\\\/fuecapilar-logo.png\",\"contentUrl\":\"https:\\\/\\\/fuecapilar.com\\\/wp-content\\\/uploads\\\/2023\\\/04\\\/fuecapilar-logo.png\",\"width\":400,\"height\":85,\"caption\":\"FUECAPILAR\"},\"image\":{\"@id\":\"https:\\\/\\\/fuecapilar.com\\\/#\\\/schema\\\/logo\\\/image\\\/\"}}]}<\/script>\n<!-- \/ Yoast SEO plugin. -->","yoast_head_json":{"title":"FUE + Implanter Pen - FUECAPILAR","robots":{"index":"index","follow":"follow","max-snippet":"max-snippet:-1","max-image-preview":"max-image-preview:large","max-video-preview":"max-video-preview:-1"},"canonical":"https:\/\/fuecapilar.com\/it\/fue-implanter-pen\/","og_locale":"it_IT","og_type":"article","og_title":"FUE + Implanter Pen - FUECAPILAR","og_description":"Estrazione di unit\u00e0 follicolari dal team del dottor Turan Al fine di aumentare il tasso di sopravvivenza dell&#8217;unit\u00e0 follicolare, il Dr. Dogan Turan e il suo team seguono alcune pratiche mediche e non mediche. Metodo di estrazione FUE ibrido con punch manuale e motorizzato: Il team del Dr. Turan utilizza un metodo di estrazione ibrido [&hellip;]","og_url":"https:\/\/fuecapilar.com\/it\/fue-implanter-pen\/","og_site_name":"FUECAPILAR","article_modified_time":"2023-09-04T08:09:45+00:00","twitter_card":"summary_large_image","twitter_misc":{"Tempo di lettura stimato":"3 minuti"},"schema":{"@context":"https:\/\/schema.org","@graph":[{"@type":"WebPage","@id":"https:\/\/fuecapilar.com\/it\/fue-implanter-pen\/","url":"https:\/\/fuecapilar.com\/it\/fue-implanter-pen\/","name":"FUE + Implanter Pen - FUECAPILAR","isPartOf":{"@id":"https:\/\/fuecapilar.com\/#website"},"datePublished":"2023-08-02T11:57:19+00:00","dateModified":"2023-09-04T08:09:45+00:00","breadcrumb":{"@id":"https:\/\/fuecapilar.com\/it\/fue-implanter-pen\/#breadcrumb"},"inLanguage":"it-IT","potentialAction":[{"@type":"ReadAction","target":["https:\/\/fuecapilar.com\/it\/fue-implanter-pen\/"]}]},{"@type":"BreadcrumbList","@id":"https:\/\/fuecapilar.com\/it\/fue-implanter-pen\/#breadcrumb","itemListElement":[{"@type":"ListItem","position":1,"name":"Home","item":"https:\/\/fuecapilar.com\/it\/"},{"@type":"ListItem","position":2,"name":"FUE + Implanter Pen"}]},{"@type":"WebSite","@id":"https:\/\/fuecapilar.com\/#website","url":"https:\/\/fuecapilar.com\/","name":"FUECAPILAR","description":"Surgery performed by a surgeon","publisher":{"@id":"https:\/\/fuecapilar.com\/#organization"},"potentialAction":[{"@type":"SearchAction","target":{"@type":"EntryPoint","urlTemplate":"https:\/\/fuecapilar.com\/?s={search_term_string}"},"query-input":{"@type":"PropertyValueSpecification","valueRequired":true,"valueName":"search_term_string"}}],"inLanguage":"it-IT"},{"@type":"Organization","@id":"https:\/\/fuecapilar.com\/#organization","name":"FUECAPILAR","url":"https:\/\/fuecapilar.com\/","logo":{"@type":"ImageObject","inLanguage":"it-IT","@id":"https:\/\/fuecapilar.com\/#\/schema\/logo\/image\/","url":"https:\/\/fuecapilar.com\/wp-content\/uploads\/2023\/04\/fuecapilar-logo.png","contentUrl":"https:\/\/fuecapilar.com\/wp-content\/uploads\/2023\/04\/fuecapilar-logo.png","width":400,"height":85,"caption":"FUECAPILAR"},"image":{"@id":"https:\/\/fuecapilar.com\/#\/schema\/logo\/image\/"}}]}},"_links":{"self":[{"href":"https:\/\/fuecapilar.com\/it\/wp-json\/wp\/v2\/pages\/2403","targetHints":{"allow":["GET"]}}],"collection":[{"href":"https:\/\/fuecapilar.com\/it\/wp-json\/wp\/v2\/pages"}],"about":[{"href":"https:\/\/fuecapilar.com\/it\/wp-json\/wp\/v2\/types\/page"}],"author":[{"embeddable":true,"href":"https:\/\/fuecapilar.com\/it\/wp-json\/wp\/v2\/users\/1"}],"replies":[{"embeddable":true,"href":"https:\/\/fuecapilar.com\/it\/wp-json\/wp\/v2\/comments?post=2403"}],"version-history":[{"count":1,"href":"https:\/\/fuecapilar.com\/it\/wp-json\/wp\/v2\/pages\/2403\/revisions"}],"predecessor-version":[{"id":2404,"href":"https:\/\/fuecapilar.com\/it\/wp-json\/wp\/v2\/pages\/2403\/revisions\/2404"}],"wp:attachment":[{"href":"https:\/\/fuecapilar.com\/it\/wp-json\/wp\/v2\/media?parent=2403"}],"curies":[{"name":"wp","href":"https:\/\/api.w.org\/{rel}","templated":true}]}}